{"id":134,"date":"2025-12-02T21:02:54","date_gmt":"2025-12-02T20:02:54","guid":{"rendered":"https:\/\/essc-online.de\/v1\/?page_id=134"},"modified":"2025-12-02T21:02:55","modified_gmt":"2025-12-02T20:02:55","slug":"der-verein","status":"publish","type":"page","link":"https:\/\/essc-online.de\/v1\/der-verein\/","title":{"rendered":"Der Verein"},"content":{"rendered":"\n<hr class=\"wp-block-separator has-alpha-channel-opacity\"\/>\n\n\n\n<p>Hier finden Sie Infos zum Verein und seinen Menschen:<\/p>\n\n\n\n<p><a href=\"https:\/\/www.essc-online.de\/www.essc-online.de\/verein\/vorstand\/index.html\">Vorstand<\/a><\/p>\n\n\n\n<p><a href=\"https:\/\/www.essc-online.de\/www.essc-online.de\/verein\/%c3%bcbungsplan\/index.html\">\u00dcbungsplan<\/a><\/p>\n\n\n\n<p><a href=\"https:\/\/www.essc-online.de\/www.essc-online.de\/verein\/anschriften-%c3%bcbungsst%c3%a4tten\/index.html\">Anschriften der \u00dcbungsst\u00e4tten<\/a><\/p>\n\n\n\n<p><a href=\"https:\/\/www.essc-online.de\/www.essc-online.de\/verein\/satzung\/index.html\">Satzung<\/a><\/p>\n\n\n\n<p><a href=\"https:\/\/www.essc-online.de\/www.essc-online.de\/verein\/beitr%c3%a4ge\/index.html\">Beitr\u00e4ge<\/a><\/p>\n\n\n\n<p><a href=\"https:\/\/www.essc-online.de\/www.essc-online.de\/verein\/vereinsheft\/index.html\">Vereinsheft &#8222;Der Sodener Schwimmer&#8220;<\/a><\/p>\n\n\n\n<p><a href=\"https:\/\/www.essc-online.de\/www.essc-online.de\/verein\/historie\/index.html\">Historie des ESSC<\/a><\/p>\n","protected":false},"excerpt":{"rendered":"<p>Hier finden Sie Infos zum Verein und seinen Menschen: Vorstand \u00dcbungsplan Anschriften der \u00dcbungsst\u00e4tten Satzung Beitr\u00e4ge Vereinsheft &#8222;Der Sodener Schwimmer&#8220; Historie des ESSC<\/p>\n","protected":false},"author":1,"featured_media":0,"parent":0,"menu_order":0,"comment_status":"closed","ping_status":"closed","template":"","meta":{"footnotes":""},"class_list":["post-134","page","type-page","status-publish","hentry"],"yoast_head":"<!-- This site is optimized with the Yoast SEO plugin v27.4 - https:\/\/yoast.com\/product\/yoast-seo-wordpress\/ -->\n<title>Der Verein - Erster Sodener Schwimm-Club 1927 e.V.<\/title>\n<meta name=\"robots\" content=\"index, follow, max-snippet:-1, max-image-preview:large, max-video-preview:-1\" \/>\n<link rel=\"canonical\" href=\"https:\/\/essc-online.de\/v1\/der-verein\/\" \/>\n<meta property=\"og:locale\" content=\"de_DE\" \/>\n<meta property=\"og:type\" content=\"article\" \/>\n<meta property=\"og:title\" content=\"Der Verein - Erster Sodener Schwimm-Club 1927 e.V.\" \/>\n<meta property=\"og:description\" content=\"Hier finden Sie Infos zum Verein und seinen Menschen: Vorstand \u00dcbungsplan Anschriften der \u00dcbungsst\u00e4tten Satzung Beitr\u00e4ge Vereinsheft &#8222;Der Sodener Schwimmer&#8220; Historie des ESSC\" \/>\n<meta property=\"og:url\" content=\"https:\/\/essc-online.de\/v1\/der-verein\/\" \/>\n<meta property=\"og:site_name\" content=\"Erster Sodener Schwimm-Club 1927 e.V.\" \/>\n<meta property=\"article:modified_time\" content=\"2025-12-02T20:02:55+00:00\" \/>\n<meta name=\"twitter:card\" content=\"summary_large_image\" \/>\n<meta name=\"twitter:label1\" content=\"Gesch\u00e4tzte Lesezeit\" \/>\n\t<meta name=\"twitter:data1\" content=\"1\u00a0Minute\" \/>\n<script type=\"application\/ld+json\" class=\"yoast-schema-graph\">{\"@context\":\"https:\\\/\\\/schema.org\",\"@graph\":[{\"@type\":\"WebPage\",\"@id\":\"https:\\\/\\\/essc-online.de\\\/v1\\\/der-verein\\\/\",\"url\":\"https:\\\/\\\/essc-online.de\\\/v1\\\/der-verein\\\/\",\"name\":\"Der Verein - Erster Sodener Schwimm-Club 1927 e.V.\",\"isPartOf\":{\"@id\":\"https:\\\/\\\/essc-online.de\\\/v1\\\/#website\"},\"datePublished\":\"2025-12-02T20:02:54+00:00\",\"dateModified\":\"2025-12-02T20:02:55+00:00\",\"breadcrumb\":{\"@id\":\"https:\\\/\\\/essc-online.de\\\/v1\\\/der-verein\\\/#breadcrumb\"},\"inLanguage\":\"de\",\"potentialAction\":[{\"@type\":\"ReadAction\",\"target\":[\"https:\\\/\\\/essc-online.de\\\/v1\\\/der-verein\\\/\"]}]},{\"@type\":\"BreadcrumbList\",\"@id\":\"https:\\\/\\\/essc-online.de\\\/v1\\\/der-verein\\\/#breadcrumb\",\"itemListElement\":[{\"@type\":\"ListItem\",\"position\":1,\"name\":\"Startseite\",\"item\":\"https:\\\/\\\/essc-online.de\\\/v1\\\/\"},{\"@type\":\"ListItem\",\"position\":2,\"name\":\"Der Verein\"}]},{\"@type\":\"WebSite\",\"@id\":\"https:\\\/\\\/essc-online.de\\\/v1\\\/#website\",\"url\":\"https:\\\/\\\/essc-online.de\\\/v1\\\/\",\"name\":\"Erster Sodener Schwimm-Club 1927 e.V.\",\"description\":\"\",\"publisher\":{\"@id\":\"https:\\\/\\\/essc-online.de\\\/v1\\\/#organization\"},\"potentialAction\":[{\"@type\":\"SearchAction\",\"target\":{\"@type\":\"EntryPoint\",\"urlTemplate\":\"https:\\\/\\\/essc-online.de\\\/v1\\\/?s={search_term_string}\"},\"query-input\":{\"@type\":\"PropertyValueSpecification\",\"valueRequired\":true,\"valueName\":\"search_term_string\"}}],\"inLanguage\":\"de\"},{\"@type\":\"Organization\",\"@id\":\"https:\\\/\\\/essc-online.de\\\/v1\\\/#organization\",\"name\":\"Erster Sodener Schwimm-Club 1927 e.V.\",\"url\":\"https:\\\/\\\/essc-online.de\\\/v1\\\/\",\"logo\":{\"@type\":\"ImageObject\",\"inLanguage\":\"de\",\"@id\":\"https:\\\/\\\/essc-online.de\\\/v1\\\/#\\\/schema\\\/logo\\\/image\\\/\",\"url\":\"https:\\\/\\\/i0.wp.com\\\/essc-online.de\\\/v1\\\/wp-content\\\/uploads\\\/2025\\\/12\\\/Logo_ESSC.png?fit=640%2C193&ssl=1\",\"contentUrl\":\"https:\\\/\\\/i0.wp.com\\\/essc-online.de\\\/v1\\\/wp-content\\\/uploads\\\/2025\\\/12\\\/Logo_ESSC.png?fit=640%2C193&ssl=1\",\"width\":640,\"height\":193,\"caption\":\"Erster Sodener Schwimm-Club 1927 e.V.\"},\"image\":{\"@id\":\"https:\\\/\\\/essc-online.de\\\/v1\\\/#\\\/schema\\\/logo\\\/image\\\/\"}}]}<\/script>\n<!-- \/ Yoast SEO plugin. -->","yoast_head_json":{"title":"Der Verein - Erster Sodener Schwimm-Club 1927 e.V.","robots":{"index":"index","follow":"follow","max-snippet":"max-snippet:-1","max-image-preview":"max-image-preview:large","max-video-preview":"max-video-preview:-1"},"canonical":"https:\/\/essc-online.de\/v1\/der-verein\/","og_locale":"de_DE","og_type":"article","og_title":"Der Verein - Erster Sodener Schwimm-Club 1927 e.V.","og_description":"Hier finden Sie Infos zum Verein und seinen Menschen: Vorstand \u00dcbungsplan Anschriften der \u00dcbungsst\u00e4tten Satzung Beitr\u00e4ge Vereinsheft &#8222;Der Sodener Schwimmer&#8220; Historie des ESSC","og_url":"https:\/\/essc-online.de\/v1\/der-verein\/","og_site_name":"Erster Sodener Schwimm-Club 1927 e.V.","article_modified_time":"2025-12-02T20:02:55+00:00","twitter_card":"summary_large_image","twitter_misc":{"Gesch\u00e4tzte Lesezeit":"1\u00a0Minute"},"schema":{"@context":"https:\/\/schema.org","@graph":[{"@type":"WebPage","@id":"https:\/\/essc-online.de\/v1\/der-verein\/","url":"https:\/\/essc-online.de\/v1\/der-verein\/","name":"Der Verein - Erster Sodener Schwimm-Club 1927 e.V.","isPartOf":{"@id":"https:\/\/essc-online.de\/v1\/#website"},"datePublished":"2025-12-02T20:02:54+00:00","dateModified":"2025-12-02T20:02:55+00:00","breadcrumb":{"@id":"https:\/\/essc-online.de\/v1\/der-verein\/#breadcrumb"},"inLanguage":"de","potentialAction":[{"@type":"ReadAction","target":["https:\/\/essc-online.de\/v1\/der-verein\/"]}]},{"@type":"BreadcrumbList","@id":"https:\/\/essc-online.de\/v1\/der-verein\/#breadcrumb","itemListElement":[{"@type":"ListItem","position":1,"name":"Startseite","item":"https:\/\/essc-online.de\/v1\/"},{"@type":"ListItem","position":2,"name":"Der Verein"}]},{"@type":"WebSite","@id":"https:\/\/essc-online.de\/v1\/#website","url":"https:\/\/essc-online.de\/v1\/","name":"Erster Sodener Schwimm-Club 1927 e.V.","description":"","publisher":{"@id":"https:\/\/essc-online.de\/v1\/#organization"},"potentialAction":[{"@type":"SearchAction","target":{"@type":"EntryPoint","urlTemplate":"https:\/\/essc-online.de\/v1\/?s={search_term_string}"},"query-input":{"@type":"PropertyValueSpecification","valueRequired":true,"valueName":"search_term_string"}}],"inLanguage":"de"},{"@type":"Organization","@id":"https:\/\/essc-online.de\/v1\/#organization","name":"Erster Sodener Schwimm-Club 1927 e.V.","url":"https:\/\/essc-online.de\/v1\/","logo":{"@type":"ImageObject","inLanguage":"de","@id":"https:\/\/essc-online.de\/v1\/#\/schema\/logo\/image\/","url":"https:\/\/i0.wp.com\/essc-online.de\/v1\/wp-content\/uploads\/2025\/12\/Logo_ESSC.png?fit=640%2C193&ssl=1","contentUrl":"https:\/\/i0.wp.com\/essc-online.de\/v1\/wp-content\/uploads\/2025\/12\/Logo_ESSC.png?fit=640%2C193&ssl=1","width":640,"height":193,"caption":"Erster Sodener Schwimm-Club 1927 e.V."},"image":{"@id":"https:\/\/essc-online.de\/v1\/#\/schema\/logo\/image\/"}}]}},"jetpack_sharing_enabled":true,"_links":{"self":[{"href":"https:\/\/essc-online.de\/v1\/wp-json\/wp\/v2\/pages\/134","targetHints":{"allow":["GET"]}}],"collection":[{"href":"https:\/\/essc-online.de\/v1\/wp-json\/wp\/v2\/pages"}],"about":[{"href":"https:\/\/essc-online.de\/v1\/wp-json\/wp\/v2\/types\/page"}],"author":[{"embeddable":true,"href":"https:\/\/essc-online.de\/v1\/wp-json\/wp\/v2\/users\/1"}],"replies":[{"embeddable":true,"href":"https:\/\/essc-online.de\/v1\/wp-json\/wp\/v2\/comments?post=134"}],"version-history":[{"count":1,"href":"https:\/\/essc-online.de\/v1\/wp-json\/wp\/v2\/pages\/134\/revisions"}],"predecessor-version":[{"id":135,"href":"https:\/\/essc-online.de\/v1\/wp-json\/wp\/v2\/pages\/134\/revisions\/135"}],"wp:attachment":[{"href":"https:\/\/essc-online.de\/v1\/wp-json\/wp\/v2\/media?parent=134"}],"curies":[{"name":"wp","href":"https:\/\/api.w.org\/{rel}","templated":true}]}}