{"id":180,"date":"2025-12-02T21:55:37","date_gmt":"2025-12-02T20:55:37","guid":{"rendered":"https:\/\/essc-online.de\/v1\/?page_id=180"},"modified":"2025-12-02T21:55:38","modified_gmt":"2025-12-02T20:55:38","slug":"diverse-berichte","status":"publish","type":"page","link":"https:\/\/essc-online.de\/v1\/archiv\/diverse-berichte\/","title":{"rendered":"Diverse Berichte"},"content":{"rendered":"\n<hr class=\"wp-block-separator has-alpha-channel-opacity\"\/>\n\n\n\n<h2 class=\"wp-block-heading\">2025<\/h2>\n\n\n\n<ul class=\"wp-block-list\">\n<li><a href=\"https:\/\/www.essc-online.de\/www.essc-online.de\/archiv\/diverses\/2025-emma-r%c3%bcter\/index.html\">Emma R\u00fcter<\/a>\u00a0(2025)<\/li>\n\n\n\n<li><a href=\"https:\/\/www.essc-online.de\/www.essc-online.de\/archiv\/diverses\/2025-franz-fischer\/index.html\">Franz Fischer<\/a>\u00a0(30.07.2025)<\/li>\n\n\n\n<li><a href=\"https:\/\/www.essc-online.de\/www.essc-online.de\/archiv\/diverses\/2025-ehrung-f%c3%bcr-christa-bender\/index.html\">Ehrung f\u00fcr Christa Bender<\/a>\u00a0(16. &#8211; 17.07.2025)<\/li>\n\n\n\n<li><a href=\"https:\/\/www.essc-online.de\/www.essc-online.de\/archiv\/diverses\/2025-24h-schwimmen\/index.html\">24h-Schwimmen<\/a>\u00a0(05. &#8211; 06.07.2025)<\/li>\n\n\n\n<li><a href=\"https:\/\/www.essc-online.de\/www.essc-online.de\/archiv\/diverses\/2025-jvv-jhv\/index.html\">Jugendvoll- und Jahreshauptversammlung<\/a>\u00a0(23.05.2025)<\/li>\n\n\n\n<li><a href=\"https:\/\/www.essc-online.de\/www.essc-online.de\/archiv\/diverses\/2025-k%c3%b6lsche-abend\/index.html\">K\u00f6lsche Abend<\/a>\u00a0(25.04.2025)<\/li>\n\n\n\n<li><a href=\"https:\/\/www.essc-online.de\/www.essc-online.de\/archiv\/diverses\/2025-ninja-parcour\/index.html\">Ninja Parcour<\/a>\u00a0(09.03.2025)<\/li>\n\n\n\n<li><a href=\"https:\/\/www.essc-online.de\/www.essc-online.de\/archiv\/diverses\/2025-sportlerehrung\/index.html\">Sportlerehrung ESSC<\/a>\u00a0(26.01.2025)<\/li>\n<\/ul>\n\n\n\n<hr class=\"wp-block-separator has-alpha-channel-opacity\"\/>\n\n\n\n<h2 class=\"wp-block-heading\">2024<\/h2>\n\n\n\n<ul class=\"wp-block-list\">\n<li><a href=\"https:\/\/www.essc-online.de\/www.essc-online.de\/archiv\/diverses-2017-2024\/2024-weihnachtsmarkt\/index.html\">Weihnachtsmarkt<\/a>\u00a0(07. &#8211; 08.12.2024)<\/li>\n\n\n\n<li><a href=\"https:\/\/www.essc-online.de\/www.essc-online.de\/archiv\/diverses-2017-2024\/2024-bayrischer-abend\/index.html\">Bayrischer Abend<\/a>\u00a0(27.09.2024)<\/li>\n\n\n\n<li><a href=\"https:\/\/www.essc-online.de\/www.essc-online.de\/archiv\/diverses-2017-2024\/2024-24h-schwimmen\/index.html\">24-Stunden-Schwimmen<\/a>\u00a0(13. &#8211; 14.07.2024)<\/li>\n\n\n\n<li><a href=\"https:\/\/www.essc-online.de\/www.essc-online.de\/archiv\/diverses-2017-2024\/2024-jhv\/index.html\">Jugend- und Jahreshauptversammlung<\/a>\u00a0(17.05.2024)<\/li>\n\n\n\n<li><a href=\"https:\/\/www.essc-online.de\/www.essc-online.de\/archiv\/diverses-2017-2024\/2024-hochseilgarten-kelkheim\/index.html\">Hochseilgarten in Kelkheim<\/a>\u00a0(27.04.2024)<\/li>\n\n\n\n<li><a href=\"https:\/\/www.essc-online.de\/www.essc-online.de\/archiv\/diverses-2017-2024\/2024-sportlerehrung\/index.html\">Sportlerehrung ESSC<\/a>\u00a0(10.03.2024)<\/li>\n\n\n\n<li><a href=\"https:\/\/www.essc-online.de\/www.essc-online.de\/archiv\/diverses-2017-2024\/2024-bembel-treff\/index.html\">Bembel-Treff<\/a>\u00a0(23.02.2024)<\/li>\n<\/ul>\n\n\n\n<hr class=\"wp-block-separator has-alpha-channel-opacity\"\/>\n\n\n\n<h2 class=\"wp-block-heading\">2023<\/h2>\n\n\n\n<ul class=\"wp-block-list\">\n<li><a href=\"https:\/\/www.essc-online.de\/www.essc-online.de\/archiv\/diverses-2017-2024\/2023-weihnachtsmarkt\/index.html\">Weihnachstmarkt<\/a>\u00a0(10. &#8211; 11.12.2023)<\/li>\n\n\n\n<li><a href=\"https:\/\/www.essc-online.de\/www.essc-online.de\/archiv\/diverses-2017-2024\/2023-24h-schwimmen\/index.html\">24-Stunden-Schwimmen<\/a>\u00a0(22. &#8211; 23.07.2023)<\/li>\n\n\n\n<li><a href=\"https:\/\/www.essc-online.de\/www.essc-online.de\/archiv\/diverses-2017-2024\/2023-jhv\/index.html\">Jugend- und Jahreshauptversammlung<\/a>\u00a0(22.06.2023)<\/li>\n\n\n\n<li><a href=\"https:\/\/www.essc-online.de\/www.essc-online.de\/archiv\/diverses-2017-2024\/2023-schwimmabzeichen-tag\/index.html\">Bundesweiter Schwimmabzeichentag 2023<\/a>\u00a0(21.05.2023)<\/li>\n\n\n\n<li><a href=\"https:\/\/www.essc-online.de\/www.essc-online.de\/archiv\/diverses-2017-2024\/2023-schwarzer-l%c3%b6we\/index.html\">Schwarzer L\u00f6we f\u00fcr Annette G\u00e4\u00dfler<\/a>\u00a0(24.04.2023)<\/li>\n\n\n\n<li><a href=\"https:\/\/www.essc-online.de\/www.essc-online.de\/archiv\/diverses-2017-2024\/2023-fr%c3%bchschoppen\/index.html\">Fr\u00fchschoppen<\/a>\u00a0(02.04.2023)<\/li>\n\n\n\n<li><a href=\"https:\/\/www.essc-online.de\/www.essc-online.de\/archiv\/diverses-2017-2024\/2023-sportlerehrung-mtk\/index.html\">Sportlerehrung MTK<\/a>\u00a0(30.03.2023)<\/li>\n\n\n\n<li><a href=\"https:\/\/www.essc-online.de\/www.essc-online.de\/archiv\/diverses-2017-2024\/2023-sportlerehrung-essc\/index.html\">Sportlerehrung ESSC<\/a>\u00a0(18.03.2023)<\/li>\n<\/ul>\n\n\n\n<hr class=\"wp-block-separator has-alpha-channel-opacity\"\/>\n\n\n\n<h2 class=\"wp-block-heading\">2022<\/h2>\n\n\n\n<ul class=\"wp-block-list\">\n<li><a href=\"https:\/\/www.essc-online.de\/www.essc-online.de\/archiv\/diverses-2017-2024\/2022-weihnachtsmarkt\/index.html\">Weihnachtsmarkt<\/a>\u00a0(03. &#8211; 04.12.2022)<\/li>\n\n\n\n<li><a href=\"https:\/\/www.essc-online.de\/www.essc-online.de\/archiv\/diverses-2017-2024\/2023-24h-schwimmen\/index.html\">24-Stunden-Schwimmen<\/a>\u00a0(23. &#8211; 24.07.2022)<\/li>\n\n\n\n<li><a href=\"https:\/\/www.essc-online.de\/www.essc-online.de\/archiv\/diverses-2017-2024\/2022-jhv\/index.html\">Jahreshauptversammlung<\/a>\u00a0(30.04.2022)<\/li>\n<\/ul>\n\n\n\n<hr class=\"wp-block-separator has-alpha-channel-opacity\"\/>\n\n\n\n<h2 class=\"wp-block-heading\">2021<\/h2>\n\n\n\n<ul class=\"wp-block-list\">\n<li><a href=\"https:\/\/www.essc-online.de\/www.essc-online.de\/archiv\/diverses-2017-2024\/2021-bbq-ehrungen\/index.html\">BBQ und Ehrungen<\/a>\u00a0(17.10.2021)<\/li>\n\n\n\n<li><a href=\"https:\/\/www.essc-online.de\/www.essc-online.de\/archiv\/diverses-2017-2024\/2021-jhv\/index.html\">Jahreshauptversammlung<\/a>\u00a0(16.07.2021)<\/li>\n<\/ul>\n\n\n\n<hr class=\"wp-block-separator has-alpha-channel-opacity\"\/>\n\n\n\n<h2 class=\"wp-block-heading\">2020<\/h2>\n\n\n\n<ul class=\"wp-block-list\">\n<li><a href=\"https:\/\/www.essc-online.de\/www.essc-online.de\/archiv\/diverses-2017-2024\/2020-ehrenbrief-annette-g%c3%a4%c3%9fler\/index.html\">Ehrenbrief des Bezirk Mitte f\u00fcr Annette G\u00e4\u00dfler<\/a>\u00a0(04.09.2020)<\/li>\n\n\n\n<li><a href=\"https:\/\/www.essc-online.de\/www.essc-online.de\/archiv\/diverses-2017-2024\/2020-b%c3%bcrgerpreis-tspk-christa-bender\/index.html\">B\u00fcrgerpreis f\u00fcr Christa Bender<\/a>\u00a0(24.08.2020)<\/li>\n\n\n\n<li><a href=\"https:\/\/www.essc-online.de\/www.essc-online.de\/archiv\/diverses-2017-2024\/2020-wintergrillen\/index.html\">Wintergrillen<\/a>\u00a0(16.02.2020)<\/li>\n\n\n\n<li><a href=\"https:\/\/www.essc-online.de\/www.essc-online.de\/archiv\/diverses-2017-2024\/2020-sportlerehrung-mtk\/index.html\">Sportlerehrung MTK<\/a>\u00a0(30.01.2020)<\/li>\n\n\n\n<li><a href=\"https:\/\/www.essc-online.de\/www.essc-online.de\/archiv\/diverses-2017-2024\/2020-neub%c3%bcrgerempfang\/index.html\">Neub\u00fcrgerempfang<\/a>\u00a0(11.01.2020)<\/li>\n<\/ul>\n\n\n\n<hr class=\"wp-block-separator has-alpha-channel-opacity\"\/>\n\n\n\n<h2 class=\"wp-block-heading\">2017<\/h2>\n\n\n\n<ul class=\"wp-block-list\">\n<li><a href=\"https:\/\/www.essc-online.de\/www.essc-online.de\/archiv\/diverses-2017-2024\/2017-festkommers\/index.html\">Festkommers 90 Jahre ESSC<\/a>\u00a0(24.05.2017)<\/li>\n<\/ul>\n","protected":false},"excerpt":{"rendered":"<p>2025 2024 2023 2022 2021 2020 2017<\/p>\n","protected":false},"author":1,"featured_media":0,"parent":167,"menu_order":0,"comment_status":"closed","ping_status":"closed","template":"","meta":{"footnotes":""},"class_list":["post-180","page","type-page","status-publish","hentry"],"yoast_head":"<!-- This site is optimized with the Yoast SEO plugin v27.4 - https:\/\/yoast.com\/product\/yoast-seo-wordpress\/ -->\n<title>Diverse Berichte - Erster Sodener Schwimm-Club 1927 e.V.<\/title>\n<meta name=\"robots\" content=\"index, follow, max-snippet:-1, max-image-preview:large, max-video-preview:-1\" \/>\n<link rel=\"canonical\" href=\"https:\/\/essc-online.de\/v1\/archiv\/diverse-berichte\/\" \/>\n<meta property=\"og:locale\" content=\"de_DE\" \/>\n<meta property=\"og:type\" content=\"article\" \/>\n<meta property=\"og:title\" content=\"Diverse Berichte - Erster Sodener Schwimm-Club 1927 e.V.\" \/>\n<meta property=\"og:description\" content=\"2025 2024 2023 2022 2021 2020 2017\" \/>\n<meta property=\"og:url\" content=\"https:\/\/essc-online.de\/v1\/archiv\/diverse-berichte\/\" \/>\n<meta property=\"og:site_name\" content=\"Erster Sodener Schwimm-Club 1927 e.V.\" \/>\n<meta property=\"article:modified_time\" content=\"2025-12-02T20:55:38+00:00\" \/>\n<meta name=\"twitter:card\" content=\"summary_large_image\" \/>\n<meta name=\"twitter:label1\" content=\"Gesch\u00e4tzte Lesezeit\" \/>\n\t<meta name=\"twitter:data1\" content=\"1\u00a0Minute\" \/>\n<script type=\"application\/ld+json\" class=\"yoast-schema-graph\">{\"@context\":\"https:\\\/\\\/schema.org\",\"@graph\":[{\"@type\":\"WebPage\",\"@id\":\"https:\\\/\\\/essc-online.de\\\/v1\\\/archiv\\\/diverse-berichte\\\/\",\"url\":\"https:\\\/\\\/essc-online.de\\\/v1\\\/archiv\\\/diverse-berichte\\\/\",\"name\":\"Diverse Berichte - Erster Sodener Schwimm-Club 1927 e.V.\",\"isPartOf\":{\"@id\":\"https:\\\/\\\/essc-online.de\\\/v1\\\/#website\"},\"datePublished\":\"2025-12-02T20:55:37+00:00\",\"dateModified\":\"2025-12-02T20:55:38+00:00\",\"breadcrumb\":{\"@id\":\"https:\\\/\\\/essc-online.de\\\/v1\\\/archiv\\\/diverse-berichte\\\/#breadcrumb\"},\"inLanguage\":\"de\",\"potentialAction\":[{\"@type\":\"ReadAction\",\"target\":[\"https:\\\/\\\/essc-online.de\\\/v1\\\/archiv\\\/diverse-berichte\\\/\"]}]},{\"@type\":\"BreadcrumbList\",\"@id\":\"https:\\\/\\\/essc-online.de\\\/v1\\\/archiv\\\/diverse-berichte\\\/#breadcrumb\",\"itemListElement\":[{\"@type\":\"ListItem\",\"position\":1,\"name\":\"Startseite\",\"item\":\"https:\\\/\\\/essc-online.de\\\/v1\\\/\"},{\"@type\":\"ListItem\",\"position\":2,\"name\":\"Archiv\",\"item\":\"https:\\\/\\\/essc-online.de\\\/v1\\\/archiv\\\/\"},{\"@type\":\"ListItem\",\"position\":3,\"name\":\"Diverse Berichte\"}]},{\"@type\":\"WebSite\",\"@id\":\"https:\\\/\\\/essc-online.de\\\/v1\\\/#website\",\"url\":\"https:\\\/\\\/essc-online.de\\\/v1\\\/\",\"name\":\"Erster Sodener Schwimm-Club 1927 e.V.\",\"description\":\"\",\"publisher\":{\"@id\":\"https:\\\/\\\/essc-online.de\\\/v1\\\/#organization\"},\"potentialAction\":[{\"@type\":\"SearchAction\",\"target\":{\"@type\":\"EntryPoint\",\"urlTemplate\":\"https:\\\/\\\/essc-online.de\\\/v1\\\/?s={search_term_string}\"},\"query-input\":{\"@type\":\"PropertyValueSpecification\",\"valueRequired\":true,\"valueName\":\"search_term_string\"}}],\"inLanguage\":\"de\"},{\"@type\":\"Organization\",\"@id\":\"https:\\\/\\\/essc-online.de\\\/v1\\\/#organization\",\"name\":\"Erster Sodener Schwimm-Club 1927 e.V.\",\"url\":\"https:\\\/\\\/essc-online.de\\\/v1\\\/\",\"logo\":{\"@type\":\"ImageObject\",\"inLanguage\":\"de\",\"@id\":\"https:\\\/\\\/essc-online.de\\\/v1\\\/#\\\/schema\\\/logo\\\/image\\\/\",\"url\":\"https:\\\/\\\/i0.wp.com\\\/essc-online.de\\\/v1\\\/wp-content\\\/uploads\\\/2025\\\/12\\\/Logo_ESSC.png?fit=640%2C193&ssl=1\",\"contentUrl\":\"https:\\\/\\\/i0.wp.com\\\/essc-online.de\\\/v1\\\/wp-content\\\/uploads\\\/2025\\\/12\\\/Logo_ESSC.png?fit=640%2C193&ssl=1\",\"width\":640,\"height\":193,\"caption\":\"Erster Sodener Schwimm-Club 1927 e.V.\"},\"image\":{\"@id\":\"https:\\\/\\\/essc-online.de\\\/v1\\\/#\\\/schema\\\/logo\\\/image\\\/\"}}]}<\/script>\n<!-- \/ Yoast SEO plugin. -->","yoast_head_json":{"title":"Diverse Berichte - Erster Sodener Schwimm-Club 1927 e.V.","robots":{"index":"index","follow":"follow","max-snippet":"max-snippet:-1","max-image-preview":"max-image-preview:large","max-video-preview":"max-video-preview:-1"},"canonical":"https:\/\/essc-online.de\/v1\/archiv\/diverse-berichte\/","og_locale":"de_DE","og_type":"article","og_title":"Diverse Berichte - Erster Sodener Schwimm-Club 1927 e.V.","og_description":"2025 2024 2023 2022 2021 2020 2017","og_url":"https:\/\/essc-online.de\/v1\/archiv\/diverse-berichte\/","og_site_name":"Erster Sodener Schwimm-Club 1927 e.V.","article_modified_time":"2025-12-02T20:55:38+00:00","twitter_card":"summary_large_image","twitter_misc":{"Gesch\u00e4tzte Lesezeit":"1\u00a0Minute"},"schema":{"@context":"https:\/\/schema.org","@graph":[{"@type":"WebPage","@id":"https:\/\/essc-online.de\/v1\/archiv\/diverse-berichte\/","url":"https:\/\/essc-online.de\/v1\/archiv\/diverse-berichte\/","name":"Diverse Berichte - Erster Sodener Schwimm-Club 1927 e.V.","isPartOf":{"@id":"https:\/\/essc-online.de\/v1\/#website"},"datePublished":"2025-12-02T20:55:37+00:00","dateModified":"2025-12-02T20:55:38+00:00","breadcrumb":{"@id":"https:\/\/essc-online.de\/v1\/archiv\/diverse-berichte\/#breadcrumb"},"inLanguage":"de","potentialAction":[{"@type":"ReadAction","target":["https:\/\/essc-online.de\/v1\/archiv\/diverse-berichte\/"]}]},{"@type":"BreadcrumbList","@id":"https:\/\/essc-online.de\/v1\/archiv\/diverse-berichte\/#breadcrumb","itemListElement":[{"@type":"ListItem","position":1,"name":"Startseite","item":"https:\/\/essc-online.de\/v1\/"},{"@type":"ListItem","position":2,"name":"Archiv","item":"https:\/\/essc-online.de\/v1\/archiv\/"},{"@type":"ListItem","position":3,"name":"Diverse Berichte"}]},{"@type":"WebSite","@id":"https:\/\/essc-online.de\/v1\/#website","url":"https:\/\/essc-online.de\/v1\/","name":"Erster Sodener Schwimm-Club 1927 e.V.","description":"","publisher":{"@id":"https:\/\/essc-online.de\/v1\/#organization"},"potentialAction":[{"@type":"SearchAction","target":{"@type":"EntryPoint","urlTemplate":"https:\/\/essc-online.de\/v1\/?s={search_term_string}"},"query-input":{"@type":"PropertyValueSpecification","valueRequired":true,"valueName":"search_term_string"}}],"inLanguage":"de"},{"@type":"Organization","@id":"https:\/\/essc-online.de\/v1\/#organization","name":"Erster Sodener Schwimm-Club 1927 e.V.","url":"https:\/\/essc-online.de\/v1\/","logo":{"@type":"ImageObject","inLanguage":"de","@id":"https:\/\/essc-online.de\/v1\/#\/schema\/logo\/image\/","url":"https:\/\/i0.wp.com\/essc-online.de\/v1\/wp-content\/uploads\/2025\/12\/Logo_ESSC.png?fit=640%2C193&ssl=1","contentUrl":"https:\/\/i0.wp.com\/essc-online.de\/v1\/wp-content\/uploads\/2025\/12\/Logo_ESSC.png?fit=640%2C193&ssl=1","width":640,"height":193,"caption":"Erster Sodener Schwimm-Club 1927 e.V."},"image":{"@id":"https:\/\/essc-online.de\/v1\/#\/schema\/logo\/image\/"}}]}},"jetpack_sharing_enabled":true,"_links":{"self":[{"href":"https:\/\/essc-online.de\/v1\/wp-json\/wp\/v2\/pages\/180","targetHints":{"allow":["GET"]}}],"collection":[{"href":"https:\/\/essc-online.de\/v1\/wp-json\/wp\/v2\/pages"}],"about":[{"href":"https:\/\/essc-online.de\/v1\/wp-json\/wp\/v2\/types\/page"}],"author":[{"embeddable":true,"href":"https:\/\/essc-online.de\/v1\/wp-json\/wp\/v2\/users\/1"}],"replies":[{"embeddable":true,"href":"https:\/\/essc-online.de\/v1\/wp-json\/wp\/v2\/comments?post=180"}],"version-history":[{"count":1,"href":"https:\/\/essc-online.de\/v1\/wp-json\/wp\/v2\/pages\/180\/revisions"}],"predecessor-version":[{"id":181,"href":"https:\/\/essc-online.de\/v1\/wp-json\/wp\/v2\/pages\/180\/revisions\/181"}],"up":[{"embeddable":true,"href":"https:\/\/essc-online.de\/v1\/wp-json\/wp\/v2\/pages\/167"}],"wp:attachment":[{"href":"https:\/\/essc-online.de\/v1\/wp-json\/wp\/v2\/media?parent=180"}],"curies":[{"name":"wp","href":"https:\/\/api.w.org\/{rel}","templated":true}]}}