{"id":195,"date":"2025-12-02T23:43:48","date_gmt":"2025-12-02T22:43:48","guid":{"rendered":"https:\/\/essc-online.de\/v1\/?page_id=195"},"modified":"2026-04-14T13:56:24","modified_gmt":"2026-04-14T11:56:24","slug":"mitgliedsbeitraege-zusatzbeitraege-kuendigung","status":"publish","type":"page","link":"https:\/\/essc-online.de\/v1\/der-verein\/mitgliedsbeitraege-zusatzbeitraege-kuendigung\/","title":{"rendered":"Mitgliedsbeitr\u00e4ge, Zusatzbeitr\u00e4ge, K\u00fcndigung"},"content":{"rendered":"\n<hr class=\"wp-block-separator has-alpha-channel-opacity\"\/>\n\n\n\n<p><strong>Mitgliedsbeitr\u00e4ge&nbsp;&nbsp;<\/strong>&nbsp;(Stand 14.06.2018)<strong><\/strong><\/p>\n\n\n\n<figure class=\"wp-block-table\"><table class=\"has-fixed-layout\"><tbody><tr><td><strong>Einzel<\/strong><strong>mitgliedschaft<\/strong><\/td><td>\u20ac  120,00 j\u00e4hrlich<\/td><\/tr><tr><td><strong>Familienmitgliedschaft<\/strong><\/td><td>\u20ac 240,00 j\u00e4hrlich<\/td><\/tr><tr><td><strong>F\u00f6rdermitgliedschaft<\/strong><\/td><td>frei w\u00e4hlbarer Betrag<\/td><\/tr><tr><td><strong>Aufnahmegeb\u00fchr<\/strong><\/td><td>\u20ac&nbsp;&nbsp; 25,00 einmalig<\/td><\/tr><tr><td><strong>Mattengeld Judo<\/strong><\/td><td>\u20ac&nbsp;&nbsp; 15,00 einmalig<\/td><\/tr><\/tbody><\/table><\/figure>\n\n\n\n<p>Mitgliedsbeitr\u00e4ge werden j\u00e4hrlich im Voraus f\u00e4llig.<\/p>\n\n\n\n<p><strong>Zusatzbeitr\u00e4ge&nbsp;&nbsp;<\/strong>&nbsp;(Stand 01.07.2019)<strong><\/strong><\/p>\n\n\n\n<figure class=\"wp-block-table\"><table class=\"has-fixed-layout\"><tbody><tr><td><strong>Sportart<\/strong><\/td><td><strong>pro Person und Quartal<\/strong><\/td><\/tr><tr><td><strong>Synchronschwimmen<\/strong><\/td><td>\u20ac 118,00<\/td><\/tr><tr><td><strong>Schwimmen<\/strong><\/td><td>\u20ac&nbsp;&nbsp; 74,00<\/td><\/tr><tr><td><strong>Judo<\/strong><\/td><td>\u20ac&nbsp;&nbsp; 54,00<\/td><\/tr><tr><td><strong>Karate<\/strong><\/td><td>\u20ac&nbsp;&nbsp; 50,00<\/td><\/tr><tr><td><strong>Wirbels\u00e4ulengymnastik<\/strong><\/td><td>\u20ac&nbsp;&nbsp; 39,00<\/td><\/tr><tr><td><strong>Pilates<\/strong><\/td><td>\u20ac&nbsp;&nbsp; 38,00<\/td><\/tr><tr><td><strong>Frauengymnastik<\/strong><\/td><td>\u20ac&nbsp;&nbsp; 20,00<\/td><\/tr><tr><td><strong>Seniorinnengymnastik<\/strong><\/td><td>\u20ac&nbsp;&nbsp; 20,00<\/td><\/tr><tr><td><strong>Gymnastik<\/strong><\/td><td>\u20ac&nbsp;&nbsp; 20,00<\/td><\/tr><\/tbody><\/table><\/figure>\n\n\n\n<p>Zusatzbeitr\u00e4ge werden viertelj\u00e4hrlich&nbsp;im Voraus f\u00e4llig.<\/p>\n\n\n\n<hr class=\"wp-block-separator has-alpha-channel-opacity\"\/>\n\n\n\n<p><strong>K\u00fcndigung<\/strong><strong><\/strong><\/p>\n\n\n\n<p><strong>K\u00fcndigung von Zusatzbeitr\u00e4gen<br><\/strong>Zusatzbeitr\u00e4ge sind viertelj\u00e4hrlich mit einer Frist von 15 Werktagen zum Quartalsende schriftlich k\u00fcndbar. Dies ist per E-Mail m\u00f6glich.<\/p>\n\n\n\n<p><strong>K\u00fcndigung der Vereinsmitgliedschaft&nbsp;<\/strong>&nbsp;(laut&nbsp;<a href=\"https:\/\/www.essc-online.de\/www.essc-online.de\/verein\/satzung\/index.html\">Satzung<\/a>&nbsp;\u00a74, Abs. 4.4 (2))<br>Der freiwillige Austritt muss schriftlich mit eigenh\u00e4ndiger Unterschrift dem Vorstand gegen\u00fcber erkl\u00e4rt werden. Er ist nur unter Einhaltung einer K\u00fcndigungsfrist von einem Monat zum Ende eines Kalenderjahres m\u00f6glich (d.h. bis 30. November zum Jahresende). Bei Minderj\u00e4hrigen ist die Austrittserkl\u00e4rung durch den\/die gesetzlichen Vertreter zu unterschreiben.<\/p>\n\n\n\n<p>Die Mitgliedschaft ist nicht \u00fcbertragbar. Der freiwillige Austritt befreit nicht von den w\u00e4hrend der Mitgliedschaft aufgelaufenen Zahlungsverpflichtungen.<\/p>\n\n\n\n<p><strong>K\u00fcndigungen bitte senden an:<\/strong><\/p>\n\n\n\n<p>Gerne als Scan an&nbsp;<a href=\"mailto:mv@essc-online.de\">mv@essc-online.de<\/a><\/p>\n\n\n\n<p>oder postalisch an:<br>Erster Sodener Schwimm-Club 1927 e.V.<\/p>\n\n\n\n<p>Postfach 1101<\/p>\n\n\n\n<p>65796 Bad Soden<\/p>\n\n\n\n<hr class=\"wp-block-separator has-alpha-channel-opacity\"\/>\n\n\n\n<p>\u00a0Link zu\u00a0<a href=\"https:\/\/essc-online.de\/v1\/wp-content\/uploads\/2026\/04\/Aufnahmeantrag-ESSC.pdf\">Anmeldeformular<\/a>\u00a0und\u00a0<a href=\"https:\/\/www.essc-online.de\/www.essc-online.de\/verein\/satzung\/index.html\">Satzung<\/a><\/p>\n\n\n\n<p><\/p>\n","protected":false},"excerpt":{"rendered":"<p>Mitgliedsbeitr\u00e4ge&nbsp;&nbsp;&nbsp;(Stand 14.06.2018) Einzelmitgliedschaft \u20ac 120,00 j\u00e4hrlich Familienmitgliedschaft \u20ac 240,00 j\u00e4hrlich F\u00f6rdermitgliedschaft frei w\u00e4hlbarer Betrag Aufnahmegeb\u00fchr \u20ac&nbsp;&nbsp; 25,00 einmalig Mattengeld Judo \u20ac&nbsp;&nbsp; 15,00 einmalig Mitgliedsbeitr\u00e4ge werden j\u00e4hrlich im Voraus f\u00e4llig. Zusatzbeitr\u00e4ge&nbsp;&nbsp;&nbsp;(Stand 01.07.2019) Sportart pro Person und Quartal Synchronschwimmen \u20ac 118,00 Schwimmen &hellip;<\/p>\n<p class=\"read-more\"> <a class=\"more-link\" href=\"https:\/\/essc-online.de\/v1\/der-verein\/mitgliedsbeitraege-zusatzbeitraege-kuendigung\/\"> <span class=\"screen-reader-text\">Mitgliedsbeitr\u00e4ge, Zusatzbeitr\u00e4ge, K\u00fcndigung<\/span> Weiterlesen &raquo;<\/a><\/p>\n","protected":false},"author":1,"featured_media":0,"parent":134,"menu_order":0,"comment_status":"closed","ping_status":"closed","template":"","meta":{"footnotes":""},"class_list":["post-195","page","type-page","status-publish","hentry"],"yoast_head":"<!-- This site is optimized with the Yoast SEO plugin v27.4 - https:\/\/yoast.com\/product\/yoast-seo-wordpress\/ -->\n<title>Mitgliedsbeitr\u00e4ge, Zusatzbeitr\u00e4ge, K\u00fcndigung - Erster Sodener Schwimm-Club 1927 e.V.<\/title>\n<meta name=\"robots\" content=\"index, follow, max-snippet:-1, max-image-preview:large, max-video-preview:-1\" \/>\n<link rel=\"canonical\" href=\"https:\/\/essc-online.de\/v1\/der-verein\/mitgliedsbeitraege-zusatzbeitraege-kuendigung\/\" \/>\n<meta property=\"og:locale\" content=\"de_DE\" \/>\n<meta property=\"og:type\" content=\"article\" \/>\n<meta property=\"og:title\" content=\"Mitgliedsbeitr\u00e4ge, Zusatzbeitr\u00e4ge, K\u00fcndigung - Erster Sodener Schwimm-Club 1927 e.V.\" \/>\n<meta property=\"og:description\" content=\"Mitgliedsbeitr\u00e4ge&nbsp;&nbsp;&nbsp;(Stand 14.06.2018) Einzelmitgliedschaft \u20ac 120,00 j\u00e4hrlich Familienmitgliedschaft \u20ac 240,00 j\u00e4hrlich F\u00f6rdermitgliedschaft frei w\u00e4hlbarer Betrag Aufnahmegeb\u00fchr \u20ac&nbsp;&nbsp; 25,00 einmalig Mattengeld Judo \u20ac&nbsp;&nbsp; 15,00 einmalig Mitgliedsbeitr\u00e4ge werden j\u00e4hrlich im Voraus f\u00e4llig. Zusatzbeitr\u00e4ge&nbsp;&nbsp;&nbsp;(Stand 01.07.2019) Sportart pro Person und Quartal Synchronschwimmen \u20ac 118,00 Schwimmen &hellip; Mitgliedsbeitr\u00e4ge, Zusatzbeitr\u00e4ge, K\u00fcndigung Weiterlesen &raquo;\" \/>\n<meta property=\"og:url\" content=\"https:\/\/essc-online.de\/v1\/der-verein\/mitgliedsbeitraege-zusatzbeitraege-kuendigung\/\" \/>\n<meta property=\"og:site_name\" content=\"Erster Sodener Schwimm-Club 1927 e.V.\" \/>\n<meta property=\"article:modified_time\" content=\"2026-04-14T11:56:24+00:00\" \/>\n<meta name=\"twitter:card\" content=\"summary_large_image\" \/>\n<meta name=\"twitter:label1\" content=\"Gesch\u00e4tzte Lesezeit\" \/>\n\t<meta name=\"twitter:data1\" content=\"2\u00a0Minuten\" \/>\n<script type=\"application\/ld+json\" class=\"yoast-schema-graph\">{\"@context\":\"https:\\\/\\\/schema.org\",\"@graph\":[{\"@type\":\"WebPage\",\"@id\":\"https:\\\/\\\/essc-online.de\\\/v1\\\/der-verein\\\/mitgliedsbeitraege-zusatzbeitraege-kuendigung\\\/\",\"url\":\"https:\\\/\\\/essc-online.de\\\/v1\\\/der-verein\\\/mitgliedsbeitraege-zusatzbeitraege-kuendigung\\\/\",\"name\":\"Mitgliedsbeitr\u00e4ge, Zusatzbeitr\u00e4ge, K\u00fcndigung - Erster Sodener Schwimm-Club 1927 e.V.\",\"isPartOf\":{\"@id\":\"https:\\\/\\\/essc-online.de\\\/v1\\\/#website\"},\"datePublished\":\"2025-12-02T22:43:48+00:00\",\"dateModified\":\"2026-04-14T11:56:24+00:00\",\"breadcrumb\":{\"@id\":\"https:\\\/\\\/essc-online.de\\\/v1\\\/der-verein\\\/mitgliedsbeitraege-zusatzbeitraege-kuendigung\\\/#breadcrumb\"},\"inLanguage\":\"de\",\"potentialAction\":[{\"@type\":\"ReadAction\",\"target\":[\"https:\\\/\\\/essc-online.de\\\/v1\\\/der-verein\\\/mitgliedsbeitraege-zusatzbeitraege-kuendigung\\\/\"]}]},{\"@type\":\"BreadcrumbList\",\"@id\":\"https:\\\/\\\/essc-online.de\\\/v1\\\/der-verein\\\/mitgliedsbeitraege-zusatzbeitraege-kuendigung\\\/#breadcrumb\",\"itemListElement\":[{\"@type\":\"ListItem\",\"position\":1,\"name\":\"Startseite\",\"item\":\"https:\\\/\\\/essc-online.de\\\/v1\\\/\"},{\"@type\":\"ListItem\",\"position\":2,\"name\":\"Der Verein\",\"item\":\"https:\\\/\\\/essc-online.de\\\/v1\\\/der-verein\\\/\"},{\"@type\":\"ListItem\",\"position\":3,\"name\":\"Mitgliedsbeitr\u00e4ge, Zusatzbeitr\u00e4ge, K\u00fcndigung\"}]},{\"@type\":\"WebSite\",\"@id\":\"https:\\\/\\\/essc-online.de\\\/v1\\\/#website\",\"url\":\"https:\\\/\\\/essc-online.de\\\/v1\\\/\",\"name\":\"Erster Sodener Schwimm-Club 1927 e.V.\",\"description\":\"\",\"publisher\":{\"@id\":\"https:\\\/\\\/essc-online.de\\\/v1\\\/#organization\"},\"potentialAction\":[{\"@type\":\"SearchAction\",\"target\":{\"@type\":\"EntryPoint\",\"urlTemplate\":\"https:\\\/\\\/essc-online.de\\\/v1\\\/?s={search_term_string}\"},\"query-input\":{\"@type\":\"PropertyValueSpecification\",\"valueRequired\":true,\"valueName\":\"search_term_string\"}}],\"inLanguage\":\"de\"},{\"@type\":\"Organization\",\"@id\":\"https:\\\/\\\/essc-online.de\\\/v1\\\/#organization\",\"name\":\"Erster Sodener Schwimm-Club 1927 e.V.\",\"url\":\"https:\\\/\\\/essc-online.de\\\/v1\\\/\",\"logo\":{\"@type\":\"ImageObject\",\"inLanguage\":\"de\",\"@id\":\"https:\\\/\\\/essc-online.de\\\/v1\\\/#\\\/schema\\\/logo\\\/image\\\/\",\"url\":\"https:\\\/\\\/i0.wp.com\\\/essc-online.de\\\/v1\\\/wp-content\\\/uploads\\\/2025\\\/12\\\/Logo_ESSC.png?fit=640%2C193&ssl=1\",\"contentUrl\":\"https:\\\/\\\/i0.wp.com\\\/essc-online.de\\\/v1\\\/wp-content\\\/uploads\\\/2025\\\/12\\\/Logo_ESSC.png?fit=640%2C193&ssl=1\",\"width\":640,\"height\":193,\"caption\":\"Erster Sodener Schwimm-Club 1927 e.V.\"},\"image\":{\"@id\":\"https:\\\/\\\/essc-online.de\\\/v1\\\/#\\\/schema\\\/logo\\\/image\\\/\"}}]}<\/script>\n<!-- \/ Yoast SEO plugin. -->","yoast_head_json":{"title":"Mitgliedsbeitr\u00e4ge, Zusatzbeitr\u00e4ge, K\u00fcndigung - Erster Sodener Schwimm-Club 1927 e.V.","robots":{"index":"index","follow":"follow","max-snippet":"max-snippet:-1","max-image-preview":"max-image-preview:large","max-video-preview":"max-video-preview:-1"},"canonical":"https:\/\/essc-online.de\/v1\/der-verein\/mitgliedsbeitraege-zusatzbeitraege-kuendigung\/","og_locale":"de_DE","og_type":"article","og_title":"Mitgliedsbeitr\u00e4ge, Zusatzbeitr\u00e4ge, K\u00fcndigung - Erster Sodener Schwimm-Club 1927 e.V.","og_description":"Mitgliedsbeitr\u00e4ge&nbsp;&nbsp;&nbsp;(Stand 14.06.2018) Einzelmitgliedschaft \u20ac 120,00 j\u00e4hrlich Familienmitgliedschaft \u20ac 240,00 j\u00e4hrlich F\u00f6rdermitgliedschaft frei w\u00e4hlbarer Betrag Aufnahmegeb\u00fchr \u20ac&nbsp;&nbsp; 25,00 einmalig Mattengeld Judo \u20ac&nbsp;&nbsp; 15,00 einmalig Mitgliedsbeitr\u00e4ge werden j\u00e4hrlich im Voraus f\u00e4llig. Zusatzbeitr\u00e4ge&nbsp;&nbsp;&nbsp;(Stand 01.07.2019) Sportart pro Person und Quartal Synchronschwimmen \u20ac 118,00 Schwimmen &hellip; Mitgliedsbeitr\u00e4ge, Zusatzbeitr\u00e4ge, K\u00fcndigung Weiterlesen &raquo;","og_url":"https:\/\/essc-online.de\/v1\/der-verein\/mitgliedsbeitraege-zusatzbeitraege-kuendigung\/","og_site_name":"Erster Sodener Schwimm-Club 1927 e.V.","article_modified_time":"2026-04-14T11:56:24+00:00","twitter_card":"summary_large_image","twitter_misc":{"Gesch\u00e4tzte Lesezeit":"2\u00a0Minuten"},"schema":{"@context":"https:\/\/schema.org","@graph":[{"@type":"WebPage","@id":"https:\/\/essc-online.de\/v1\/der-verein\/mitgliedsbeitraege-zusatzbeitraege-kuendigung\/","url":"https:\/\/essc-online.de\/v1\/der-verein\/mitgliedsbeitraege-zusatzbeitraege-kuendigung\/","name":"Mitgliedsbeitr\u00e4ge, Zusatzbeitr\u00e4ge, K\u00fcndigung - Erster Sodener Schwimm-Club 1927 e.V.","isPartOf":{"@id":"https:\/\/essc-online.de\/v1\/#website"},"datePublished":"2025-12-02T22:43:48+00:00","dateModified":"2026-04-14T11:56:24+00:00","breadcrumb":{"@id":"https:\/\/essc-online.de\/v1\/der-verein\/mitgliedsbeitraege-zusatzbeitraege-kuendigung\/#breadcrumb"},"inLanguage":"de","potentialAction":[{"@type":"ReadAction","target":["https:\/\/essc-online.de\/v1\/der-verein\/mitgliedsbeitraege-zusatzbeitraege-kuendigung\/"]}]},{"@type":"BreadcrumbList","@id":"https:\/\/essc-online.de\/v1\/der-verein\/mitgliedsbeitraege-zusatzbeitraege-kuendigung\/#breadcrumb","itemListElement":[{"@type":"ListItem","position":1,"name":"Startseite","item":"https:\/\/essc-online.de\/v1\/"},{"@type":"ListItem","position":2,"name":"Der Verein","item":"https:\/\/essc-online.de\/v1\/der-verein\/"},{"@type":"ListItem","position":3,"name":"Mitgliedsbeitr\u00e4ge, Zusatzbeitr\u00e4ge, K\u00fcndigung"}]},{"@type":"WebSite","@id":"https:\/\/essc-online.de\/v1\/#website","url":"https:\/\/essc-online.de\/v1\/","name":"Erster Sodener Schwimm-Club 1927 e.V.","description":"","publisher":{"@id":"https:\/\/essc-online.de\/v1\/#organization"},"potentialAction":[{"@type":"SearchAction","target":{"@type":"EntryPoint","urlTemplate":"https:\/\/essc-online.de\/v1\/?s={search_term_string}"},"query-input":{"@type":"PropertyValueSpecification","valueRequired":true,"valueName":"search_term_string"}}],"inLanguage":"de"},{"@type":"Organization","@id":"https:\/\/essc-online.de\/v1\/#organization","name":"Erster Sodener Schwimm-Club 1927 e.V.","url":"https:\/\/essc-online.de\/v1\/","logo":{"@type":"ImageObject","inLanguage":"de","@id":"https:\/\/essc-online.de\/v1\/#\/schema\/logo\/image\/","url":"https:\/\/i0.wp.com\/essc-online.de\/v1\/wp-content\/uploads\/2025\/12\/Logo_ESSC.png?fit=640%2C193&ssl=1","contentUrl":"https:\/\/i0.wp.com\/essc-online.de\/v1\/wp-content\/uploads\/2025\/12\/Logo_ESSC.png?fit=640%2C193&ssl=1","width":640,"height":193,"caption":"Erster Sodener Schwimm-Club 1927 e.V."},"image":{"@id":"https:\/\/essc-online.de\/v1\/#\/schema\/logo\/image\/"}}]}},"jetpack_sharing_enabled":true,"_links":{"self":[{"href":"https:\/\/essc-online.de\/v1\/wp-json\/wp\/v2\/pages\/195","targetHints":{"allow":["GET"]}}],"collection":[{"href":"https:\/\/essc-online.de\/v1\/wp-json\/wp\/v2\/pages"}],"about":[{"href":"https:\/\/essc-online.de\/v1\/wp-json\/wp\/v2\/types\/page"}],"author":[{"embeddable":true,"href":"https:\/\/essc-online.de\/v1\/wp-json\/wp\/v2\/users\/1"}],"replies":[{"embeddable":true,"href":"https:\/\/essc-online.de\/v1\/wp-json\/wp\/v2\/comments?post=195"}],"version-history":[{"count":4,"href":"https:\/\/essc-online.de\/v1\/wp-json\/wp\/v2\/pages\/195\/revisions"}],"predecessor-version":[{"id":2268,"href":"https:\/\/essc-online.de\/v1\/wp-json\/wp\/v2\/pages\/195\/revisions\/2268"}],"up":[{"embeddable":true,"href":"https:\/\/essc-online.de\/v1\/wp-json\/wp\/v2\/pages\/134"}],"wp:attachment":[{"href":"https:\/\/essc-online.de\/v1\/wp-json\/wp\/v2\/media?parent=195"}],"curies":[{"name":"wp","href":"https:\/\/api.w.org\/{rel}","templated":true}]}}