{"id":299,"date":"2025-12-14T23:26:16","date_gmt":"2025-12-14T22:26:16","guid":{"rendered":"https:\/\/essc-online.de\/v1\/?page_id=299"},"modified":"2026-02-10T22:14:29","modified_gmt":"2026-02-10T21:14:29","slug":"schwimmkurse-kinder-grundausbildung","status":"publish","type":"page","link":"https:\/\/essc-online.de\/v1\/schwimmkurse-kinder-grundausbildung\/","title":{"rendered":"Grundausbildung"},"content":{"rendered":"\n<hr class=\"wp-block-separator has-alpha-channel-opacity is-style-wide\"\/>\n\n\n\n<figure class=\"wp-block-image size-full\"><img data-recalc-dims=\"1\" loading=\"lazy\" decoding=\"async\" width=\"605\" height=\"404\" src=\"https:\/\/i0.wp.com\/essc-online.de\/v1\/wp-content\/uploads\/2026\/02\/image.png?resize=605%2C404&#038;ssl=1\" alt=\"\" class=\"wp-image-1692\" srcset=\"https:\/\/i0.wp.com\/essc-online.de\/v1\/wp-content\/uploads\/2026\/02\/image.png?w=640&amp;ssl=1 640w, https:\/\/i0.wp.com\/essc-online.de\/v1\/wp-content\/uploads\/2026\/02\/image.png?resize=300%2C200&amp;ssl=1 300w, https:\/\/i0.wp.com\/essc-online.de\/v1\/wp-content\/uploads\/2026\/02\/image.png?resize=100%2C67&amp;ssl=1 100w, https:\/\/i0.wp.com\/essc-online.de\/v1\/wp-content\/uploads\/2026\/02\/image.png?resize=150%2C100&amp;ssl=1 150w, https:\/\/i0.wp.com\/essc-online.de\/v1\/wp-content\/uploads\/2026\/02\/image.png?resize=200%2C133&amp;ssl=1 200w, https:\/\/i0.wp.com\/essc-online.de\/v1\/wp-content\/uploads\/2026\/02\/image.png?resize=450%2C300&amp;ssl=1 450w, https:\/\/i0.wp.com\/essc-online.de\/v1\/wp-content\/uploads\/2026\/02\/image.png?resize=600%2C400&amp;ssl=1 600w\" sizes=\"auto, (max-width: 605px) 100vw, 605px\" \/><\/figure>\n\n\n\n<hr class=\"wp-block-separator has-alpha-channel-opacity is-style-wide\"\/>\n\n\n\n<p>Mit ca. 10 Gruppen schwimmt der ESSC sonntags in verschiedenen Schwimmb\u00e4dern. Hier absolvieren die Schwimmkinder ihre schwimmerische Grundausbildung und entwickeln ihre F\u00e4higkeiten und Fertigkeiten im Wasser. Vom Schwimmanf\u00e4nger bis zu den Fortgeschrittenen sind die Kinder in entsprechenden Gruppen eingeteilt. Nach dem Erreichen des Silberabzeichens k\u00f6nnen die Kinder in den Wettkampf-Nachwuchs aufgenommen werden. Wir verbuchen zurzeit einen enormen Aufschwung und sehen die Ergebnisse vor allem in der Anzahl der abgeleisteten Schwimmabzeichen und auch in den tollen Wettkampfergebnissen des Nachwuchses.<a href=\"https:\/\/sb40a1f9b51e0ff7c.jimcontent.com\/download\/version\/1750172777\/module\/18544241196\/name\/Checkliste-Schwimmkurs-DSV.pdf\"><\/a><\/p>\n\n\n\n<h2 class=\"wp-block-heading\">Checkliste f\u00fcr Anf\u00e4nger-Schwimmkurs<\/h2>\n\n\n\n<p><a href=\"https:\/\/sb40a1f9b51e0ff7c.jimcontent.com\/download\/version\/1750172777\/module\/18544241196\/name\/Checkliste-Schwimmkurs-DSV.pdf\">Download<\/a><\/p>\n\n\n\n<p><\/p>\n","protected":false},"excerpt":{"rendered":"<p>Mit ca. 10 Gruppen schwimmt der ESSC sonntags in verschiedenen Schwimmb\u00e4dern. Hier absolvieren die Schwimmkinder ihre schwimmerische Grundausbildung und entwickeln ihre F\u00e4higkeiten und Fertigkeiten im Wasser. Vom Schwimmanf\u00e4nger bis zu den Fortgeschrittenen sind die Kinder in entsprechenden Gruppen eingeteilt. Nach &hellip;<\/p>\n<p class=\"read-more\"> <a class=\"more-link\" href=\"https:\/\/essc-online.de\/v1\/schwimmkurse-kinder-grundausbildung\/\"> <span class=\"screen-reader-text\">Grundausbildung<\/span> Weiterlesen &raquo;<\/a><\/p>\n","protected":false},"author":1,"featured_media":0,"parent":60,"menu_order":0,"comment_status":"closed","ping_status":"closed","template":"","meta":{"footnotes":""},"class_list":["post-299","page","type-page","status-publish","hentry"],"yoast_head":"<!-- This site is optimized with the Yoast SEO plugin v27.4 - https:\/\/yoast.com\/product\/yoast-seo-wordpress\/ -->\n<title>Grundausbildung - Erster Sodener Schwimm-Club 1927 e.V.<\/title>\n<meta name=\"robots\" content=\"index, follow, max-snippet:-1, max-image-preview:large, max-video-preview:-1\" \/>\n<link rel=\"canonical\" href=\"https:\/\/essc-online.de\/v1\/schwimmkurse-kinder-grundausbildung\/\" \/>\n<meta property=\"og:locale\" content=\"de_DE\" \/>\n<meta property=\"og:type\" content=\"article\" \/>\n<meta property=\"og:title\" content=\"Grundausbildung - Erster Sodener Schwimm-Club 1927 e.V.\" \/>\n<meta property=\"og:description\" content=\"Mit ca. 10 Gruppen schwimmt der ESSC sonntags in verschiedenen Schwimmb\u00e4dern. Hier absolvieren die Schwimmkinder ihre schwimmerische Grundausbildung und entwickeln ihre F\u00e4higkeiten und Fertigkeiten im Wasser. Vom Schwimmanf\u00e4nger bis zu den Fortgeschrittenen sind die Kinder in entsprechenden Gruppen eingeteilt. Nach &hellip; Grundausbildung Weiterlesen &raquo;\" \/>\n<meta property=\"og:url\" content=\"https:\/\/essc-online.de\/v1\/schwimmkurse-kinder-grundausbildung\/\" \/>\n<meta property=\"og:site_name\" content=\"Erster Sodener Schwimm-Club 1927 e.V.\" \/>\n<meta property=\"article:modified_time\" content=\"2026-02-10T21:14:29+00:00\" \/>\n<meta property=\"og:image\" content=\"https:\/\/essc-online.de\/v1\/wp-content\/uploads\/2026\/02\/image.png\" \/>\n<meta name=\"twitter:card\" content=\"summary_large_image\" \/>\n<meta name=\"twitter:label1\" content=\"Gesch\u00e4tzte Lesezeit\" \/>\n\t<meta name=\"twitter:data1\" content=\"1\u00a0Minute\" \/>\n<script type=\"application\/ld+json\" class=\"yoast-schema-graph\">{\"@context\":\"https:\\\/\\\/schema.org\",\"@graph\":[{\"@type\":\"WebPage\",\"@id\":\"https:\\\/\\\/essc-online.de\\\/v1\\\/schwimmkurse-kinder-grundausbildung\\\/\",\"url\":\"https:\\\/\\\/essc-online.de\\\/v1\\\/schwimmkurse-kinder-grundausbildung\\\/\",\"name\":\"Grundausbildung - Erster Sodener Schwimm-Club 1927 e.V.\",\"isPartOf\":{\"@id\":\"https:\\\/\\\/essc-online.de\\\/v1\\\/#website\"},\"primaryImageOfPage\":{\"@id\":\"https:\\\/\\\/essc-online.de\\\/v1\\\/schwimmkurse-kinder-grundausbildung\\\/#primaryimage\"},\"image\":{\"@id\":\"https:\\\/\\\/essc-online.de\\\/v1\\\/schwimmkurse-kinder-grundausbildung\\\/#primaryimage\"},\"thumbnailUrl\":\"https:\\\/\\\/essc-online.de\\\/v1\\\/wp-content\\\/uploads\\\/2026\\\/02\\\/image.png\",\"datePublished\":\"2025-12-14T22:26:16+00:00\",\"dateModified\":\"2026-02-10T21:14:29+00:00\",\"breadcrumb\":{\"@id\":\"https:\\\/\\\/essc-online.de\\\/v1\\\/schwimmkurse-kinder-grundausbildung\\\/#breadcrumb\"},\"inLanguage\":\"de\",\"potentialAction\":[{\"@type\":\"ReadAction\",\"target\":[\"https:\\\/\\\/essc-online.de\\\/v1\\\/schwimmkurse-kinder-grundausbildung\\\/\"]}]},{\"@type\":\"ImageObject\",\"inLanguage\":\"de\",\"@id\":\"https:\\\/\\\/essc-online.de\\\/v1\\\/schwimmkurse-kinder-grundausbildung\\\/#primaryimage\",\"url\":\"https:\\\/\\\/i0.wp.com\\\/essc-online.de\\\/v1\\\/wp-content\\\/uploads\\\/2026\\\/02\\\/image.png?fit=640%2C427&ssl=1\",\"contentUrl\":\"https:\\\/\\\/i0.wp.com\\\/essc-online.de\\\/v1\\\/wp-content\\\/uploads\\\/2026\\\/02\\\/image.png?fit=640%2C427&ssl=1\",\"width\":640,\"height\":427},{\"@type\":\"BreadcrumbList\",\"@id\":\"https:\\\/\\\/essc-online.de\\\/v1\\\/schwimmkurse-kinder-grundausbildung\\\/#breadcrumb\",\"itemListElement\":[{\"@type\":\"ListItem\",\"position\":1,\"name\":\"Startseite\",\"item\":\"https:\\\/\\\/essc-online.de\\\/v1\\\/\"},{\"@type\":\"ListItem\",\"position\":2,\"name\":\"Schwimmsport\",\"item\":\"https:\\\/\\\/essc-online.de\\\/v1\\\/schwimmsport\\\/\"},{\"@type\":\"ListItem\",\"position\":3,\"name\":\"Grundausbildung\"}]},{\"@type\":\"WebSite\",\"@id\":\"https:\\\/\\\/essc-online.de\\\/v1\\\/#website\",\"url\":\"https:\\\/\\\/essc-online.de\\\/v1\\\/\",\"name\":\"Erster Sodener Schwimm-Club 1927 e.V.\",\"description\":\"\",\"publisher\":{\"@id\":\"https:\\\/\\\/essc-online.de\\\/v1\\\/#organization\"},\"potentialAction\":[{\"@type\":\"SearchAction\",\"target\":{\"@type\":\"EntryPoint\",\"urlTemplate\":\"https:\\\/\\\/essc-online.de\\\/v1\\\/?s={search_term_string}\"},\"query-input\":{\"@type\":\"PropertyValueSpecification\",\"valueRequired\":true,\"valueName\":\"search_term_string\"}}],\"inLanguage\":\"de\"},{\"@type\":\"Organization\",\"@id\":\"https:\\\/\\\/essc-online.de\\\/v1\\\/#organization\",\"name\":\"Erster Sodener Schwimm-Club 1927 e.V.\",\"url\":\"https:\\\/\\\/essc-online.de\\\/v1\\\/\",\"logo\":{\"@type\":\"ImageObject\",\"inLanguage\":\"de\",\"@id\":\"https:\\\/\\\/essc-online.de\\\/v1\\\/#\\\/schema\\\/logo\\\/image\\\/\",\"url\":\"https:\\\/\\\/i0.wp.com\\\/essc-online.de\\\/v1\\\/wp-content\\\/uploads\\\/2025\\\/12\\\/Logo_ESSC.png?fit=640%2C193&ssl=1\",\"contentUrl\":\"https:\\\/\\\/i0.wp.com\\\/essc-online.de\\\/v1\\\/wp-content\\\/uploads\\\/2025\\\/12\\\/Logo_ESSC.png?fit=640%2C193&ssl=1\",\"width\":640,\"height\":193,\"caption\":\"Erster Sodener Schwimm-Club 1927 e.V.\"},\"image\":{\"@id\":\"https:\\\/\\\/essc-online.de\\\/v1\\\/#\\\/schema\\\/logo\\\/image\\\/\"}}]}<\/script>\n<!-- \/ Yoast SEO plugin. -->","yoast_head_json":{"title":"Grundausbildung - Erster Sodener Schwimm-Club 1927 e.V.","robots":{"index":"index","follow":"follow","max-snippet":"max-snippet:-1","max-image-preview":"max-image-preview:large","max-video-preview":"max-video-preview:-1"},"canonical":"https:\/\/essc-online.de\/v1\/schwimmkurse-kinder-grundausbildung\/","og_locale":"de_DE","og_type":"article","og_title":"Grundausbildung - Erster Sodener Schwimm-Club 1927 e.V.","og_description":"Mit ca. 10 Gruppen schwimmt der ESSC sonntags in verschiedenen Schwimmb\u00e4dern. Hier absolvieren die Schwimmkinder ihre schwimmerische Grundausbildung und entwickeln ihre F\u00e4higkeiten und Fertigkeiten im Wasser. Vom Schwimmanf\u00e4nger bis zu den Fortgeschrittenen sind die Kinder in entsprechenden Gruppen eingeteilt. Nach &hellip; Grundausbildung Weiterlesen &raquo;","og_url":"https:\/\/essc-online.de\/v1\/schwimmkurse-kinder-grundausbildung\/","og_site_name":"Erster Sodener Schwimm-Club 1927 e.V.","article_modified_time":"2026-02-10T21:14:29+00:00","og_image":[{"url":"https:\/\/essc-online.de\/v1\/wp-content\/uploads\/2026\/02\/image.png","type":"","width":"","height":""}],"twitter_card":"summary_large_image","twitter_misc":{"Gesch\u00e4tzte Lesezeit":"1\u00a0Minute"},"schema":{"@context":"https:\/\/schema.org","@graph":[{"@type":"WebPage","@id":"https:\/\/essc-online.de\/v1\/schwimmkurse-kinder-grundausbildung\/","url":"https:\/\/essc-online.de\/v1\/schwimmkurse-kinder-grundausbildung\/","name":"Grundausbildung - Erster Sodener Schwimm-Club 1927 e.V.","isPartOf":{"@id":"https:\/\/essc-online.de\/v1\/#website"},"primaryImageOfPage":{"@id":"https:\/\/essc-online.de\/v1\/schwimmkurse-kinder-grundausbildung\/#primaryimage"},"image":{"@id":"https:\/\/essc-online.de\/v1\/schwimmkurse-kinder-grundausbildung\/#primaryimage"},"thumbnailUrl":"https:\/\/essc-online.de\/v1\/wp-content\/uploads\/2026\/02\/image.png","datePublished":"2025-12-14T22:26:16+00:00","dateModified":"2026-02-10T21:14:29+00:00","breadcrumb":{"@id":"https:\/\/essc-online.de\/v1\/schwimmkurse-kinder-grundausbildung\/#breadcrumb"},"inLanguage":"de","potentialAction":[{"@type":"ReadAction","target":["https:\/\/essc-online.de\/v1\/schwimmkurse-kinder-grundausbildung\/"]}]},{"@type":"ImageObject","inLanguage":"de","@id":"https:\/\/essc-online.de\/v1\/schwimmkurse-kinder-grundausbildung\/#primaryimage","url":"https:\/\/i0.wp.com\/essc-online.de\/v1\/wp-content\/uploads\/2026\/02\/image.png?fit=640%2C427&ssl=1","contentUrl":"https:\/\/i0.wp.com\/essc-online.de\/v1\/wp-content\/uploads\/2026\/02\/image.png?fit=640%2C427&ssl=1","width":640,"height":427},{"@type":"BreadcrumbList","@id":"https:\/\/essc-online.de\/v1\/schwimmkurse-kinder-grundausbildung\/#breadcrumb","itemListElement":[{"@type":"ListItem","position":1,"name":"Startseite","item":"https:\/\/essc-online.de\/v1\/"},{"@type":"ListItem","position":2,"name":"Schwimmsport","item":"https:\/\/essc-online.de\/v1\/schwimmsport\/"},{"@type":"ListItem","position":3,"name":"Grundausbildung"}]},{"@type":"WebSite","@id":"https:\/\/essc-online.de\/v1\/#website","url":"https:\/\/essc-online.de\/v1\/","name":"Erster Sodener Schwimm-Club 1927 e.V.","description":"","publisher":{"@id":"https:\/\/essc-online.de\/v1\/#organization"},"potentialAction":[{"@type":"SearchAction","target":{"@type":"EntryPoint","urlTemplate":"https:\/\/essc-online.de\/v1\/?s={search_term_string}"},"query-input":{"@type":"PropertyValueSpecification","valueRequired":true,"valueName":"search_term_string"}}],"inLanguage":"de"},{"@type":"Organization","@id":"https:\/\/essc-online.de\/v1\/#organization","name":"Erster Sodener Schwimm-Club 1927 e.V.","url":"https:\/\/essc-online.de\/v1\/","logo":{"@type":"ImageObject","inLanguage":"de","@id":"https:\/\/essc-online.de\/v1\/#\/schema\/logo\/image\/","url":"https:\/\/i0.wp.com\/essc-online.de\/v1\/wp-content\/uploads\/2025\/12\/Logo_ESSC.png?fit=640%2C193&ssl=1","contentUrl":"https:\/\/i0.wp.com\/essc-online.de\/v1\/wp-content\/uploads\/2025\/12\/Logo_ESSC.png?fit=640%2C193&ssl=1","width":640,"height":193,"caption":"Erster Sodener Schwimm-Club 1927 e.V."},"image":{"@id":"https:\/\/essc-online.de\/v1\/#\/schema\/logo\/image\/"}}]}},"jetpack_sharing_enabled":true,"_links":{"self":[{"href":"https:\/\/essc-online.de\/v1\/wp-json\/wp\/v2\/pages\/299","targetHints":{"allow":["GET"]}}],"collection":[{"href":"https:\/\/essc-online.de\/v1\/wp-json\/wp\/v2\/pages"}],"about":[{"href":"https:\/\/essc-online.de\/v1\/wp-json\/wp\/v2\/types\/page"}],"author":[{"embeddable":true,"href":"https:\/\/essc-online.de\/v1\/wp-json\/wp\/v2\/users\/1"}],"replies":[{"embeddable":true,"href":"https:\/\/essc-online.de\/v1\/wp-json\/wp\/v2\/comments?post=299"}],"version-history":[{"count":6,"href":"https:\/\/essc-online.de\/v1\/wp-json\/wp\/v2\/pages\/299\/revisions"}],"predecessor-version":[{"id":1701,"href":"https:\/\/essc-online.de\/v1\/wp-json\/wp\/v2\/pages\/299\/revisions\/1701"}],"up":[{"embeddable":true,"href":"https:\/\/essc-online.de\/v1\/wp-json\/wp\/v2\/pages\/60"}],"wp:attachment":[{"href":"https:\/\/essc-online.de\/v1\/wp-json\/wp\/v2\/media?parent=299"}],"curies":[{"name":"wp","href":"https:\/\/api.w.org\/{rel}","templated":true}]}}