{"id":473,"date":"2025-12-30T15:53:35","date_gmt":"2025-12-30T14:53:35","guid":{"rendered":"https:\/\/essc-online.de\/v1\/?page_id=473"},"modified":"2026-01-16T22:54:04","modified_gmt":"2026-01-16T21:54:04","slug":"karate","status":"publish","type":"page","link":"https:\/\/essc-online.de\/v1\/fitness-bewegung\/karate\/","title":{"rendered":"Karate"},"content":{"rendered":"\n<figure class=\"wp-block-image\"><a href=\"javascript:;\"><img data-recalc-dims=\"1\" loading=\"lazy\" decoding=\"async\" width=\"605\" height=\"264\" src=\"https:\/\/i0.wp.com\/essc-online.de\/v1\/wp-content\/uploads\/2025\/12\/image.jpg?resize=605%2C264&#038;ssl=1\" alt=\"\" class=\"wp-image-498\" srcset=\"https:\/\/i0.wp.com\/essc-online.de\/v1\/wp-content\/uploads\/2025\/12\/image.jpg?w=820&amp;ssl=1 820w, https:\/\/i0.wp.com\/essc-online.de\/v1\/wp-content\/uploads\/2025\/12\/image.jpg?resize=300%2C131&amp;ssl=1 300w, https:\/\/i0.wp.com\/essc-online.de\/v1\/wp-content\/uploads\/2025\/12\/image.jpg?resize=768%2C335&amp;ssl=1 768w, https:\/\/i0.wp.com\/essc-online.de\/v1\/wp-content\/uploads\/2025\/12\/image.jpg?resize=100%2C44&amp;ssl=1 100w, https:\/\/i0.wp.com\/essc-online.de\/v1\/wp-content\/uploads\/2025\/12\/image.jpg?resize=150%2C65&amp;ssl=1 150w, https:\/\/i0.wp.com\/essc-online.de\/v1\/wp-content\/uploads\/2025\/12\/image.jpg?resize=200%2C87&amp;ssl=1 200w, https:\/\/i0.wp.com\/essc-online.de\/v1\/wp-content\/uploads\/2025\/12\/image.jpg?resize=450%2C196&amp;ssl=1 450w, https:\/\/i0.wp.com\/essc-online.de\/v1\/wp-content\/uploads\/2025\/12\/image.jpg?resize=600%2C262&amp;ssl=1 600w\" sizes=\"auto, (max-width: 605px) 100vw, 605px\" \/><\/a><\/figure>\n\n\n\n<p>Karate ist eine fern\u00f6stliche Kampfsportart, die vor etwa 2000 Jahren in China ihren Ursprung hat. Sie gelangte von dort nach Japan, wo sie zu der heute gebr\u00e4uchlichen Form und den verschiedenen Stilen perfektioniert wurde.<\/p>\n\n\n\n<p>Karate hei\u00dft \u00fcbersetzt die leere oder unbewaffnete Hand. In dieser Kampfsportart werden alle Gliedma\u00dfen des K\u00f6rpers zu nat\u00fcrlichen Abwehrwaffen ausgebildet. Daher ist sie die wirksamste und systematischste Selbstverteidugung der Welt. Sie ist zugleich eine sehr gute K\u00f6rperschule, da neben einer gleichm\u00e4\u00dfigen Entwicklung der Muskeln auch die Gelenkigkeit und die Reaktionsf\u00e4higkeit \u00fcberdurchschnittlich ausgebildet werden.<\/p>\n\n\n\n<p>P\u00e4dagogen entdeckten in diesem Kampfsport ein hervorragendes Mittel zur Pers\u00f6nlichkeitsbildung in k\u00f6rperlicher sowie in geistiger Art. F\u00fcr Kinder wird Karate auch zu Therapiezwecken eingesetzt. Karate verlangt dar\u00fcber hinaus Disziplin, Ausdauer und auch geistige F\u00e4higkeiten wie Konzentration und eine entsprechende ethische Einstellung. Insofern ist Karate eine anspruchsvolle Sportart. In Japan sind die Mehrzahl der Karatelehrer Akademiker.<\/p>\n\n\n\n<p>F\u00fcr Kinder beginnen wir mit dem Karateunterricht, sobald sie in der Schule sind.<\/p>\n\n\n\n<p>Info unter&nbsp;<a href=\"mailto:karate@essc-online.de\">karate@essc-online.de<\/a><\/p>\n\n\n\n<figure class=\"wp-block-image\"><a href=\"javascript:;\"><img data-recalc-dims=\"1\" loading=\"lazy\" decoding=\"async\" width=\"397\" height=\"298\" src=\"https:\/\/i0.wp.com\/essc-online.de\/v1\/wp-content\/uploads\/2025\/12\/image-4bbcacca-73d2-4a00-b534-4a774b956589.jpg?resize=397%2C298&#038;ssl=1\" alt=\"\" class=\"wp-image-497\" srcset=\"https:\/\/i0.wp.com\/essc-online.de\/v1\/wp-content\/uploads\/2025\/12\/image-4bbcacca-73d2-4a00-b534-4a774b956589.jpg?w=397&amp;ssl=1 397w, https:\/\/i0.wp.com\/essc-online.de\/v1\/wp-content\/uploads\/2025\/12\/image-4bbcacca-73d2-4a00-b534-4a774b956589.jpg?resize=300%2C225&amp;ssl=1 300w, https:\/\/i0.wp.com\/essc-online.de\/v1\/wp-content\/uploads\/2025\/12\/image-4bbcacca-73d2-4a00-b534-4a774b956589.jpg?resize=100%2C75&amp;ssl=1 100w, https:\/\/i0.wp.com\/essc-online.de\/v1\/wp-content\/uploads\/2025\/12\/image-4bbcacca-73d2-4a00-b534-4a774b956589.jpg?resize=150%2C113&amp;ssl=1 150w, https:\/\/i0.wp.com\/essc-online.de\/v1\/wp-content\/uploads\/2025\/12\/image-4bbcacca-73d2-4a00-b534-4a774b956589.jpg?resize=200%2C150&amp;ssl=1 200w\" sizes=\"auto, (max-width: 397px) 100vw, 397px\" \/><\/a><\/figure>\n\n\n\n<figure class=\"wp-block-image\"><a href=\"javascript:;\"><img data-recalc-dims=\"1\" loading=\"lazy\" decoding=\"async\" width=\"393\" height=\"298\" src=\"https:\/\/i0.wp.com\/essc-online.de\/v1\/wp-content\/uploads\/2025\/12\/image-15fb65eb-cc06-4265-8cb5-4bfd49a0ae94.jpg?resize=393%2C298&#038;ssl=1\" alt=\"\" class=\"wp-image-499\" srcset=\"https:\/\/i0.wp.com\/essc-online.de\/v1\/wp-content\/uploads\/2025\/12\/image-15fb65eb-cc06-4265-8cb5-4bfd49a0ae94.jpg?w=393&amp;ssl=1 393w, https:\/\/i0.wp.com\/essc-online.de\/v1\/wp-content\/uploads\/2025\/12\/image-15fb65eb-cc06-4265-8cb5-4bfd49a0ae94.jpg?resize=300%2C227&amp;ssl=1 300w, https:\/\/i0.wp.com\/essc-online.de\/v1\/wp-content\/uploads\/2025\/12\/image-15fb65eb-cc06-4265-8cb5-4bfd49a0ae94.jpg?resize=100%2C76&amp;ssl=1 100w, https:\/\/i0.wp.com\/essc-online.de\/v1\/wp-content\/uploads\/2025\/12\/image-15fb65eb-cc06-4265-8cb5-4bfd49a0ae94.jpg?resize=150%2C114&amp;ssl=1 150w, https:\/\/i0.wp.com\/essc-online.de\/v1\/wp-content\/uploads\/2025\/12\/image-15fb65eb-cc06-4265-8cb5-4bfd49a0ae94.jpg?resize=200%2C152&amp;ssl=1 200w\" sizes=\"auto, (max-width: 393px) 100vw, 393px\" \/><\/a><\/figure>\n\n\n\n<h3 class=\"wp-block-heading\" id=\"cc-m-header-12395891096\">Trainer<\/h3>\n\n\n\n<figure class=\"wp-block-image\"><img data-recalc-dims=\"1\" loading=\"lazy\" decoding=\"async\" width=\"113\" height=\"160\" src=\"https:\/\/i0.wp.com\/essc-online.de\/v1\/wp-content\/uploads\/2025\/12\/image-b287f537-32e9-4750-a7cd-13c4d662dc5f.jpg?resize=113%2C160&#038;ssl=1\" alt=\"\" class=\"wp-image-500\" srcset=\"https:\/\/i0.wp.com\/essc-online.de\/v1\/wp-content\/uploads\/2025\/12\/image-b287f537-32e9-4750-a7cd-13c4d662dc5f.jpg?w=113&amp;ssl=1 113w, https:\/\/i0.wp.com\/essc-online.de\/v1\/wp-content\/uploads\/2025\/12\/image-b287f537-32e9-4750-a7cd-13c4d662dc5f.jpg?resize=100%2C142&amp;ssl=1 100w\" sizes=\"auto, (max-width: 113px) 100vw, 113px\" \/><\/figure>\n\n\n\n<p><strong>Slobodan Adanski<\/strong><\/p>\n\n\n\n<ul class=\"wp-block-list\">\n<li>4. Dan Shotokan<\/li>\n\n\n\n<li>Inhaber der Pr\u00fcflizenz bis 1. Kyu<\/li>\n\n\n\n<li>Inhaber der Trainerlizenz<\/li>\n\n\n\n<li>Fitness-Trainer bei verschiedenen Banken und Fitness Studios<\/li>\n\n\n\n<li>Karatetraining seit 1975<\/li>\n\n\n\n<li>Gr\u00f6\u00dfter Erfolg: 1. Platz Weltmeisterschaft in Toronto, 1987<\/li>\n<\/ul>\n\n\n\n<p><a href=\"https:\/\/sb40a1f9b51e0ff7c.jimcontent.com\/download\/version\/1694677897\/module\/17668701396\/name\/PO-Shotokan-9.-Kyu-bis-8.-Dan-ab-01.01.2023.pdf\"><\/a><\/p>\n\n\n\n<p>Pr\u00fcfungsordnung Shotokan Karate 9. Kyu bis 8. Dan<\/p>\n\n\n\n<p>Stand 01.01.2023<\/p>\n\n\n\n<p>PO-Shotokan-9.-Kyu-bis-8.-Dan-ab-01.01.2<\/p>\n\n\n\n<p><\/p>\n\n\n\n<p><a href=\"https:\/\/sb40a1f9b51e0ff7c.jimcontent.com\/download\/version\/1694677897\/module\/17668701396\/name\/PO-Shotokan-9.-Kyu-bis-8.-Dan-ab-01.01.2023.pdf\">Download<\/a><\/p>\n\n\n\n<p>Trainingszeiten und -orte finden Sie im\u00a0aktuellen\u00a0<a href=\"https:\/\/essc-online.de\/v1\/der-verein\/uebungsplan\/\"><strong>\u00dcbungsplan<\/strong><\/a><\/p>\n\n\n\n<p>Anschriften der&nbsp;<strong><a href=\"https:\/\/essc-online.de\/www.essc-online.de\/verein\/anschriften-%c3%bcbungsst%c3%a4tten\/index.html\"><strong>\u00dcbungsst\u00e4tten<\/strong><\/a><\/strong><\/p>\n\n\n\n<p><\/p>\n","protected":false},"excerpt":{"rendered":"<p>Karate ist eine fern\u00f6stliche Kampfsportart, die vor etwa 2000 Jahren in China ihren Ursprung hat. Sie gelangte von dort nach Japan, wo sie zu der heute gebr\u00e4uchlichen Form und den verschiedenen Stilen perfektioniert wurde. Karate hei\u00dft \u00fcbersetzt die leere oder &hellip;<\/p>\n<p class=\"read-more\"> <a class=\"more-link\" href=\"https:\/\/essc-online.de\/v1\/fitness-bewegung\/karate\/\"> <span class=\"screen-reader-text\">Karate<\/span> Weiterlesen &raquo;<\/a><\/p>\n","protected":false},"author":2,"featured_media":0,"parent":66,"menu_order":0,"comment_status":"closed","ping_status":"closed","template":"","meta":{"footnotes":""},"class_list":["post-473","page","type-page","status-publish","hentry"],"yoast_head":"<!-- This site is optimized with the Yoast SEO plugin v27.4 - https:\/\/yoast.com\/product\/yoast-seo-wordpress\/ -->\n<title>Karate - Erster Sodener Schwimm-Club 1927 e.V.<\/title>\n<meta name=\"robots\" content=\"index, follow, max-snippet:-1, max-image-preview:large, max-video-preview:-1\" \/>\n<link rel=\"canonical\" href=\"https:\/\/essc-online.de\/v1\/fitness-bewegung\/karate\/\" \/>\n<meta property=\"og:locale\" content=\"de_DE\" \/>\n<meta property=\"og:type\" content=\"article\" \/>\n<meta property=\"og:title\" content=\"Karate - Erster Sodener Schwimm-Club 1927 e.V.\" \/>\n<meta property=\"og:description\" content=\"Karate ist eine fern\u00f6stliche Kampfsportart, die vor etwa 2000 Jahren in China ihren Ursprung hat. Sie gelangte von dort nach Japan, wo sie zu der heute gebr\u00e4uchlichen Form und den verschiedenen Stilen perfektioniert wurde. Karate hei\u00dft \u00fcbersetzt die leere oder &hellip; Karate Weiterlesen &raquo;\" \/>\n<meta property=\"og:url\" content=\"https:\/\/essc-online.de\/v1\/fitness-bewegung\/karate\/\" \/>\n<meta property=\"og:site_name\" content=\"Erster Sodener Schwimm-Club 1927 e.V.\" \/>\n<meta property=\"article:modified_time\" content=\"2026-01-16T21:54:04+00:00\" \/>\n<meta property=\"og:image\" content=\"https:\/\/essc-online.de\/v1\/wp-content\/uploads\/2025\/12\/image.jpg\" \/>\n<meta name=\"twitter:card\" content=\"summary_large_image\" \/>\n<meta name=\"twitter:label1\" content=\"Gesch\u00e4tzte Lesezeit\" \/>\n\t<meta name=\"twitter:data1\" content=\"2\u00a0Minuten\" \/>\n<script type=\"application\/ld+json\" class=\"yoast-schema-graph\">{\"@context\":\"https:\\\/\\\/schema.org\",\"@graph\":[{\"@type\":\"WebPage\",\"@id\":\"https:\\\/\\\/essc-online.de\\\/v1\\\/fitness-bewegung\\\/karate\\\/\",\"url\":\"https:\\\/\\\/essc-online.de\\\/v1\\\/fitness-bewegung\\\/karate\\\/\",\"name\":\"Karate - Erster Sodener Schwimm-Club 1927 e.V.\",\"isPartOf\":{\"@id\":\"https:\\\/\\\/essc-online.de\\\/v1\\\/#website\"},\"primaryImageOfPage\":{\"@id\":\"https:\\\/\\\/essc-online.de\\\/v1\\\/fitness-bewegung\\\/karate\\\/#primaryimage\"},\"image\":{\"@id\":\"https:\\\/\\\/essc-online.de\\\/v1\\\/fitness-bewegung\\\/karate\\\/#primaryimage\"},\"thumbnailUrl\":\"https:\\\/\\\/essc-online.de\\\/v1\\\/wp-content\\\/uploads\\\/2025\\\/12\\\/image.jpg\",\"datePublished\":\"2025-12-30T14:53:35+00:00\",\"dateModified\":\"2026-01-16T21:54:04+00:00\",\"breadcrumb\":{\"@id\":\"https:\\\/\\\/essc-online.de\\\/v1\\\/fitness-bewegung\\\/karate\\\/#breadcrumb\"},\"inLanguage\":\"de\",\"potentialAction\":[{\"@type\":\"ReadAction\",\"target\":[\"https:\\\/\\\/essc-online.de\\\/v1\\\/fitness-bewegung\\\/karate\\\/\"]}]},{\"@type\":\"ImageObject\",\"inLanguage\":\"de\",\"@id\":\"https:\\\/\\\/essc-online.de\\\/v1\\\/fitness-bewegung\\\/karate\\\/#primaryimage\",\"url\":\"https:\\\/\\\/i0.wp.com\\\/essc-online.de\\\/v1\\\/wp-content\\\/uploads\\\/2025\\\/12\\\/image.jpg?fit=820%2C358&ssl=1\",\"contentUrl\":\"https:\\\/\\\/i0.wp.com\\\/essc-online.de\\\/v1\\\/wp-content\\\/uploads\\\/2025\\\/12\\\/image.jpg?fit=820%2C358&ssl=1\",\"width\":820,\"height\":358,\"caption\":\"Karateoberstufe, Gruppenfoto\"},{\"@type\":\"BreadcrumbList\",\"@id\":\"https:\\\/\\\/essc-online.de\\\/v1\\\/fitness-bewegung\\\/karate\\\/#breadcrumb\",\"itemListElement\":[{\"@type\":\"ListItem\",\"position\":1,\"name\":\"Startseite\",\"item\":\"https:\\\/\\\/essc-online.de\\\/v1\\\/\"},{\"@type\":\"ListItem\",\"position\":2,\"name\":\"Fitness &#038; Bewegung\",\"item\":\"https:\\\/\\\/essc-online.de\\\/v1\\\/fitness-bewegung\\\/\"},{\"@type\":\"ListItem\",\"position\":3,\"name\":\"Karate\"}]},{\"@type\":\"WebSite\",\"@id\":\"https:\\\/\\\/essc-online.de\\\/v1\\\/#website\",\"url\":\"https:\\\/\\\/essc-online.de\\\/v1\\\/\",\"name\":\"Erster Sodener Schwimm-Club 1927 e.V.\",\"description\":\"\",\"publisher\":{\"@id\":\"https:\\\/\\\/essc-online.de\\\/v1\\\/#organization\"},\"potentialAction\":[{\"@type\":\"SearchAction\",\"target\":{\"@type\":\"EntryPoint\",\"urlTemplate\":\"https:\\\/\\\/essc-online.de\\\/v1\\\/?s={search_term_string}\"},\"query-input\":{\"@type\":\"PropertyValueSpecification\",\"valueRequired\":true,\"valueName\":\"search_term_string\"}}],\"inLanguage\":\"de\"},{\"@type\":\"Organization\",\"@id\":\"https:\\\/\\\/essc-online.de\\\/v1\\\/#organization\",\"name\":\"Erster Sodener Schwimm-Club 1927 e.V.\",\"url\":\"https:\\\/\\\/essc-online.de\\\/v1\\\/\",\"logo\":{\"@type\":\"ImageObject\",\"inLanguage\":\"de\",\"@id\":\"https:\\\/\\\/essc-online.de\\\/v1\\\/#\\\/schema\\\/logo\\\/image\\\/\",\"url\":\"https:\\\/\\\/i0.wp.com\\\/essc-online.de\\\/v1\\\/wp-content\\\/uploads\\\/2025\\\/12\\\/Logo_ESSC.png?fit=640%2C193&ssl=1\",\"contentUrl\":\"https:\\\/\\\/i0.wp.com\\\/essc-online.de\\\/v1\\\/wp-content\\\/uploads\\\/2025\\\/12\\\/Logo_ESSC.png?fit=640%2C193&ssl=1\",\"width\":640,\"height\":193,\"caption\":\"Erster Sodener Schwimm-Club 1927 e.V.\"},\"image\":{\"@id\":\"https:\\\/\\\/essc-online.de\\\/v1\\\/#\\\/schema\\\/logo\\\/image\\\/\"}}]}<\/script>\n<!-- \/ Yoast SEO plugin. -->","yoast_head_json":{"title":"Karate - Erster Sodener Schwimm-Club 1927 e.V.","robots":{"index":"index","follow":"follow","max-snippet":"max-snippet:-1","max-image-preview":"max-image-preview:large","max-video-preview":"max-video-preview:-1"},"canonical":"https:\/\/essc-online.de\/v1\/fitness-bewegung\/karate\/","og_locale":"de_DE","og_type":"article","og_title":"Karate - Erster Sodener Schwimm-Club 1927 e.V.","og_description":"Karate ist eine fern\u00f6stliche Kampfsportart, die vor etwa 2000 Jahren in China ihren Ursprung hat. Sie gelangte von dort nach Japan, wo sie zu der heute gebr\u00e4uchlichen Form und den verschiedenen Stilen perfektioniert wurde. Karate hei\u00dft \u00fcbersetzt die leere oder &hellip; Karate Weiterlesen &raquo;","og_url":"https:\/\/essc-online.de\/v1\/fitness-bewegung\/karate\/","og_site_name":"Erster Sodener Schwimm-Club 1927 e.V.","article_modified_time":"2026-01-16T21:54:04+00:00","og_image":[{"url":"https:\/\/essc-online.de\/v1\/wp-content\/uploads\/2025\/12\/image.jpg","type":"","width":"","height":""}],"twitter_card":"summary_large_image","twitter_misc":{"Gesch\u00e4tzte Lesezeit":"2\u00a0Minuten"},"schema":{"@context":"https:\/\/schema.org","@graph":[{"@type":"WebPage","@id":"https:\/\/essc-online.de\/v1\/fitness-bewegung\/karate\/","url":"https:\/\/essc-online.de\/v1\/fitness-bewegung\/karate\/","name":"Karate - Erster Sodener Schwimm-Club 1927 e.V.","isPartOf":{"@id":"https:\/\/essc-online.de\/v1\/#website"},"primaryImageOfPage":{"@id":"https:\/\/essc-online.de\/v1\/fitness-bewegung\/karate\/#primaryimage"},"image":{"@id":"https:\/\/essc-online.de\/v1\/fitness-bewegung\/karate\/#primaryimage"},"thumbnailUrl":"https:\/\/essc-online.de\/v1\/wp-content\/uploads\/2025\/12\/image.jpg","datePublished":"2025-12-30T14:53:35+00:00","dateModified":"2026-01-16T21:54:04+00:00","breadcrumb":{"@id":"https:\/\/essc-online.de\/v1\/fitness-bewegung\/karate\/#breadcrumb"},"inLanguage":"de","potentialAction":[{"@type":"ReadAction","target":["https:\/\/essc-online.de\/v1\/fitness-bewegung\/karate\/"]}]},{"@type":"ImageObject","inLanguage":"de","@id":"https:\/\/essc-online.de\/v1\/fitness-bewegung\/karate\/#primaryimage","url":"https:\/\/i0.wp.com\/essc-online.de\/v1\/wp-content\/uploads\/2025\/12\/image.jpg?fit=820%2C358&ssl=1","contentUrl":"https:\/\/i0.wp.com\/essc-online.de\/v1\/wp-content\/uploads\/2025\/12\/image.jpg?fit=820%2C358&ssl=1","width":820,"height":358,"caption":"Karateoberstufe, Gruppenfoto"},{"@type":"BreadcrumbList","@id":"https:\/\/essc-online.de\/v1\/fitness-bewegung\/karate\/#breadcrumb","itemListElement":[{"@type":"ListItem","position":1,"name":"Startseite","item":"https:\/\/essc-online.de\/v1\/"},{"@type":"ListItem","position":2,"name":"Fitness &#038; Bewegung","item":"https:\/\/essc-online.de\/v1\/fitness-bewegung\/"},{"@type":"ListItem","position":3,"name":"Karate"}]},{"@type":"WebSite","@id":"https:\/\/essc-online.de\/v1\/#website","url":"https:\/\/essc-online.de\/v1\/","name":"Erster Sodener Schwimm-Club 1927 e.V.","description":"","publisher":{"@id":"https:\/\/essc-online.de\/v1\/#organization"},"potentialAction":[{"@type":"SearchAction","target":{"@type":"EntryPoint","urlTemplate":"https:\/\/essc-online.de\/v1\/?s={search_term_string}"},"query-input":{"@type":"PropertyValueSpecification","valueRequired":true,"valueName":"search_term_string"}}],"inLanguage":"de"},{"@type":"Organization","@id":"https:\/\/essc-online.de\/v1\/#organization","name":"Erster Sodener Schwimm-Club 1927 e.V.","url":"https:\/\/essc-online.de\/v1\/","logo":{"@type":"ImageObject","inLanguage":"de","@id":"https:\/\/essc-online.de\/v1\/#\/schema\/logo\/image\/","url":"https:\/\/i0.wp.com\/essc-online.de\/v1\/wp-content\/uploads\/2025\/12\/Logo_ESSC.png?fit=640%2C193&ssl=1","contentUrl":"https:\/\/i0.wp.com\/essc-online.de\/v1\/wp-content\/uploads\/2025\/12\/Logo_ESSC.png?fit=640%2C193&ssl=1","width":640,"height":193,"caption":"Erster Sodener Schwimm-Club 1927 e.V."},"image":{"@id":"https:\/\/essc-online.de\/v1\/#\/schema\/logo\/image\/"}}]}},"jetpack_sharing_enabled":true,"_links":{"self":[{"href":"https:\/\/essc-online.de\/v1\/wp-json\/wp\/v2\/pages\/473","targetHints":{"allow":["GET"]}}],"collection":[{"href":"https:\/\/essc-online.de\/v1\/wp-json\/wp\/v2\/pages"}],"about":[{"href":"https:\/\/essc-online.de\/v1\/wp-json\/wp\/v2\/types\/page"}],"author":[{"embeddable":true,"href":"https:\/\/essc-online.de\/v1\/wp-json\/wp\/v2\/users\/2"}],"replies":[{"embeddable":true,"href":"https:\/\/essc-online.de\/v1\/wp-json\/wp\/v2\/comments?post=473"}],"version-history":[{"count":6,"href":"https:\/\/essc-online.de\/v1\/wp-json\/wp\/v2\/pages\/473\/revisions"}],"predecessor-version":[{"id":1486,"href":"https:\/\/essc-online.de\/v1\/wp-json\/wp\/v2\/pages\/473\/revisions\/1486"}],"up":[{"embeddable":true,"href":"https:\/\/essc-online.de\/v1\/wp-json\/wp\/v2\/pages\/66"}],"wp:attachment":[{"href":"https:\/\/essc-online.de\/v1\/wp-json\/wp\/v2\/media?parent=473"}],"curies":[{"name":"wp","href":"https:\/\/api.w.org\/{rel}","templated":true}]}}