{"id":505,"date":"2025-12-30T15:55:45","date_gmt":"2025-12-30T14:55:45","guid":{"rendered":"https:\/\/essc-online.de\/v1\/?page_id=505"},"modified":"2026-01-16T22:51:41","modified_gmt":"2026-01-16T21:51:41","slug":"eltern-kind-turnen","status":"publish","type":"page","link":"https:\/\/essc-online.de\/v1\/fitness-bewegung\/eltern-kind-turnen\/","title":{"rendered":"Eltern-Kind-Turnen"},"content":{"rendered":"\n<figure class=\"wp-block-image size-full\"><img data-recalc-dims=\"1\" loading=\"lazy\" decoding=\"async\" width=\"605\" height=\"438\" src=\"https:\/\/i0.wp.com\/essc-online.de\/v1\/wp-content\/uploads\/2025\/12\/image.png?resize=605%2C438&#038;ssl=1\" alt=\"\" class=\"wp-image-511\" srcset=\"https:\/\/i0.wp.com\/essc-online.de\/v1\/wp-content\/uploads\/2025\/12\/image.png?w=820&amp;ssl=1 820w, https:\/\/i0.wp.com\/essc-online.de\/v1\/wp-content\/uploads\/2025\/12\/image.png?resize=300%2C217&amp;ssl=1 300w, https:\/\/i0.wp.com\/essc-online.de\/v1\/wp-content\/uploads\/2025\/12\/image.png?resize=768%2C556&amp;ssl=1 768w, https:\/\/i0.wp.com\/essc-online.de\/v1\/wp-content\/uploads\/2025\/12\/image.png?resize=100%2C72&amp;ssl=1 100w, https:\/\/i0.wp.com\/essc-online.de\/v1\/wp-content\/uploads\/2025\/12\/image.png?resize=150%2C109&amp;ssl=1 150w, https:\/\/i0.wp.com\/essc-online.de\/v1\/wp-content\/uploads\/2025\/12\/image.png?resize=200%2C145&amp;ssl=1 200w, https:\/\/i0.wp.com\/essc-online.de\/v1\/wp-content\/uploads\/2025\/12\/image.png?resize=450%2C326&amp;ssl=1 450w, https:\/\/i0.wp.com\/essc-online.de\/v1\/wp-content\/uploads\/2025\/12\/image.png?resize=600%2C435&amp;ssl=1 600w\" sizes=\"auto, (max-width: 605px) 100vw, 605px\" \/><\/figure>\n\n\n\n<p>Im Eltern-Kind-Turnen werden altersgerechte Bewegungserfahrungen f\u00fcr Kinder von 1-4 Jahren mit ihren M\u00fcttern oder V\u00e4tern angeboten.<\/p>\n\n\n\n<p>Die Stundenbilder haben verschiedene Schwerpunkte, wie Klettern, H\u00fcpfen, Balancieren, Rutschen, Werfen usw., und sollen die Kinder zum Entdecken und Ausprobieren animieren. Die Kinder sammeln Bewegungserfahrungen bei kleinen Spielen, Bewegungsliedern, Ballspiele und bei leichten Ger\u00e4teparcours, z.B. K\u00e4sten, B\u00e4nke, Sprossenwand, Barren, Reifen, Springseile usw. Fantasievolle Bewegungsgeschichten beim gemeinsamen Turnen, Singen und Tanzen kommen der Kreativit\u00e4t der Kleinen besonders entgegen. Die Freude an der Bewegung und dem Spielen mit den Eltern und Gleichaltrigen steht im Vordergrund. Beim Turnen sind somit auch die Eltern gefordert.<\/p>\n\n\n\n<p>Tag\/Uhrzeit\/Ort:&nbsp;<strong>montags, gemeinsamer Aufbau: ab 15:15 Uhr<\/strong><\/p>\n\n\n\n<p><strong>Start: 15:30 &#8211; 16:30 Uhr,<\/strong>&nbsp;Sporthalle der Theodor-Heuss-Schule<\/p>\n\n\n\n<p>Kursleitung: Claudia Zupke-Sch\u00e4fer, Ulli M\u00fcller<\/p>\n\n\n\n<p>Anmeldung:&nbsp;<a href=\"mailto:kinderturnen@essc-online.de\">kinderturnen@essc-online.de<\/a><\/p>\n\n\n\n<figure class=\"wp-block-image size-full\"><img data-recalc-dims=\"1\" loading=\"lazy\" decoding=\"async\" width=\"605\" height=\"315\" src=\"https:\/\/i0.wp.com\/essc-online.de\/v1\/wp-content\/uploads\/2025\/12\/image.jpeg?resize=605%2C315&#038;ssl=1\" alt=\"\" class=\"wp-image-512\" srcset=\"https:\/\/i0.wp.com\/essc-online.de\/v1\/wp-content\/uploads\/2025\/12\/image.jpeg?w=820&amp;ssl=1 820w, https:\/\/i0.wp.com\/essc-online.de\/v1\/wp-content\/uploads\/2025\/12\/image.jpeg?resize=300%2C156&amp;ssl=1 300w, https:\/\/i0.wp.com\/essc-online.de\/v1\/wp-content\/uploads\/2025\/12\/image.jpeg?resize=768%2C400&amp;ssl=1 768w, https:\/\/i0.wp.com\/essc-online.de\/v1\/wp-content\/uploads\/2025\/12\/image.jpeg?resize=100%2C52&amp;ssl=1 100w, https:\/\/i0.wp.com\/essc-online.de\/v1\/wp-content\/uploads\/2025\/12\/image.jpeg?resize=150%2C78&amp;ssl=1 150w, https:\/\/i0.wp.com\/essc-online.de\/v1\/wp-content\/uploads\/2025\/12\/image.jpeg?resize=200%2C104&amp;ssl=1 200w, https:\/\/i0.wp.com\/essc-online.de\/v1\/wp-content\/uploads\/2025\/12\/image.jpeg?resize=450%2C234&amp;ssl=1 450w, https:\/\/i0.wp.com\/essc-online.de\/v1\/wp-content\/uploads\/2025\/12\/image.jpeg?resize=600%2C312&amp;ssl=1 600w\" sizes=\"auto, (max-width: 605px) 100vw, 605px\" \/><\/figure>\n\n\n\n<p>Trainingszeiten und -orte finden Sie im\u00a0aktuellen\u00a0<a href=\"https:\/\/essc-online.de\/v1\/der-verein\/uebungsplan\/\"><strong>\u00dcbungsplan<\/strong><\/a><\/p>\n\n\n\n<p>Anschriften der&nbsp;<strong><a href=\"https:\/\/essc-online.de\/www.essc-online.de\/verein\/anschriften-%c3%bcbungsst%c3%a4tten\/index.html\"><strong>\u00dcbungsst\u00e4tten<\/strong><\/a><\/strong><\/p>\n\n\n\n<p><\/p>\n","protected":false},"excerpt":{"rendered":"<p>Im Eltern-Kind-Turnen werden altersgerechte Bewegungserfahrungen f\u00fcr Kinder von 1-4 Jahren mit ihren M\u00fcttern oder V\u00e4tern angeboten. Die Stundenbilder haben verschiedene Schwerpunkte, wie Klettern, H\u00fcpfen, Balancieren, Rutschen, Werfen usw., und sollen die Kinder zum Entdecken und Ausprobieren animieren. Die Kinder sammeln &hellip;<\/p>\n<p class=\"read-more\"> <a class=\"more-link\" href=\"https:\/\/essc-online.de\/v1\/fitness-bewegung\/eltern-kind-turnen\/\"> <span class=\"screen-reader-text\">Eltern-Kind-Turnen<\/span> Weiterlesen &raquo;<\/a><\/p>\n","protected":false},"author":2,"featured_media":0,"parent":66,"menu_order":0,"comment_status":"closed","ping_status":"closed","template":"","meta":{"footnotes":""},"class_list":["post-505","page","type-page","status-publish","hentry"],"yoast_head":"<!-- This site is optimized with the Yoast SEO plugin v27.4 - https:\/\/yoast.com\/product\/yoast-seo-wordpress\/ -->\n<title>Eltern-Kind-Turnen - Erster Sodener Schwimm-Club 1927 e.V.<\/title>\n<meta name=\"robots\" content=\"index, follow, max-snippet:-1, max-image-preview:large, max-video-preview:-1\" \/>\n<link rel=\"canonical\" href=\"https:\/\/essc-online.de\/v1\/fitness-bewegung\/eltern-kind-turnen\/\" \/>\n<meta property=\"og:locale\" content=\"de_DE\" \/>\n<meta property=\"og:type\" content=\"article\" \/>\n<meta property=\"og:title\" content=\"Eltern-Kind-Turnen - Erster Sodener Schwimm-Club 1927 e.V.\" \/>\n<meta property=\"og:description\" content=\"Im Eltern-Kind-Turnen werden altersgerechte Bewegungserfahrungen f\u00fcr Kinder von 1-4 Jahren mit ihren M\u00fcttern oder V\u00e4tern angeboten. Die Stundenbilder haben verschiedene Schwerpunkte, wie Klettern, H\u00fcpfen, Balancieren, Rutschen, Werfen usw., und sollen die Kinder zum Entdecken und Ausprobieren animieren. Die Kinder sammeln &hellip; Eltern-Kind-Turnen Weiterlesen &raquo;\" \/>\n<meta property=\"og:url\" content=\"https:\/\/essc-online.de\/v1\/fitness-bewegung\/eltern-kind-turnen\/\" \/>\n<meta property=\"og:site_name\" content=\"Erster Sodener Schwimm-Club 1927 e.V.\" \/>\n<meta property=\"article:modified_time\" content=\"2026-01-16T21:51:41+00:00\" \/>\n<meta property=\"og:image\" content=\"https:\/\/essc-online.de\/v1\/wp-content\/uploads\/2025\/12\/image.png\" \/>\n<meta name=\"twitter:card\" content=\"summary_large_image\" \/>\n<meta name=\"twitter:label1\" content=\"Gesch\u00e4tzte Lesezeit\" \/>\n\t<meta name=\"twitter:data1\" content=\"2\u00a0Minuten\" \/>\n<script type=\"application\/ld+json\" class=\"yoast-schema-graph\">{\"@context\":\"https:\\\/\\\/schema.org\",\"@graph\":[{\"@type\":\"WebPage\",\"@id\":\"https:\\\/\\\/essc-online.de\\\/v1\\\/fitness-bewegung\\\/eltern-kind-turnen\\\/\",\"url\":\"https:\\\/\\\/essc-online.de\\\/v1\\\/fitness-bewegung\\\/eltern-kind-turnen\\\/\",\"name\":\"Eltern-Kind-Turnen - Erster Sodener Schwimm-Club 1927 e.V.\",\"isPartOf\":{\"@id\":\"https:\\\/\\\/essc-online.de\\\/v1\\\/#website\"},\"primaryImageOfPage\":{\"@id\":\"https:\\\/\\\/essc-online.de\\\/v1\\\/fitness-bewegung\\\/eltern-kind-turnen\\\/#primaryimage\"},\"image\":{\"@id\":\"https:\\\/\\\/essc-online.de\\\/v1\\\/fitness-bewegung\\\/eltern-kind-turnen\\\/#primaryimage\"},\"thumbnailUrl\":\"https:\\\/\\\/essc-online.de\\\/v1\\\/wp-content\\\/uploads\\\/2025\\\/12\\\/image.png\",\"datePublished\":\"2025-12-30T14:55:45+00:00\",\"dateModified\":\"2026-01-16T21:51:41+00:00\",\"breadcrumb\":{\"@id\":\"https:\\\/\\\/essc-online.de\\\/v1\\\/fitness-bewegung\\\/eltern-kind-turnen\\\/#breadcrumb\"},\"inLanguage\":\"de\",\"potentialAction\":[{\"@type\":\"ReadAction\",\"target\":[\"https:\\\/\\\/essc-online.de\\\/v1\\\/fitness-bewegung\\\/eltern-kind-turnen\\\/\"]}]},{\"@type\":\"ImageObject\",\"inLanguage\":\"de\",\"@id\":\"https:\\\/\\\/essc-online.de\\\/v1\\\/fitness-bewegung\\\/eltern-kind-turnen\\\/#primaryimage\",\"url\":\"https:\\\/\\\/i0.wp.com\\\/essc-online.de\\\/v1\\\/wp-content\\\/uploads\\\/2025\\\/12\\\/image.png?fit=820%2C594&ssl=1\",\"contentUrl\":\"https:\\\/\\\/i0.wp.com\\\/essc-online.de\\\/v1\\\/wp-content\\\/uploads\\\/2025\\\/12\\\/image.png?fit=820%2C594&ssl=1\",\"width\":820,\"height\":594},{\"@type\":\"BreadcrumbList\",\"@id\":\"https:\\\/\\\/essc-online.de\\\/v1\\\/fitness-bewegung\\\/eltern-kind-turnen\\\/#breadcrumb\",\"itemListElement\":[{\"@type\":\"ListItem\",\"position\":1,\"name\":\"Startseite\",\"item\":\"https:\\\/\\\/essc-online.de\\\/v1\\\/\"},{\"@type\":\"ListItem\",\"position\":2,\"name\":\"Fitness &#038; Bewegung\",\"item\":\"https:\\\/\\\/essc-online.de\\\/v1\\\/fitness-bewegung\\\/\"},{\"@type\":\"ListItem\",\"position\":3,\"name\":\"Eltern-Kind-Turnen\"}]},{\"@type\":\"WebSite\",\"@id\":\"https:\\\/\\\/essc-online.de\\\/v1\\\/#website\",\"url\":\"https:\\\/\\\/essc-online.de\\\/v1\\\/\",\"name\":\"Erster Sodener Schwimm-Club 1927 e.V.\",\"description\":\"\",\"publisher\":{\"@id\":\"https:\\\/\\\/essc-online.de\\\/v1\\\/#organization\"},\"potentialAction\":[{\"@type\":\"SearchAction\",\"target\":{\"@type\":\"EntryPoint\",\"urlTemplate\":\"https:\\\/\\\/essc-online.de\\\/v1\\\/?s={search_term_string}\"},\"query-input\":{\"@type\":\"PropertyValueSpecification\",\"valueRequired\":true,\"valueName\":\"search_term_string\"}}],\"inLanguage\":\"de\"},{\"@type\":\"Organization\",\"@id\":\"https:\\\/\\\/essc-online.de\\\/v1\\\/#organization\",\"name\":\"Erster Sodener Schwimm-Club 1927 e.V.\",\"url\":\"https:\\\/\\\/essc-online.de\\\/v1\\\/\",\"logo\":{\"@type\":\"ImageObject\",\"inLanguage\":\"de\",\"@id\":\"https:\\\/\\\/essc-online.de\\\/v1\\\/#\\\/schema\\\/logo\\\/image\\\/\",\"url\":\"https:\\\/\\\/i0.wp.com\\\/essc-online.de\\\/v1\\\/wp-content\\\/uploads\\\/2025\\\/12\\\/Logo_ESSC.png?fit=640%2C193&ssl=1\",\"contentUrl\":\"https:\\\/\\\/i0.wp.com\\\/essc-online.de\\\/v1\\\/wp-content\\\/uploads\\\/2025\\\/12\\\/Logo_ESSC.png?fit=640%2C193&ssl=1\",\"width\":640,\"height\":193,\"caption\":\"Erster Sodener Schwimm-Club 1927 e.V.\"},\"image\":{\"@id\":\"https:\\\/\\\/essc-online.de\\\/v1\\\/#\\\/schema\\\/logo\\\/image\\\/\"}}]}<\/script>\n<!-- \/ Yoast SEO plugin. -->","yoast_head_json":{"title":"Eltern-Kind-Turnen - Erster Sodener Schwimm-Club 1927 e.V.","robots":{"index":"index","follow":"follow","max-snippet":"max-snippet:-1","max-image-preview":"max-image-preview:large","max-video-preview":"max-video-preview:-1"},"canonical":"https:\/\/essc-online.de\/v1\/fitness-bewegung\/eltern-kind-turnen\/","og_locale":"de_DE","og_type":"article","og_title":"Eltern-Kind-Turnen - Erster Sodener Schwimm-Club 1927 e.V.","og_description":"Im Eltern-Kind-Turnen werden altersgerechte Bewegungserfahrungen f\u00fcr Kinder von 1-4 Jahren mit ihren M\u00fcttern oder V\u00e4tern angeboten. Die Stundenbilder haben verschiedene Schwerpunkte, wie Klettern, H\u00fcpfen, Balancieren, Rutschen, Werfen usw., und sollen die Kinder zum Entdecken und Ausprobieren animieren. Die Kinder sammeln &hellip; Eltern-Kind-Turnen Weiterlesen &raquo;","og_url":"https:\/\/essc-online.de\/v1\/fitness-bewegung\/eltern-kind-turnen\/","og_site_name":"Erster Sodener Schwimm-Club 1927 e.V.","article_modified_time":"2026-01-16T21:51:41+00:00","og_image":[{"url":"https:\/\/essc-online.de\/v1\/wp-content\/uploads\/2025\/12\/image.png","type":"","width":"","height":""}],"twitter_card":"summary_large_image","twitter_misc":{"Gesch\u00e4tzte Lesezeit":"2\u00a0Minuten"},"schema":{"@context":"https:\/\/schema.org","@graph":[{"@type":"WebPage","@id":"https:\/\/essc-online.de\/v1\/fitness-bewegung\/eltern-kind-turnen\/","url":"https:\/\/essc-online.de\/v1\/fitness-bewegung\/eltern-kind-turnen\/","name":"Eltern-Kind-Turnen - Erster Sodener Schwimm-Club 1927 e.V.","isPartOf":{"@id":"https:\/\/essc-online.de\/v1\/#website"},"primaryImageOfPage":{"@id":"https:\/\/essc-online.de\/v1\/fitness-bewegung\/eltern-kind-turnen\/#primaryimage"},"image":{"@id":"https:\/\/essc-online.de\/v1\/fitness-bewegung\/eltern-kind-turnen\/#primaryimage"},"thumbnailUrl":"https:\/\/essc-online.de\/v1\/wp-content\/uploads\/2025\/12\/image.png","datePublished":"2025-12-30T14:55:45+00:00","dateModified":"2026-01-16T21:51:41+00:00","breadcrumb":{"@id":"https:\/\/essc-online.de\/v1\/fitness-bewegung\/eltern-kind-turnen\/#breadcrumb"},"inLanguage":"de","potentialAction":[{"@type":"ReadAction","target":["https:\/\/essc-online.de\/v1\/fitness-bewegung\/eltern-kind-turnen\/"]}]},{"@type":"ImageObject","inLanguage":"de","@id":"https:\/\/essc-online.de\/v1\/fitness-bewegung\/eltern-kind-turnen\/#primaryimage","url":"https:\/\/i0.wp.com\/essc-online.de\/v1\/wp-content\/uploads\/2025\/12\/image.png?fit=820%2C594&ssl=1","contentUrl":"https:\/\/i0.wp.com\/essc-online.de\/v1\/wp-content\/uploads\/2025\/12\/image.png?fit=820%2C594&ssl=1","width":820,"height":594},{"@type":"BreadcrumbList","@id":"https:\/\/essc-online.de\/v1\/fitness-bewegung\/eltern-kind-turnen\/#breadcrumb","itemListElement":[{"@type":"ListItem","position":1,"name":"Startseite","item":"https:\/\/essc-online.de\/v1\/"},{"@type":"ListItem","position":2,"name":"Fitness &#038; Bewegung","item":"https:\/\/essc-online.de\/v1\/fitness-bewegung\/"},{"@type":"ListItem","position":3,"name":"Eltern-Kind-Turnen"}]},{"@type":"WebSite","@id":"https:\/\/essc-online.de\/v1\/#website","url":"https:\/\/essc-online.de\/v1\/","name":"Erster Sodener Schwimm-Club 1927 e.V.","description":"","publisher":{"@id":"https:\/\/essc-online.de\/v1\/#organization"},"potentialAction":[{"@type":"SearchAction","target":{"@type":"EntryPoint","urlTemplate":"https:\/\/essc-online.de\/v1\/?s={search_term_string}"},"query-input":{"@type":"PropertyValueSpecification","valueRequired":true,"valueName":"search_term_string"}}],"inLanguage":"de"},{"@type":"Organization","@id":"https:\/\/essc-online.de\/v1\/#organization","name":"Erster Sodener Schwimm-Club 1927 e.V.","url":"https:\/\/essc-online.de\/v1\/","logo":{"@type":"ImageObject","inLanguage":"de","@id":"https:\/\/essc-online.de\/v1\/#\/schema\/logo\/image\/","url":"https:\/\/i0.wp.com\/essc-online.de\/v1\/wp-content\/uploads\/2025\/12\/Logo_ESSC.png?fit=640%2C193&ssl=1","contentUrl":"https:\/\/i0.wp.com\/essc-online.de\/v1\/wp-content\/uploads\/2025\/12\/Logo_ESSC.png?fit=640%2C193&ssl=1","width":640,"height":193,"caption":"Erster Sodener Schwimm-Club 1927 e.V."},"image":{"@id":"https:\/\/essc-online.de\/v1\/#\/schema\/logo\/image\/"}}]}},"jetpack_sharing_enabled":true,"_links":{"self":[{"href":"https:\/\/essc-online.de\/v1\/wp-json\/wp\/v2\/pages\/505","targetHints":{"allow":["GET"]}}],"collection":[{"href":"https:\/\/essc-online.de\/v1\/wp-json\/wp\/v2\/pages"}],"about":[{"href":"https:\/\/essc-online.de\/v1\/wp-json\/wp\/v2\/types\/page"}],"author":[{"embeddable":true,"href":"https:\/\/essc-online.de\/v1\/wp-json\/wp\/v2\/users\/2"}],"replies":[{"embeddable":true,"href":"https:\/\/essc-online.de\/v1\/wp-json\/wp\/v2\/comments?post=505"}],"version-history":[{"count":8,"href":"https:\/\/essc-online.de\/v1\/wp-json\/wp\/v2\/pages\/505\/revisions"}],"predecessor-version":[{"id":1482,"href":"https:\/\/essc-online.de\/v1\/wp-json\/wp\/v2\/pages\/505\/revisions\/1482"}],"up":[{"embeddable":true,"href":"https:\/\/essc-online.de\/v1\/wp-json\/wp\/v2\/pages\/66"}],"wp:attachment":[{"href":"https:\/\/essc-online.de\/v1\/wp-json\/wp\/v2\/media?parent=505"}],"curies":[{"name":"wp","href":"https:\/\/api.w.org\/{rel}","templated":true}]}}