{"id":514,"date":"2025-12-30T15:58:57","date_gmt":"2025-12-30T14:58:57","guid":{"rendered":"https:\/\/essc-online.de\/v1\/?page_id=514"},"modified":"2026-01-16T22:57:38","modified_gmt":"2026-01-16T21:57:38","slug":"vorschulsport-turnen-foerdert-die-bewegungsmotorik","status":"publish","type":"page","link":"https:\/\/essc-online.de\/v1\/fitness-bewegung\/vorschulsport-turnen-foerdert-die-bewegungsmotorik\/","title":{"rendered":"Vorschulsport: Turnen f\u00f6rdert die Bewegungsmotorik"},"content":{"rendered":"\n<p>Die&nbsp;Kinder im Alter von 5-6 Jahren sollen die Turnger\u00e4te kennen und nutzen lernen. Dabei erfahren sie ihr K\u00f6nnen, werden sich ihrer Grenzen bewusst und lernen, ihre Angst zu \u00fcberwinden.<\/p>\n\n\n\n<p>Die Stundenbilder haben verschiedene Schwerpunkte, wie K\u00f6rperwahrnehmung, Ausdauer, Geschicklichkeit usw., und sollen die Kinder zum Entdecken und Ausprobieren animieren. Bewegungsbilder und fantasievolle Geschichten unterst\u00fctzen den spielerischen Ablauf des Trainings. Jede Stunde beginnt mit einem Aufw\u00e4rmtraining, das den K\u00f6rper auf die speziellen \u00dcbungen vorbereitet. Danach folgen Dehn- und Kraft\u00fcbungen mit und ohne Ger\u00e4te. Die Kinder sammeln Bewegungserfahrungen bei kleinen Spielen, Bewegungsliedern, Ballspiele und beim Ger\u00e4teparcours.&nbsp;<\/p>\n\n\n\n<p>Miteinander spielen, toben, sich gegenseitig unterst\u00fctzen und sich \u00fcber Erfolge jedes Einzelnen freuen steht im Mittelpunkt der Kindergruppe. Entspannungs\u00fcbungen runden die Turnstunden ab.<\/p>\n\n\n\n<p>Tag\/Uhrzeit\/Ort:&nbsp;<strong>montags, 16:30 &#8211; 17:30 Uhr,<\/strong>&nbsp;Sporthalle der Theodor-Heuss-Schule<\/p>\n\n\n\n<p>Kursleitung: Claudia Zupke-Sch\u00e4fer, Ulli M\u00fcller<\/p>\n\n\n\n<p>Anmeldung:&nbsp;<a href=\"mailto:kinderturnen@essc-online.de\">kinderturnen@essc-online.de<\/a><\/p>\n\n\n\n<p>Trainingszeiten und -orte finden Sie im\u00a0aktuellen\u00a0<a href=\"https:\/\/essc-online.de\/v1\/der-verein\/uebungsplan\/\"><strong>\u00dcbungsplan<\/strong><\/a><\/p>\n\n\n\n<p>Anschriften der&nbsp;<strong><a href=\"https:\/\/essc-online.de\/www.essc-online.de\/verein\/anschriften-%c3%bcbungsst%c3%a4tten\/index.html\"><strong>\u00dcbungsst\u00e4tten<\/strong><\/a><\/strong><\/p>\n","protected":false},"excerpt":{"rendered":"<p>Die&nbsp;Kinder im Alter von 5-6 Jahren sollen die Turnger\u00e4te kennen und nutzen lernen. Dabei erfahren sie ihr K\u00f6nnen, werden sich ihrer Grenzen bewusst und lernen, ihre Angst zu \u00fcberwinden. Die Stundenbilder haben verschiedene Schwerpunkte, wie K\u00f6rperwahrnehmung, Ausdauer, Geschicklichkeit usw., und &hellip;<\/p>\n<p class=\"read-more\"> <a class=\"more-link\" href=\"https:\/\/essc-online.de\/v1\/fitness-bewegung\/vorschulsport-turnen-foerdert-die-bewegungsmotorik\/\"> <span class=\"screen-reader-text\">Vorschulsport: Turnen f\u00f6rdert die Bewegungsmotorik<\/span> Weiterlesen &raquo;<\/a><\/p>\n","protected":false},"author":2,"featured_media":0,"parent":66,"menu_order":0,"comment_status":"closed","ping_status":"closed","template":"","meta":{"footnotes":""},"class_list":["post-514","page","type-page","status-publish","hentry"],"yoast_head":"<!-- This site is optimized with the Yoast SEO plugin v27.4 - https:\/\/yoast.com\/product\/yoast-seo-wordpress\/ -->\n<title>Vorschulsport: Turnen f\u00f6rdert die Bewegungsmotorik - Erster Sodener Schwimm-Club 1927 e.V.<\/title>\n<meta name=\"robots\" content=\"index, follow, max-snippet:-1, max-image-preview:large, max-video-preview:-1\" \/>\n<link rel=\"canonical\" href=\"https:\/\/essc-online.de\/v1\/fitness-bewegung\/vorschulsport-turnen-foerdert-die-bewegungsmotorik\/\" \/>\n<meta property=\"og:locale\" content=\"de_DE\" \/>\n<meta property=\"og:type\" content=\"article\" \/>\n<meta property=\"og:title\" content=\"Vorschulsport: Turnen f\u00f6rdert die Bewegungsmotorik - Erster Sodener Schwimm-Club 1927 e.V.\" \/>\n<meta property=\"og:description\" content=\"Die&nbsp;Kinder im Alter von 5-6 Jahren sollen die Turnger\u00e4te kennen und nutzen lernen. Dabei erfahren sie ihr K\u00f6nnen, werden sich ihrer Grenzen bewusst und lernen, ihre Angst zu \u00fcberwinden. Die Stundenbilder haben verschiedene Schwerpunkte, wie K\u00f6rperwahrnehmung, Ausdauer, Geschicklichkeit usw., und &hellip; Vorschulsport: Turnen f\u00f6rdert die Bewegungsmotorik Weiterlesen &raquo;\" \/>\n<meta property=\"og:url\" content=\"https:\/\/essc-online.de\/v1\/fitness-bewegung\/vorschulsport-turnen-foerdert-die-bewegungsmotorik\/\" \/>\n<meta property=\"og:site_name\" content=\"Erster Sodener Schwimm-Club 1927 e.V.\" \/>\n<meta property=\"article:modified_time\" content=\"2026-01-16T21:57:38+00:00\" \/>\n<meta name=\"twitter:card\" content=\"summary_large_image\" \/>\n<meta name=\"twitter:label1\" content=\"Gesch\u00e4tzte Lesezeit\" \/>\n\t<meta name=\"twitter:data1\" content=\"1\u00a0Minute\" \/>\n<script type=\"application\/ld+json\" class=\"yoast-schema-graph\">{\"@context\":\"https:\\\/\\\/schema.org\",\"@graph\":[{\"@type\":\"WebPage\",\"@id\":\"https:\\\/\\\/essc-online.de\\\/v1\\\/fitness-bewegung\\\/vorschulsport-turnen-foerdert-die-bewegungsmotorik\\\/\",\"url\":\"https:\\\/\\\/essc-online.de\\\/v1\\\/fitness-bewegung\\\/vorschulsport-turnen-foerdert-die-bewegungsmotorik\\\/\",\"name\":\"Vorschulsport: Turnen f\u00f6rdert die Bewegungsmotorik - Erster Sodener Schwimm-Club 1927 e.V.\",\"isPartOf\":{\"@id\":\"https:\\\/\\\/essc-online.de\\\/v1\\\/#website\"},\"datePublished\":\"2025-12-30T14:58:57+00:00\",\"dateModified\":\"2026-01-16T21:57:38+00:00\",\"breadcrumb\":{\"@id\":\"https:\\\/\\\/essc-online.de\\\/v1\\\/fitness-bewegung\\\/vorschulsport-turnen-foerdert-die-bewegungsmotorik\\\/#breadcrumb\"},\"inLanguage\":\"de\",\"potentialAction\":[{\"@type\":\"ReadAction\",\"target\":[\"https:\\\/\\\/essc-online.de\\\/v1\\\/fitness-bewegung\\\/vorschulsport-turnen-foerdert-die-bewegungsmotorik\\\/\"]}]},{\"@type\":\"BreadcrumbList\",\"@id\":\"https:\\\/\\\/essc-online.de\\\/v1\\\/fitness-bewegung\\\/vorschulsport-turnen-foerdert-die-bewegungsmotorik\\\/#breadcrumb\",\"itemListElement\":[{\"@type\":\"ListItem\",\"position\":1,\"name\":\"Startseite\",\"item\":\"https:\\\/\\\/essc-online.de\\\/v1\\\/\"},{\"@type\":\"ListItem\",\"position\":2,\"name\":\"Fitness &#038; Bewegung\",\"item\":\"https:\\\/\\\/essc-online.de\\\/v1\\\/fitness-bewegung\\\/\"},{\"@type\":\"ListItem\",\"position\":3,\"name\":\"Vorschulsport: Turnen f\u00f6rdert die Bewegungsmotorik\"}]},{\"@type\":\"WebSite\",\"@id\":\"https:\\\/\\\/essc-online.de\\\/v1\\\/#website\",\"url\":\"https:\\\/\\\/essc-online.de\\\/v1\\\/\",\"name\":\"Erster Sodener Schwimm-Club 1927 e.V.\",\"description\":\"\",\"publisher\":{\"@id\":\"https:\\\/\\\/essc-online.de\\\/v1\\\/#organization\"},\"potentialAction\":[{\"@type\":\"SearchAction\",\"target\":{\"@type\":\"EntryPoint\",\"urlTemplate\":\"https:\\\/\\\/essc-online.de\\\/v1\\\/?s={search_term_string}\"},\"query-input\":{\"@type\":\"PropertyValueSpecification\",\"valueRequired\":true,\"valueName\":\"search_term_string\"}}],\"inLanguage\":\"de\"},{\"@type\":\"Organization\",\"@id\":\"https:\\\/\\\/essc-online.de\\\/v1\\\/#organization\",\"name\":\"Erster Sodener Schwimm-Club 1927 e.V.\",\"url\":\"https:\\\/\\\/essc-online.de\\\/v1\\\/\",\"logo\":{\"@type\":\"ImageObject\",\"inLanguage\":\"de\",\"@id\":\"https:\\\/\\\/essc-online.de\\\/v1\\\/#\\\/schema\\\/logo\\\/image\\\/\",\"url\":\"https:\\\/\\\/i0.wp.com\\\/essc-online.de\\\/v1\\\/wp-content\\\/uploads\\\/2025\\\/12\\\/Logo_ESSC.png?fit=640%2C193&ssl=1\",\"contentUrl\":\"https:\\\/\\\/i0.wp.com\\\/essc-online.de\\\/v1\\\/wp-content\\\/uploads\\\/2025\\\/12\\\/Logo_ESSC.png?fit=640%2C193&ssl=1\",\"width\":640,\"height\":193,\"caption\":\"Erster Sodener Schwimm-Club 1927 e.V.\"},\"image\":{\"@id\":\"https:\\\/\\\/essc-online.de\\\/v1\\\/#\\\/schema\\\/logo\\\/image\\\/\"}}]}<\/script>\n<!-- \/ Yoast SEO plugin. -->","yoast_head_json":{"title":"Vorschulsport: Turnen f\u00f6rdert die Bewegungsmotorik - Erster Sodener Schwimm-Club 1927 e.V.","robots":{"index":"index","follow":"follow","max-snippet":"max-snippet:-1","max-image-preview":"max-image-preview:large","max-video-preview":"max-video-preview:-1"},"canonical":"https:\/\/essc-online.de\/v1\/fitness-bewegung\/vorschulsport-turnen-foerdert-die-bewegungsmotorik\/","og_locale":"de_DE","og_type":"article","og_title":"Vorschulsport: Turnen f\u00f6rdert die Bewegungsmotorik - Erster Sodener Schwimm-Club 1927 e.V.","og_description":"Die&nbsp;Kinder im Alter von 5-6 Jahren sollen die Turnger\u00e4te kennen und nutzen lernen. Dabei erfahren sie ihr K\u00f6nnen, werden sich ihrer Grenzen bewusst und lernen, ihre Angst zu \u00fcberwinden. Die Stundenbilder haben verschiedene Schwerpunkte, wie K\u00f6rperwahrnehmung, Ausdauer, Geschicklichkeit usw., und &hellip; Vorschulsport: Turnen f\u00f6rdert die Bewegungsmotorik Weiterlesen &raquo;","og_url":"https:\/\/essc-online.de\/v1\/fitness-bewegung\/vorschulsport-turnen-foerdert-die-bewegungsmotorik\/","og_site_name":"Erster Sodener Schwimm-Club 1927 e.V.","article_modified_time":"2026-01-16T21:57:38+00:00","twitter_card":"summary_large_image","twitter_misc":{"Gesch\u00e4tzte Lesezeit":"1\u00a0Minute"},"schema":{"@context":"https:\/\/schema.org","@graph":[{"@type":"WebPage","@id":"https:\/\/essc-online.de\/v1\/fitness-bewegung\/vorschulsport-turnen-foerdert-die-bewegungsmotorik\/","url":"https:\/\/essc-online.de\/v1\/fitness-bewegung\/vorschulsport-turnen-foerdert-die-bewegungsmotorik\/","name":"Vorschulsport: Turnen f\u00f6rdert die Bewegungsmotorik - Erster Sodener Schwimm-Club 1927 e.V.","isPartOf":{"@id":"https:\/\/essc-online.de\/v1\/#website"},"datePublished":"2025-12-30T14:58:57+00:00","dateModified":"2026-01-16T21:57:38+00:00","breadcrumb":{"@id":"https:\/\/essc-online.de\/v1\/fitness-bewegung\/vorschulsport-turnen-foerdert-die-bewegungsmotorik\/#breadcrumb"},"inLanguage":"de","potentialAction":[{"@type":"ReadAction","target":["https:\/\/essc-online.de\/v1\/fitness-bewegung\/vorschulsport-turnen-foerdert-die-bewegungsmotorik\/"]}]},{"@type":"BreadcrumbList","@id":"https:\/\/essc-online.de\/v1\/fitness-bewegung\/vorschulsport-turnen-foerdert-die-bewegungsmotorik\/#breadcrumb","itemListElement":[{"@type":"ListItem","position":1,"name":"Startseite","item":"https:\/\/essc-online.de\/v1\/"},{"@type":"ListItem","position":2,"name":"Fitness &#038; Bewegung","item":"https:\/\/essc-online.de\/v1\/fitness-bewegung\/"},{"@type":"ListItem","position":3,"name":"Vorschulsport: Turnen f\u00f6rdert die Bewegungsmotorik"}]},{"@type":"WebSite","@id":"https:\/\/essc-online.de\/v1\/#website","url":"https:\/\/essc-online.de\/v1\/","name":"Erster Sodener Schwimm-Club 1927 e.V.","description":"","publisher":{"@id":"https:\/\/essc-online.de\/v1\/#organization"},"potentialAction":[{"@type":"SearchAction","target":{"@type":"EntryPoint","urlTemplate":"https:\/\/essc-online.de\/v1\/?s={search_term_string}"},"query-input":{"@type":"PropertyValueSpecification","valueRequired":true,"valueName":"search_term_string"}}],"inLanguage":"de"},{"@type":"Organization","@id":"https:\/\/essc-online.de\/v1\/#organization","name":"Erster Sodener Schwimm-Club 1927 e.V.","url":"https:\/\/essc-online.de\/v1\/","logo":{"@type":"ImageObject","inLanguage":"de","@id":"https:\/\/essc-online.de\/v1\/#\/schema\/logo\/image\/","url":"https:\/\/i0.wp.com\/essc-online.de\/v1\/wp-content\/uploads\/2025\/12\/Logo_ESSC.png?fit=640%2C193&ssl=1","contentUrl":"https:\/\/i0.wp.com\/essc-online.de\/v1\/wp-content\/uploads\/2025\/12\/Logo_ESSC.png?fit=640%2C193&ssl=1","width":640,"height":193,"caption":"Erster Sodener Schwimm-Club 1927 e.V."},"image":{"@id":"https:\/\/essc-online.de\/v1\/#\/schema\/logo\/image\/"}}]}},"jetpack_sharing_enabled":true,"_links":{"self":[{"href":"https:\/\/essc-online.de\/v1\/wp-json\/wp\/v2\/pages\/514","targetHints":{"allow":["GET"]}}],"collection":[{"href":"https:\/\/essc-online.de\/v1\/wp-json\/wp\/v2\/pages"}],"about":[{"href":"https:\/\/essc-online.de\/v1\/wp-json\/wp\/v2\/types\/page"}],"author":[{"embeddable":true,"href":"https:\/\/essc-online.de\/v1\/wp-json\/wp\/v2\/users\/2"}],"replies":[{"embeddable":true,"href":"https:\/\/essc-online.de\/v1\/wp-json\/wp\/v2\/comments?post=514"}],"version-history":[{"count":5,"href":"https:\/\/essc-online.de\/v1\/wp-json\/wp\/v2\/pages\/514\/revisions"}],"predecessor-version":[{"id":1493,"href":"https:\/\/essc-online.de\/v1\/wp-json\/wp\/v2\/pages\/514\/revisions\/1493"}],"up":[{"embeddable":true,"href":"https:\/\/essc-online.de\/v1\/wp-json\/wp\/v2\/pages\/66"}],"wp:attachment":[{"href":"https:\/\/essc-online.de\/v1\/wp-json\/wp\/v2\/media?parent=514"}],"curies":[{"name":"wp","href":"https:\/\/api.w.org\/{rel}","templated":true}]}}