{"id":536,"date":"2025-12-30T16:16:05","date_gmt":"2025-12-30T15:16:05","guid":{"rendered":"https:\/\/essc-online.de\/v1\/?page_id=536"},"modified":"2026-01-20T22:20:45","modified_gmt":"2026-01-20T21:20:45","slug":"masters","status":"publish","type":"page","link":"https:\/\/essc-online.de\/v1\/schwimmsport\/masters\/","title":{"rendered":"Schwimmen f\u00fcr Erwachsene (Masters)"},"content":{"rendered":"\n<hr class=\"wp-block-separator has-alpha-channel-opacity\"\/>\n\n\n\n<p>Auch f\u00fcr Erwachsene (ehemalige Leistungsschwimmer und auch Hobbyschwimmer) bietet der ESSC \u00dcbungs- und Trainingsm\u00f6glichkeiten an. Unser Masters-Team startet bei Bezirks-, Hessischen und Deutschen Meisterschaften sowie je nach \u00d6rtlichkeit auch bei EM\/WM.<\/p>\n\n\n\n<p>Wenn Sie Interesse haben, melden Sie sich bitte bei Frank Bender (E-mail:\u00a0<a href=\"mailto:schwimmsport@essc-online.de\">schwimmsport@essc-online.de<\/a>).<\/p>\n\n\n\n<hr class=\"wp-block-separator has-alpha-channel-opacity\"\/>\n\n\n\n<p><strong>\u00dcbungsstunden finden wie folgt statt:<\/strong><\/p>\n\n\n\n<figure class=\"wp-block-table\"><table><tbody><tr><td><strong>Tag<\/strong><\/td><td class=\"has-text-align-right\" data-align=\"right\"><strong>Uhrzeit<\/strong><\/td><td><strong>Ort<\/strong><\/td><\/tr><tr><td>Dienstag<\/td><td class=\"has-text-align-right\" data-align=\"right\">20:30 &#8211; 21:30 Uhr<\/td><td>Schwimmhalle der ISF<\/td><\/tr><tr><td>Donnerstag<\/td><td class=\"has-text-align-right\" data-align=\"right\">19:45 &#8211; 21:00 Uhr<\/td><td>FreiBadSoden<br>(nur w\u00e4hrend der Freibad-Saison)<\/td><\/tr><tr><td>Freitag<\/td><td class=\"has-text-align-right\" data-align=\"right\">20:00 &#8211; 21:30 Uhr<\/td><td>Schwimmhalle der ISF<\/td><\/tr><\/tbody><\/table><\/figure>\n\n\n\n<hr class=\"wp-block-separator has-alpha-channel-opacity\"\/>\n\n\n\n<p class=\"has-text-align-center\">Anschriften der&nbsp;<strong><a href=\"https:\/\/essc-online.de\/v1\/anschriften-der-uebungsstaetten\/\"><strong>\u00dcbungsst\u00e4tten<\/strong><\/a><\/strong><\/p>\n","protected":false},"excerpt":{"rendered":"<p>Auch f\u00fcr Erwachsene (ehemalige Leistungsschwimmer und auch Hobbyschwimmer) bietet der ESSC \u00dcbungs- und Trainingsm\u00f6glichkeiten an. Unser Masters-Team startet bei Bezirks-, Hessischen und Deutschen Meisterschaften sowie je nach \u00d6rtlichkeit auch bei EM\/WM. Wenn Sie Interesse haben, melden Sie sich bitte bei &hellip;<\/p>\n<p class=\"read-more\"> <a class=\"more-link\" href=\"https:\/\/essc-online.de\/v1\/schwimmsport\/masters\/\"> <span class=\"screen-reader-text\">Schwimmen f\u00fcr Erwachsene (Masters)<\/span> Weiterlesen &raquo;<\/a><\/p>\n","protected":false},"author":4,"featured_media":0,"parent":60,"menu_order":0,"comment_status":"closed","ping_status":"closed","template":"","meta":{"footnotes":""},"class_list":["post-536","page","type-page","status-publish","hentry"],"yoast_head":"<!-- This site is optimized with the Yoast SEO plugin v27.4 - https:\/\/yoast.com\/product\/yoast-seo-wordpress\/ -->\n<title>Schwimmen f\u00fcr Erwachsene (Masters) - Erster Sodener Schwimm-Club 1927 e.V.<\/title>\n<meta name=\"robots\" content=\"index, follow, max-snippet:-1, max-image-preview:large, max-video-preview:-1\" \/>\n<link rel=\"canonical\" href=\"https:\/\/essc-online.de\/v1\/schwimmsport\/masters\/\" \/>\n<meta property=\"og:locale\" content=\"de_DE\" \/>\n<meta property=\"og:type\" content=\"article\" \/>\n<meta property=\"og:title\" content=\"Schwimmen f\u00fcr Erwachsene (Masters) - Erster Sodener Schwimm-Club 1927 e.V.\" \/>\n<meta property=\"og:description\" content=\"Auch f\u00fcr Erwachsene (ehemalige Leistungsschwimmer und auch Hobbyschwimmer) bietet der ESSC \u00dcbungs- und Trainingsm\u00f6glichkeiten an. Unser Masters-Team startet bei Bezirks-, Hessischen und Deutschen Meisterschaften sowie je nach \u00d6rtlichkeit auch bei EM\/WM. Wenn Sie Interesse haben, melden Sie sich bitte bei &hellip; Schwimmen f\u00fcr Erwachsene (Masters) Weiterlesen &raquo;\" \/>\n<meta property=\"og:url\" content=\"https:\/\/essc-online.de\/v1\/schwimmsport\/masters\/\" \/>\n<meta property=\"og:site_name\" content=\"Erster Sodener Schwimm-Club 1927 e.V.\" \/>\n<meta property=\"article:modified_time\" content=\"2026-01-20T21:20:45+00:00\" \/>\n<meta name=\"twitter:card\" content=\"summary_large_image\" \/>\n<meta name=\"twitter:label1\" content=\"Gesch\u00e4tzte Lesezeit\" \/>\n\t<meta name=\"twitter:data1\" content=\"1\u00a0Minute\" \/>\n<script type=\"application\/ld+json\" class=\"yoast-schema-graph\">{\"@context\":\"https:\\\/\\\/schema.org\",\"@graph\":[{\"@type\":\"WebPage\",\"@id\":\"https:\\\/\\\/essc-online.de\\\/v1\\\/schwimmsport\\\/masters\\\/\",\"url\":\"https:\\\/\\\/essc-online.de\\\/v1\\\/schwimmsport\\\/masters\\\/\",\"name\":\"Schwimmen f\u00fcr Erwachsene (Masters) - Erster Sodener Schwimm-Club 1927 e.V.\",\"isPartOf\":{\"@id\":\"https:\\\/\\\/essc-online.de\\\/v1\\\/#website\"},\"datePublished\":\"2025-12-30T15:16:05+00:00\",\"dateModified\":\"2026-01-20T21:20:45+00:00\",\"breadcrumb\":{\"@id\":\"https:\\\/\\\/essc-online.de\\\/v1\\\/schwimmsport\\\/masters\\\/#breadcrumb\"},\"inLanguage\":\"de\",\"potentialAction\":[{\"@type\":\"ReadAction\",\"target\":[\"https:\\\/\\\/essc-online.de\\\/v1\\\/schwimmsport\\\/masters\\\/\"]}]},{\"@type\":\"BreadcrumbList\",\"@id\":\"https:\\\/\\\/essc-online.de\\\/v1\\\/schwimmsport\\\/masters\\\/#breadcrumb\",\"itemListElement\":[{\"@type\":\"ListItem\",\"position\":1,\"name\":\"Startseite\",\"item\":\"https:\\\/\\\/essc-online.de\\\/v1\\\/\"},{\"@type\":\"ListItem\",\"position\":2,\"name\":\"Schwimmsport\",\"item\":\"https:\\\/\\\/essc-online.de\\\/v1\\\/schwimmsport\\\/\"},{\"@type\":\"ListItem\",\"position\":3,\"name\":\"Schwimmen f\u00fcr Erwachsene (Masters)\"}]},{\"@type\":\"WebSite\",\"@id\":\"https:\\\/\\\/essc-online.de\\\/v1\\\/#website\",\"url\":\"https:\\\/\\\/essc-online.de\\\/v1\\\/\",\"name\":\"Erster Sodener Schwimm-Club 1927 e.V.\",\"description\":\"\",\"publisher\":{\"@id\":\"https:\\\/\\\/essc-online.de\\\/v1\\\/#organization\"},\"potentialAction\":[{\"@type\":\"SearchAction\",\"target\":{\"@type\":\"EntryPoint\",\"urlTemplate\":\"https:\\\/\\\/essc-online.de\\\/v1\\\/?s={search_term_string}\"},\"query-input\":{\"@type\":\"PropertyValueSpecification\",\"valueRequired\":true,\"valueName\":\"search_term_string\"}}],\"inLanguage\":\"de\"},{\"@type\":\"Organization\",\"@id\":\"https:\\\/\\\/essc-online.de\\\/v1\\\/#organization\",\"name\":\"Erster Sodener Schwimm-Club 1927 e.V.\",\"url\":\"https:\\\/\\\/essc-online.de\\\/v1\\\/\",\"logo\":{\"@type\":\"ImageObject\",\"inLanguage\":\"de\",\"@id\":\"https:\\\/\\\/essc-online.de\\\/v1\\\/#\\\/schema\\\/logo\\\/image\\\/\",\"url\":\"https:\\\/\\\/i0.wp.com\\\/essc-online.de\\\/v1\\\/wp-content\\\/uploads\\\/2025\\\/12\\\/Logo_ESSC.png?fit=640%2C193&ssl=1\",\"contentUrl\":\"https:\\\/\\\/i0.wp.com\\\/essc-online.de\\\/v1\\\/wp-content\\\/uploads\\\/2025\\\/12\\\/Logo_ESSC.png?fit=640%2C193&ssl=1\",\"width\":640,\"height\":193,\"caption\":\"Erster Sodener Schwimm-Club 1927 e.V.\"},\"image\":{\"@id\":\"https:\\\/\\\/essc-online.de\\\/v1\\\/#\\\/schema\\\/logo\\\/image\\\/\"}}]}<\/script>\n<!-- \/ Yoast SEO plugin. -->","yoast_head_json":{"title":"Schwimmen f\u00fcr Erwachsene (Masters) - Erster Sodener Schwimm-Club 1927 e.V.","robots":{"index":"index","follow":"follow","max-snippet":"max-snippet:-1","max-image-preview":"max-image-preview:large","max-video-preview":"max-video-preview:-1"},"canonical":"https:\/\/essc-online.de\/v1\/schwimmsport\/masters\/","og_locale":"de_DE","og_type":"article","og_title":"Schwimmen f\u00fcr Erwachsene (Masters) - Erster Sodener Schwimm-Club 1927 e.V.","og_description":"Auch f\u00fcr Erwachsene (ehemalige Leistungsschwimmer und auch Hobbyschwimmer) bietet der ESSC \u00dcbungs- und Trainingsm\u00f6glichkeiten an. Unser Masters-Team startet bei Bezirks-, Hessischen und Deutschen Meisterschaften sowie je nach \u00d6rtlichkeit auch bei EM\/WM. Wenn Sie Interesse haben, melden Sie sich bitte bei &hellip; Schwimmen f\u00fcr Erwachsene (Masters) Weiterlesen &raquo;","og_url":"https:\/\/essc-online.de\/v1\/schwimmsport\/masters\/","og_site_name":"Erster Sodener Schwimm-Club 1927 e.V.","article_modified_time":"2026-01-20T21:20:45+00:00","twitter_card":"summary_large_image","twitter_misc":{"Gesch\u00e4tzte Lesezeit":"1\u00a0Minute"},"schema":{"@context":"https:\/\/schema.org","@graph":[{"@type":"WebPage","@id":"https:\/\/essc-online.de\/v1\/schwimmsport\/masters\/","url":"https:\/\/essc-online.de\/v1\/schwimmsport\/masters\/","name":"Schwimmen f\u00fcr Erwachsene (Masters) - Erster Sodener Schwimm-Club 1927 e.V.","isPartOf":{"@id":"https:\/\/essc-online.de\/v1\/#website"},"datePublished":"2025-12-30T15:16:05+00:00","dateModified":"2026-01-20T21:20:45+00:00","breadcrumb":{"@id":"https:\/\/essc-online.de\/v1\/schwimmsport\/masters\/#breadcrumb"},"inLanguage":"de","potentialAction":[{"@type":"ReadAction","target":["https:\/\/essc-online.de\/v1\/schwimmsport\/masters\/"]}]},{"@type":"BreadcrumbList","@id":"https:\/\/essc-online.de\/v1\/schwimmsport\/masters\/#breadcrumb","itemListElement":[{"@type":"ListItem","position":1,"name":"Startseite","item":"https:\/\/essc-online.de\/v1\/"},{"@type":"ListItem","position":2,"name":"Schwimmsport","item":"https:\/\/essc-online.de\/v1\/schwimmsport\/"},{"@type":"ListItem","position":3,"name":"Schwimmen f\u00fcr Erwachsene (Masters)"}]},{"@type":"WebSite","@id":"https:\/\/essc-online.de\/v1\/#website","url":"https:\/\/essc-online.de\/v1\/","name":"Erster Sodener Schwimm-Club 1927 e.V.","description":"","publisher":{"@id":"https:\/\/essc-online.de\/v1\/#organization"},"potentialAction":[{"@type":"SearchAction","target":{"@type":"EntryPoint","urlTemplate":"https:\/\/essc-online.de\/v1\/?s={search_term_string}"},"query-input":{"@type":"PropertyValueSpecification","valueRequired":true,"valueName":"search_term_string"}}],"inLanguage":"de"},{"@type":"Organization","@id":"https:\/\/essc-online.de\/v1\/#organization","name":"Erster Sodener Schwimm-Club 1927 e.V.","url":"https:\/\/essc-online.de\/v1\/","logo":{"@type":"ImageObject","inLanguage":"de","@id":"https:\/\/essc-online.de\/v1\/#\/schema\/logo\/image\/","url":"https:\/\/i0.wp.com\/essc-online.de\/v1\/wp-content\/uploads\/2025\/12\/Logo_ESSC.png?fit=640%2C193&ssl=1","contentUrl":"https:\/\/i0.wp.com\/essc-online.de\/v1\/wp-content\/uploads\/2025\/12\/Logo_ESSC.png?fit=640%2C193&ssl=1","width":640,"height":193,"caption":"Erster Sodener Schwimm-Club 1927 e.V."},"image":{"@id":"https:\/\/essc-online.de\/v1\/#\/schema\/logo\/image\/"}}]}},"jetpack_sharing_enabled":true,"_links":{"self":[{"href":"https:\/\/essc-online.de\/v1\/wp-json\/wp\/v2\/pages\/536","targetHints":{"allow":["GET"]}}],"collection":[{"href":"https:\/\/essc-online.de\/v1\/wp-json\/wp\/v2\/pages"}],"about":[{"href":"https:\/\/essc-online.de\/v1\/wp-json\/wp\/v2\/types\/page"}],"author":[{"embeddable":true,"href":"https:\/\/essc-online.de\/v1\/wp-json\/wp\/v2\/users\/4"}],"replies":[{"embeddable":true,"href":"https:\/\/essc-online.de\/v1\/wp-json\/wp\/v2\/comments?post=536"}],"version-history":[{"count":3,"href":"https:\/\/essc-online.de\/v1\/wp-json\/wp\/v2\/pages\/536\/revisions"}],"predecessor-version":[{"id":1554,"href":"https:\/\/essc-online.de\/v1\/wp-json\/wp\/v2\/pages\/536\/revisions\/1554"}],"up":[{"embeddable":true,"href":"https:\/\/essc-online.de\/v1\/wp-json\/wp\/v2\/pages\/60"}],"wp:attachment":[{"href":"https:\/\/essc-online.de\/v1\/wp-json\/wp\/v2\/media?parent=536"}],"curies":[{"name":"wp","href":"https:\/\/api.w.org\/{rel}","templated":true}]}}