{"id":560,"date":"2025-12-30T16:45:25","date_gmt":"2025-12-30T15:45:25","guid":{"rendered":"https:\/\/essc-online.de\/v1\/?page_id=560"},"modified":"2026-01-16T22:58:09","modified_gmt":"2026-01-16T21:58:09","slug":"wirbelsaeulengymnastik","status":"publish","type":"page","link":"https:\/\/essc-online.de\/v1\/fitness-bewegung\/wirbelsaeulengymnastik\/","title":{"rendered":"Wirbels\u00e4ulengymnastik"},"content":{"rendered":"\n<div class=\"wp-block-media-text is-stacked-on-mobile is-vertically-aligned-top\" style=\"grid-template-columns:58% auto\"><figure class=\"wp-block-media-text__media\"><img data-recalc-dims=\"1\" loading=\"lazy\" decoding=\"async\" width=\"605\" height=\"362\" src=\"https:\/\/i0.wp.com\/essc-online.de\/v1\/wp-content\/uploads\/2025\/12\/image-4.png?resize=605%2C362&#038;ssl=1\" alt=\"\" class=\"wp-image-561 size-full\" srcset=\"https:\/\/i0.wp.com\/essc-online.de\/v1\/wp-content\/uploads\/2025\/12\/image-4.png?w=640&amp;ssl=1 640w, https:\/\/i0.wp.com\/essc-online.de\/v1\/wp-content\/uploads\/2025\/12\/image-4.png?resize=300%2C180&amp;ssl=1 300w, https:\/\/i0.wp.com\/essc-online.de\/v1\/wp-content\/uploads\/2025\/12\/image-4.png?resize=100%2C60&amp;ssl=1 100w, https:\/\/i0.wp.com\/essc-online.de\/v1\/wp-content\/uploads\/2025\/12\/image-4.png?resize=150%2C90&amp;ssl=1 150w, https:\/\/i0.wp.com\/essc-online.de\/v1\/wp-content\/uploads\/2025\/12\/image-4.png?resize=200%2C120&amp;ssl=1 200w, https:\/\/i0.wp.com\/essc-online.de\/v1\/wp-content\/uploads\/2025\/12\/image-4.png?resize=450%2C269&amp;ssl=1 450w, https:\/\/i0.wp.com\/essc-online.de\/v1\/wp-content\/uploads\/2025\/12\/image-4.png?resize=600%2C359&amp;ssl=1 600w\" sizes=\"auto, (max-width: 605px) 100vw, 605px\" \/><\/figure><div class=\"wp-block-media-text__content\">\n<p>Das optimale Fitnesstraining f\u00fcr den R\u00fccken.<br>Ein gezieltes R\u00fcckentraining zur Kr\u00e4ftigung und Elastizit\u00e4tsverbesserung der Rumpfmuskulatur kann gegen Beschwerden vorbeugen und bestehende Probleme beheben.<\/p>\n\n\n\n<p><\/p>\n<\/div><\/div>\n\n\n\n<p>Die Motive zum Mitmachen sind bei den Teilnehmern g\u00e4nzlich verschieden: Bei dem einen war es ein warnendes Schmerz-Zeichen von der Wirbels\u00e4ule, beim anderen der Rat eines Arztes &#8222;etwas f\u00fcr die R\u00fcckenmuskulatur zu tun&#8220; und beim Dritten mag es eigene Einsicht in dem Sinn vorbeugender Ma\u00dfnahmen gewesen sein.Seit ein paar Jahren nun schon kommen sie alle, dreizehn an der Zahl, einmal in der Woche zusammen, in der R\u00fcckenschule des Dipl.-Sportlehrers Frank Bender im Gymnastikraum des ESSC, Bad Soden. Das Altersspektrum umfa\u00dft drei Jahrzehnte. Sie sind kein Freundeskreis im strengen Sinne, aber eine Gemeinschaft, f\u00fcr die der Dienstagabend zu einem Fixpunkt geworden ist, den sie nicht missen m\u00f6chten und der eisern von anderen Verpflichtungen freigehalten wird.<\/p>\n\n\n\n<p>Eine Stunde lang tun sie, was ihnen der \u00dcbungsleiter aufgibt &#8211; und dessen Kreativit\u00e4t im Ersinnen r\u00fcckenfreundlicher \u00dcbungen scheint schier unersch\u00f6pflich zu sein. Aber die Einsicht in das Notwendige und auch das Sp\u00fcren heilsamer Wirkungen obsiegen \u00fcber bisweilen aufkommende Unlust an der Anstrengung. Gelegentliche freundlich-stichelnde Bemerkungen, mit denen einzelne Mitglieder sich ein wenig Luft zu verschaffen versuchen, wei\u00df Frank Bender stets zu parieren; er hat die Gruppe fest &#8222;im Griff&#8220;.<\/p>\n\n\n\n<p>Ist die Stunde geschafft, gibt es zur Belohnung 15 Minuten wohlige Entspannungs-\u00dcbungen.<br>Und das Jahr klingt traditionell aus mit einem gemeinsamen vorweihnachtlichen Imbi\u00df im kurzerhand umger\u00fcsteten Gymnastikraum bei Pizza, Tiramisu (von Frank Bender pers\u00f6nlich bereitet) und Wein.<br>Alles in allem eine Sache, die zum Mitmachen einl\u00e4dt.<br><br><em>Dieter Schlatermund (Teilnehmer)<\/em><\/p>\n\n\n\n<hr class=\"wp-block-separator has-alpha-channel-opacity\"\/>\n\n\n\n<h3 class=\"wp-block-heading\" id=\"cc-m-header-12395923896\">Sportlehrer<\/h3>\n\n\n\n<div class=\"wp-block-columns is-layout-flex wp-container-core-columns-is-layout-9d6595d7 wp-block-columns-is-layout-flex\">\n<div class=\"wp-block-column is-layout-flow wp-block-column-is-layout-flow\" style=\"flex-basis:33.33%\">\n<figure class=\"wp-block-image size-full is-resized\"><img data-recalc-dims=\"1\" loading=\"lazy\" decoding=\"async\" width=\"320\" height=\"427\" src=\"https:\/\/i0.wp.com\/essc-online.de\/v1\/wp-content\/uploads\/2025\/12\/image-6.png?resize=320%2C427&#038;ssl=1\" alt=\"\" class=\"wp-image-566\" style=\"aspect-ratio:0.7494347826086957;width:201px;height:auto\" srcset=\"https:\/\/i0.wp.com\/essc-online.de\/v1\/wp-content\/uploads\/2025\/12\/image-6.png?w=320&amp;ssl=1 320w, https:\/\/i0.wp.com\/essc-online.de\/v1\/wp-content\/uploads\/2025\/12\/image-6.png?resize=225%2C300&amp;ssl=1 225w, https:\/\/i0.wp.com\/essc-online.de\/v1\/wp-content\/uploads\/2025\/12\/image-6.png?resize=100%2C133&amp;ssl=1 100w, https:\/\/i0.wp.com\/essc-online.de\/v1\/wp-content\/uploads\/2025\/12\/image-6.png?resize=150%2C200&amp;ssl=1 150w, https:\/\/i0.wp.com\/essc-online.de\/v1\/wp-content\/uploads\/2025\/12\/image-6.png?resize=200%2C267&amp;ssl=1 200w, https:\/\/i0.wp.com\/essc-online.de\/v1\/wp-content\/uploads\/2025\/12\/image-6.png?resize=300%2C400&amp;ssl=1 300w\" sizes=\"auto, (max-width: 320px) 100vw, 320px\" \/><\/figure>\n<\/div>\n\n\n\n<div class=\"wp-block-column is-vertically-aligned-top is-layout-flow wp-block-column-is-layout-flow\" style=\"flex-basis:66.66%\">\n<div class=\"wp-block-columns is-layout-flex wp-container-core-columns-is-layout-9d6595d7 wp-block-columns-is-layout-flex\">\n<div class=\"wp-block-column is-layout-flow wp-block-column-is-layout-flow\" style=\"flex-basis:66.66%\">\n<ul class=\"wp-block-list\">\n<li>Diplom-Sportstudium an der Deutschen Sporthochschule K\u00f6ln<\/li>\n\n\n\n<li>2 Jahre Sportlehrer und Schwimmtrainer in Takaoka-shi (Japan)<\/li>\n\n\n\n<li>Gr\u00fcnder von GENKI &#8211; Aqua-Sport und Gesundheit<\/li>\n\n\n\n<li>Seit 1997 Sportlehrer Wirbels\u00e4ulengymnastik<\/li>\n<\/ul>\n<\/div>\n<\/div>\n<\/div>\n<\/div>\n\n\n\n<p><strong>Frank Bender<\/strong>&nbsp;(E-mail:&nbsp;<a href=\"mailto:schwimmsport@essc-online.de\">schwimmsport@essc-online.de<\/a>)<\/p>\n\n\n\n<hr class=\"wp-block-separator has-alpha-channel-opacity\"\/>\n\n\n\n<p>Trainingszeiten und -orte finden Sie im\u00a0aktuellen\u00a0<a href=\"https:\/\/essc-online.de\/v1\/der-verein\/uebungsplan\/\"><strong>\u00dcbungsplan<\/strong><\/a><\/p>\n\n\n\n<p>Anschriften der&nbsp;<strong><a href=\"https:\/\/essc-online.de\/www.essc-online.de\/verein\/anschriften-%c3%bcbungsst%c3%a4tten\/index.html\"><strong>\u00dcbungsst\u00e4tten<\/strong><\/a><\/strong><\/p>\n","protected":false},"excerpt":{"rendered":"<p>Das optimale Fitnesstraining f\u00fcr den R\u00fccken.Ein gezieltes R\u00fcckentraining zur Kr\u00e4ftigung und Elastizit\u00e4tsverbesserung der Rumpfmuskulatur kann gegen Beschwerden vorbeugen und bestehende Probleme beheben. Die Motive zum Mitmachen sind bei den Teilnehmern g\u00e4nzlich verschieden: Bei dem einen war es ein warnendes Schmerz-Zeichen &hellip;<\/p>\n<p class=\"read-more\"> <a class=\"more-link\" href=\"https:\/\/essc-online.de\/v1\/fitness-bewegung\/wirbelsaeulengymnastik\/\"> <span class=\"screen-reader-text\">Wirbels\u00e4ulengymnastik<\/span> Weiterlesen &raquo;<\/a><\/p>\n","protected":false},"author":2,"featured_media":0,"parent":66,"menu_order":0,"comment_status":"closed","ping_status":"closed","template":"","meta":{"footnotes":""},"class_list":["post-560","page","type-page","status-publish","hentry"],"yoast_head":"<!-- This site is optimized with the Yoast SEO plugin v27.4 - https:\/\/yoast.com\/product\/yoast-seo-wordpress\/ -->\n<title>Wirbels\u00e4ulengymnastik - Erster Sodener Schwimm-Club 1927 e.V.<\/title>\n<meta name=\"robots\" content=\"index, follow, max-snippet:-1, max-image-preview:large, max-video-preview:-1\" \/>\n<link rel=\"canonical\" href=\"https:\/\/essc-online.de\/v1\/fitness-bewegung\/wirbelsaeulengymnastik\/\" \/>\n<meta property=\"og:locale\" content=\"de_DE\" \/>\n<meta property=\"og:type\" content=\"article\" \/>\n<meta property=\"og:title\" content=\"Wirbels\u00e4ulengymnastik - Erster Sodener Schwimm-Club 1927 e.V.\" \/>\n<meta property=\"og:description\" content=\"Das optimale Fitnesstraining f\u00fcr den R\u00fccken.Ein gezieltes R\u00fcckentraining zur Kr\u00e4ftigung und Elastizit\u00e4tsverbesserung der Rumpfmuskulatur kann gegen Beschwerden vorbeugen und bestehende Probleme beheben. Die Motive zum Mitmachen sind bei den Teilnehmern g\u00e4nzlich verschieden: Bei dem einen war es ein warnendes Schmerz-Zeichen &hellip; Wirbels\u00e4ulengymnastik Weiterlesen &raquo;\" \/>\n<meta property=\"og:url\" content=\"https:\/\/essc-online.de\/v1\/fitness-bewegung\/wirbelsaeulengymnastik\/\" \/>\n<meta property=\"og:site_name\" content=\"Erster Sodener Schwimm-Club 1927 e.V.\" \/>\n<meta property=\"article:modified_time\" content=\"2026-01-16T21:58:09+00:00\" \/>\n<meta property=\"og:image\" content=\"https:\/\/essc-online.de\/v1\/wp-content\/uploads\/2025\/12\/image-4.png\" \/>\n<meta name=\"twitter:card\" content=\"summary_large_image\" \/>\n<meta name=\"twitter:label1\" content=\"Gesch\u00e4tzte Lesezeit\" \/>\n\t<meta name=\"twitter:data1\" content=\"3\u00a0Minuten\" \/>\n<script type=\"application\/ld+json\" class=\"yoast-schema-graph\">{\"@context\":\"https:\\\/\\\/schema.org\",\"@graph\":[{\"@type\":\"WebPage\",\"@id\":\"https:\\\/\\\/essc-online.de\\\/v1\\\/fitness-bewegung\\\/wirbelsaeulengymnastik\\\/\",\"url\":\"https:\\\/\\\/essc-online.de\\\/v1\\\/fitness-bewegung\\\/wirbelsaeulengymnastik\\\/\",\"name\":\"Wirbels\u00e4ulengymnastik - Erster Sodener Schwimm-Club 1927 e.V.\",\"isPartOf\":{\"@id\":\"https:\\\/\\\/essc-online.de\\\/v1\\\/#website\"},\"primaryImageOfPage\":{\"@id\":\"https:\\\/\\\/essc-online.de\\\/v1\\\/fitness-bewegung\\\/wirbelsaeulengymnastik\\\/#primaryimage\"},\"image\":{\"@id\":\"https:\\\/\\\/essc-online.de\\\/v1\\\/fitness-bewegung\\\/wirbelsaeulengymnastik\\\/#primaryimage\"},\"thumbnailUrl\":\"https:\\\/\\\/essc-online.de\\\/v1\\\/wp-content\\\/uploads\\\/2025\\\/12\\\/image-4.png\",\"datePublished\":\"2025-12-30T15:45:25+00:00\",\"dateModified\":\"2026-01-16T21:58:09+00:00\",\"breadcrumb\":{\"@id\":\"https:\\\/\\\/essc-online.de\\\/v1\\\/fitness-bewegung\\\/wirbelsaeulengymnastik\\\/#breadcrumb\"},\"inLanguage\":\"de\",\"potentialAction\":[{\"@type\":\"ReadAction\",\"target\":[\"https:\\\/\\\/essc-online.de\\\/v1\\\/fitness-bewegung\\\/wirbelsaeulengymnastik\\\/\"]}]},{\"@type\":\"ImageObject\",\"inLanguage\":\"de\",\"@id\":\"https:\\\/\\\/essc-online.de\\\/v1\\\/fitness-bewegung\\\/wirbelsaeulengymnastik\\\/#primaryimage\",\"url\":\"https:\\\/\\\/i0.wp.com\\\/essc-online.de\\\/v1\\\/wp-content\\\/uploads\\\/2025\\\/12\\\/image-4.png?fit=640%2C383&ssl=1\",\"contentUrl\":\"https:\\\/\\\/i0.wp.com\\\/essc-online.de\\\/v1\\\/wp-content\\\/uploads\\\/2025\\\/12\\\/image-4.png?fit=640%2C383&ssl=1\",\"width\":640,\"height\":383,\"caption\":\"Wirbels\u00e4ulengymnastik im ESSC\"},{\"@type\":\"BreadcrumbList\",\"@id\":\"https:\\\/\\\/essc-online.de\\\/v1\\\/fitness-bewegung\\\/wirbelsaeulengymnastik\\\/#breadcrumb\",\"itemListElement\":[{\"@type\":\"ListItem\",\"position\":1,\"name\":\"Startseite\",\"item\":\"https:\\\/\\\/essc-online.de\\\/v1\\\/\"},{\"@type\":\"ListItem\",\"position\":2,\"name\":\"Fitness &#038; Bewegung\",\"item\":\"https:\\\/\\\/essc-online.de\\\/v1\\\/fitness-bewegung\\\/\"},{\"@type\":\"ListItem\",\"position\":3,\"name\":\"Wirbels\u00e4ulengymnastik\"}]},{\"@type\":\"WebSite\",\"@id\":\"https:\\\/\\\/essc-online.de\\\/v1\\\/#website\",\"url\":\"https:\\\/\\\/essc-online.de\\\/v1\\\/\",\"name\":\"Erster Sodener Schwimm-Club 1927 e.V.\",\"description\":\"\",\"publisher\":{\"@id\":\"https:\\\/\\\/essc-online.de\\\/v1\\\/#organization\"},\"potentialAction\":[{\"@type\":\"SearchAction\",\"target\":{\"@type\":\"EntryPoint\",\"urlTemplate\":\"https:\\\/\\\/essc-online.de\\\/v1\\\/?s={search_term_string}\"},\"query-input\":{\"@type\":\"PropertyValueSpecification\",\"valueRequired\":true,\"valueName\":\"search_term_string\"}}],\"inLanguage\":\"de\"},{\"@type\":\"Organization\",\"@id\":\"https:\\\/\\\/essc-online.de\\\/v1\\\/#organization\",\"name\":\"Erster Sodener Schwimm-Club 1927 e.V.\",\"url\":\"https:\\\/\\\/essc-online.de\\\/v1\\\/\",\"logo\":{\"@type\":\"ImageObject\",\"inLanguage\":\"de\",\"@id\":\"https:\\\/\\\/essc-online.de\\\/v1\\\/#\\\/schema\\\/logo\\\/image\\\/\",\"url\":\"https:\\\/\\\/i0.wp.com\\\/essc-online.de\\\/v1\\\/wp-content\\\/uploads\\\/2025\\\/12\\\/Logo_ESSC.png?fit=640%2C193&ssl=1\",\"contentUrl\":\"https:\\\/\\\/i0.wp.com\\\/essc-online.de\\\/v1\\\/wp-content\\\/uploads\\\/2025\\\/12\\\/Logo_ESSC.png?fit=640%2C193&ssl=1\",\"width\":640,\"height\":193,\"caption\":\"Erster Sodener Schwimm-Club 1927 e.V.\"},\"image\":{\"@id\":\"https:\\\/\\\/essc-online.de\\\/v1\\\/#\\\/schema\\\/logo\\\/image\\\/\"}}]}<\/script>\n<!-- \/ Yoast SEO plugin. -->","yoast_head_json":{"title":"Wirbels\u00e4ulengymnastik - Erster Sodener Schwimm-Club 1927 e.V.","robots":{"index":"index","follow":"follow","max-snippet":"max-snippet:-1","max-image-preview":"max-image-preview:large","max-video-preview":"max-video-preview:-1"},"canonical":"https:\/\/essc-online.de\/v1\/fitness-bewegung\/wirbelsaeulengymnastik\/","og_locale":"de_DE","og_type":"article","og_title":"Wirbels\u00e4ulengymnastik - Erster Sodener Schwimm-Club 1927 e.V.","og_description":"Das optimale Fitnesstraining f\u00fcr den R\u00fccken.Ein gezieltes R\u00fcckentraining zur Kr\u00e4ftigung und Elastizit\u00e4tsverbesserung der Rumpfmuskulatur kann gegen Beschwerden vorbeugen und bestehende Probleme beheben. Die Motive zum Mitmachen sind bei den Teilnehmern g\u00e4nzlich verschieden: Bei dem einen war es ein warnendes Schmerz-Zeichen &hellip; Wirbels\u00e4ulengymnastik Weiterlesen &raquo;","og_url":"https:\/\/essc-online.de\/v1\/fitness-bewegung\/wirbelsaeulengymnastik\/","og_site_name":"Erster Sodener Schwimm-Club 1927 e.V.","article_modified_time":"2026-01-16T21:58:09+00:00","og_image":[{"url":"https:\/\/essc-online.de\/v1\/wp-content\/uploads\/2025\/12\/image-4.png","type":"","width":"","height":""}],"twitter_card":"summary_large_image","twitter_misc":{"Gesch\u00e4tzte Lesezeit":"3\u00a0Minuten"},"schema":{"@context":"https:\/\/schema.org","@graph":[{"@type":"WebPage","@id":"https:\/\/essc-online.de\/v1\/fitness-bewegung\/wirbelsaeulengymnastik\/","url":"https:\/\/essc-online.de\/v1\/fitness-bewegung\/wirbelsaeulengymnastik\/","name":"Wirbels\u00e4ulengymnastik - Erster Sodener Schwimm-Club 1927 e.V.","isPartOf":{"@id":"https:\/\/essc-online.de\/v1\/#website"},"primaryImageOfPage":{"@id":"https:\/\/essc-online.de\/v1\/fitness-bewegung\/wirbelsaeulengymnastik\/#primaryimage"},"image":{"@id":"https:\/\/essc-online.de\/v1\/fitness-bewegung\/wirbelsaeulengymnastik\/#primaryimage"},"thumbnailUrl":"https:\/\/essc-online.de\/v1\/wp-content\/uploads\/2025\/12\/image-4.png","datePublished":"2025-12-30T15:45:25+00:00","dateModified":"2026-01-16T21:58:09+00:00","breadcrumb":{"@id":"https:\/\/essc-online.de\/v1\/fitness-bewegung\/wirbelsaeulengymnastik\/#breadcrumb"},"inLanguage":"de","potentialAction":[{"@type":"ReadAction","target":["https:\/\/essc-online.de\/v1\/fitness-bewegung\/wirbelsaeulengymnastik\/"]}]},{"@type":"ImageObject","inLanguage":"de","@id":"https:\/\/essc-online.de\/v1\/fitness-bewegung\/wirbelsaeulengymnastik\/#primaryimage","url":"https:\/\/i0.wp.com\/essc-online.de\/v1\/wp-content\/uploads\/2025\/12\/image-4.png?fit=640%2C383&ssl=1","contentUrl":"https:\/\/i0.wp.com\/essc-online.de\/v1\/wp-content\/uploads\/2025\/12\/image-4.png?fit=640%2C383&ssl=1","width":640,"height":383,"caption":"Wirbels\u00e4ulengymnastik im ESSC"},{"@type":"BreadcrumbList","@id":"https:\/\/essc-online.de\/v1\/fitness-bewegung\/wirbelsaeulengymnastik\/#breadcrumb","itemListElement":[{"@type":"ListItem","position":1,"name":"Startseite","item":"https:\/\/essc-online.de\/v1\/"},{"@type":"ListItem","position":2,"name":"Fitness &#038; Bewegung","item":"https:\/\/essc-online.de\/v1\/fitness-bewegung\/"},{"@type":"ListItem","position":3,"name":"Wirbels\u00e4ulengymnastik"}]},{"@type":"WebSite","@id":"https:\/\/essc-online.de\/v1\/#website","url":"https:\/\/essc-online.de\/v1\/","name":"Erster Sodener Schwimm-Club 1927 e.V.","description":"","publisher":{"@id":"https:\/\/essc-online.de\/v1\/#organization"},"potentialAction":[{"@type":"SearchAction","target":{"@type":"EntryPoint","urlTemplate":"https:\/\/essc-online.de\/v1\/?s={search_term_string}"},"query-input":{"@type":"PropertyValueSpecification","valueRequired":true,"valueName":"search_term_string"}}],"inLanguage":"de"},{"@type":"Organization","@id":"https:\/\/essc-online.de\/v1\/#organization","name":"Erster Sodener Schwimm-Club 1927 e.V.","url":"https:\/\/essc-online.de\/v1\/","logo":{"@type":"ImageObject","inLanguage":"de","@id":"https:\/\/essc-online.de\/v1\/#\/schema\/logo\/image\/","url":"https:\/\/i0.wp.com\/essc-online.de\/v1\/wp-content\/uploads\/2025\/12\/Logo_ESSC.png?fit=640%2C193&ssl=1","contentUrl":"https:\/\/i0.wp.com\/essc-online.de\/v1\/wp-content\/uploads\/2025\/12\/Logo_ESSC.png?fit=640%2C193&ssl=1","width":640,"height":193,"caption":"Erster Sodener Schwimm-Club 1927 e.V."},"image":{"@id":"https:\/\/essc-online.de\/v1\/#\/schema\/logo\/image\/"}}]}},"jetpack_sharing_enabled":true,"_links":{"self":[{"href":"https:\/\/essc-online.de\/v1\/wp-json\/wp\/v2\/pages\/560","targetHints":{"allow":["GET"]}}],"collection":[{"href":"https:\/\/essc-online.de\/v1\/wp-json\/wp\/v2\/pages"}],"about":[{"href":"https:\/\/essc-online.de\/v1\/wp-json\/wp\/v2\/types\/page"}],"author":[{"embeddable":true,"href":"https:\/\/essc-online.de\/v1\/wp-json\/wp\/v2\/users\/2"}],"replies":[{"embeddable":true,"href":"https:\/\/essc-online.de\/v1\/wp-json\/wp\/v2\/comments?post=560"}],"version-history":[{"count":3,"href":"https:\/\/essc-online.de\/v1\/wp-json\/wp\/v2\/pages\/560\/revisions"}],"predecessor-version":[{"id":1494,"href":"https:\/\/essc-online.de\/v1\/wp-json\/wp\/v2\/pages\/560\/revisions\/1494"}],"up":[{"embeddable":true,"href":"https:\/\/essc-online.de\/v1\/wp-json\/wp\/v2\/pages\/66"}],"wp:attachment":[{"href":"https:\/\/essc-online.de\/v1\/wp-json\/wp\/v2\/media?parent=560"}],"curies":[{"name":"wp","href":"https:\/\/api.w.org\/{rel}","templated":true}]}}