{"id":60,"date":"2025-11-30T22:42:12","date_gmt":"2025-11-30T21:42:12","guid":{"rendered":"https:\/\/essc-online.de\/v1\/?page_id=60"},"modified":"2026-02-10T22:22:14","modified_gmt":"2026-02-10T21:22:14","slug":"schwimmsport","status":"publish","type":"page","link":"https:\/\/essc-online.de\/v1\/schwimmsport\/","title":{"rendered":"Schwimmsport"},"content":{"rendered":"\n<div class=\"wp-block-columns is-layout-flex wp-container-core-columns-is-layout-9d6595d7 wp-block-columns-is-layout-flex\">\n<div class=\"wp-block-column is-layout-flow wp-block-column-is-layout-flow\">\n<h3 class=\"wp-block-heading\" id=\"cc-m-header-12126569496\"><\/h3>\n\n\n\n<figure class=\"wp-block-image is-resized\"><img data-recalc-dims=\"1\" decoding=\"async\" src=\"https:\/\/i0.wp.com\/image.jimcdn.com\/app\/cms\/image\/transf\/dimension%3D397x10000%3Aformat%3Djpg\/path\/sb40a1f9b51e0ff7c\/image\/i5cd7913c9b0972f9\/version\/1455833790\/image.jpg?w=605&#038;ssl=1\" alt=\"\" style=\"width:840px;height:auto\"\/><\/figure>\n\n\n\n<p>Im ESSC finden Schwimmanf\u00e4nger, Leistungs- und Mastersschwimmer ihren Platz.<\/p>\n\n\n\n<p>Der ESSC f\u00f6rdert den Leistungssport schon seit den Anf\u00e4ngen des Vereins. In den Jahren 2006\/2007 wurden der Nachwuchs und die Wettkampfmannschaft neu strukturiert. Seit dem geht es mit der Anzahl der aktiven Wettkampfschwimmer in unterschiedlichen Alters- und Leistungsgruppen stetig bergauf. Aktuell schwimmen wir regelm\u00e4\u00dfig auf ca. 40 Wettk\u00e4mpfen und Meisterschaften im Jahr. Unsere Wettkampfschwimmer starten auf Bezirks-, Hessischen und S\u00fcddeutschen Meisterschaften. Einige Schwimmer haben die notwendigen Ergebnisse f\u00fcr den Sprung in den Hessischen E-Kader und D-Kader sowie des HSV- Kader geschafft.<\/p>\n\n\n\n<p>Informationen zu unserer Mastersgruppe und dem Erwachsenenschwimmen finden Sie&nbsp;<a href=\"https:\/\/essc-online.jimdoweb.com\/schwimmsport\/masterschwimmen-erwachsene\/\">HIER<\/a>.<\/p>\n<\/div>\n<\/div>\n","protected":false},"excerpt":{"rendered":"<p>Im ESSC finden Schwimmanf\u00e4nger, Leistungs- und Mastersschwimmer ihren Platz. Der ESSC f\u00f6rdert den Leistungssport schon seit den Anf\u00e4ngen des Vereins. In den Jahren 2006\/2007 wurden der Nachwuchs und die Wettkampfmannschaft neu strukturiert. Seit dem geht es mit der Anzahl der &hellip;<\/p>\n<p class=\"read-more\"> <a class=\"more-link\" href=\"https:\/\/essc-online.de\/v1\/schwimmsport\/\"> <span class=\"screen-reader-text\">Schwimmsport<\/span> Weiterlesen &raquo;<\/a><\/p>\n","protected":false},"author":1,"featured_media":0,"parent":0,"menu_order":0,"comment_status":"closed","ping_status":"closed","template":"","meta":{"footnotes":""},"class_list":["post-60","page","type-page","status-publish","hentry"],"yoast_head":"<!-- This site is optimized with the Yoast SEO plugin v27.4 - https:\/\/yoast.com\/product\/yoast-seo-wordpress\/ -->\n<title>Schwimmsport - Erster Sodener Schwimm-Club 1927 e.V.<\/title>\n<meta name=\"robots\" content=\"index, follow, max-snippet:-1, max-image-preview:large, max-video-preview:-1\" \/>\n<link rel=\"canonical\" href=\"https:\/\/essc-online.de\/v1\/schwimmsport\/\" \/>\n<meta property=\"og:locale\" content=\"de_DE\" \/>\n<meta property=\"og:type\" content=\"article\" \/>\n<meta property=\"og:title\" content=\"Schwimmsport - Erster Sodener Schwimm-Club 1927 e.V.\" \/>\n<meta property=\"og:description\" content=\"Im ESSC finden Schwimmanf\u00e4nger, Leistungs- und Mastersschwimmer ihren Platz. Der ESSC f\u00f6rdert den Leistungssport schon seit den Anf\u00e4ngen des Vereins. In den Jahren 2006\/2007 wurden der Nachwuchs und die Wettkampfmannschaft neu strukturiert. Seit dem geht es mit der Anzahl der &hellip; Schwimmsport Weiterlesen &raquo;\" \/>\n<meta property=\"og:url\" content=\"https:\/\/essc-online.de\/v1\/schwimmsport\/\" \/>\n<meta property=\"og:site_name\" content=\"Erster Sodener Schwimm-Club 1927 e.V.\" \/>\n<meta property=\"article:modified_time\" content=\"2026-02-10T21:22:14+00:00\" \/>\n<meta property=\"og:image\" content=\"https:\/\/image.jimcdn.com\/app\/cms\/image\/transf\/dimension=397x10000:format=jpg\/path\/sb40a1f9b51e0ff7c\/image\/i5cd7913c9b0972f9\/version\/1455833790\/image.jpg\" \/>\n<meta name=\"twitter:card\" content=\"summary_large_image\" \/>\n<meta name=\"twitter:label1\" content=\"Gesch\u00e4tzte Lesezeit\" \/>\n\t<meta name=\"twitter:data1\" content=\"1\u00a0Minute\" \/>\n<script type=\"application\/ld+json\" class=\"yoast-schema-graph\">{\"@context\":\"https:\\\/\\\/schema.org\",\"@graph\":[{\"@type\":\"WebPage\",\"@id\":\"https:\\\/\\\/essc-online.de\\\/v1\\\/schwimmsport\\\/\",\"url\":\"https:\\\/\\\/essc-online.de\\\/v1\\\/schwimmsport\\\/\",\"name\":\"Schwimmsport - Erster Sodener Schwimm-Club 1927 e.V.\",\"isPartOf\":{\"@id\":\"https:\\\/\\\/essc-online.de\\\/v1\\\/#website\"},\"primaryImageOfPage\":{\"@id\":\"https:\\\/\\\/essc-online.de\\\/v1\\\/schwimmsport\\\/#primaryimage\"},\"image\":{\"@id\":\"https:\\\/\\\/essc-online.de\\\/v1\\\/schwimmsport\\\/#primaryimage\"},\"thumbnailUrl\":\"https:\\\/\\\/image.jimcdn.com\\\/app\\\/cms\\\/image\\\/transf\\\/dimension=397x10000:format=jpg\\\/path\\\/sb40a1f9b51e0ff7c\\\/image\\\/i5cd7913c9b0972f9\\\/version\\\/1455833790\\\/image.jpg\",\"datePublished\":\"2025-11-30T21:42:12+00:00\",\"dateModified\":\"2026-02-10T21:22:14+00:00\",\"breadcrumb\":{\"@id\":\"https:\\\/\\\/essc-online.de\\\/v1\\\/schwimmsport\\\/#breadcrumb\"},\"inLanguage\":\"de\",\"potentialAction\":[{\"@type\":\"ReadAction\",\"target\":[\"https:\\\/\\\/essc-online.de\\\/v1\\\/schwimmsport\\\/\"]}]},{\"@type\":\"ImageObject\",\"inLanguage\":\"de\",\"@id\":\"https:\\\/\\\/essc-online.de\\\/v1\\\/schwimmsport\\\/#primaryimage\",\"url\":\"https:\\\/\\\/image.jimcdn.com\\\/app\\\/cms\\\/image\\\/transf\\\/dimension=397x10000:format=jpg\\\/path\\\/sb40a1f9b51e0ff7c\\\/image\\\/i5cd7913c9b0972f9\\\/version\\\/1455833790\\\/image.jpg\",\"contentUrl\":\"https:\\\/\\\/image.jimcdn.com\\\/app\\\/cms\\\/image\\\/transf\\\/dimension=397x10000:format=jpg\\\/path\\\/sb40a1f9b51e0ff7c\\\/image\\\/i5cd7913c9b0972f9\\\/version\\\/1455833790\\\/image.jpg\"},{\"@type\":\"BreadcrumbList\",\"@id\":\"https:\\\/\\\/essc-online.de\\\/v1\\\/schwimmsport\\\/#breadcrumb\",\"itemListElement\":[{\"@type\":\"ListItem\",\"position\":1,\"name\":\"Startseite\",\"item\":\"https:\\\/\\\/essc-online.de\\\/v1\\\/\"},{\"@type\":\"ListItem\",\"position\":2,\"name\":\"Schwimmsport\"}]},{\"@type\":\"WebSite\",\"@id\":\"https:\\\/\\\/essc-online.de\\\/v1\\\/#website\",\"url\":\"https:\\\/\\\/essc-online.de\\\/v1\\\/\",\"name\":\"Erster Sodener Schwimm-Club 1927 e.V.\",\"description\":\"\",\"publisher\":{\"@id\":\"https:\\\/\\\/essc-online.de\\\/v1\\\/#organization\"},\"potentialAction\":[{\"@type\":\"SearchAction\",\"target\":{\"@type\":\"EntryPoint\",\"urlTemplate\":\"https:\\\/\\\/essc-online.de\\\/v1\\\/?s={search_term_string}\"},\"query-input\":{\"@type\":\"PropertyValueSpecification\",\"valueRequired\":true,\"valueName\":\"search_term_string\"}}],\"inLanguage\":\"de\"},{\"@type\":\"Organization\",\"@id\":\"https:\\\/\\\/essc-online.de\\\/v1\\\/#organization\",\"name\":\"Erster Sodener Schwimm-Club 1927 e.V.\",\"url\":\"https:\\\/\\\/essc-online.de\\\/v1\\\/\",\"logo\":{\"@type\":\"ImageObject\",\"inLanguage\":\"de\",\"@id\":\"https:\\\/\\\/essc-online.de\\\/v1\\\/#\\\/schema\\\/logo\\\/image\\\/\",\"url\":\"https:\\\/\\\/i0.wp.com\\\/essc-online.de\\\/v1\\\/wp-content\\\/uploads\\\/2025\\\/12\\\/Logo_ESSC.png?fit=640%2C193&ssl=1\",\"contentUrl\":\"https:\\\/\\\/i0.wp.com\\\/essc-online.de\\\/v1\\\/wp-content\\\/uploads\\\/2025\\\/12\\\/Logo_ESSC.png?fit=640%2C193&ssl=1\",\"width\":640,\"height\":193,\"caption\":\"Erster Sodener Schwimm-Club 1927 e.V.\"},\"image\":{\"@id\":\"https:\\\/\\\/essc-online.de\\\/v1\\\/#\\\/schema\\\/logo\\\/image\\\/\"}}]}<\/script>\n<!-- \/ Yoast SEO plugin. -->","yoast_head_json":{"title":"Schwimmsport - Erster Sodener Schwimm-Club 1927 e.V.","robots":{"index":"index","follow":"follow","max-snippet":"max-snippet:-1","max-image-preview":"max-image-preview:large","max-video-preview":"max-video-preview:-1"},"canonical":"https:\/\/essc-online.de\/v1\/schwimmsport\/","og_locale":"de_DE","og_type":"article","og_title":"Schwimmsport - Erster Sodener Schwimm-Club 1927 e.V.","og_description":"Im ESSC finden Schwimmanf\u00e4nger, Leistungs- und Mastersschwimmer ihren Platz. Der ESSC f\u00f6rdert den Leistungssport schon seit den Anf\u00e4ngen des Vereins. In den Jahren 2006\/2007 wurden der Nachwuchs und die Wettkampfmannschaft neu strukturiert. Seit dem geht es mit der Anzahl der &hellip; Schwimmsport Weiterlesen &raquo;","og_url":"https:\/\/essc-online.de\/v1\/schwimmsport\/","og_site_name":"Erster Sodener Schwimm-Club 1927 e.V.","article_modified_time":"2026-02-10T21:22:14+00:00","og_image":[{"url":"https:\/\/image.jimcdn.com\/app\/cms\/image\/transf\/dimension=397x10000:format=jpg\/path\/sb40a1f9b51e0ff7c\/image\/i5cd7913c9b0972f9\/version\/1455833790\/image.jpg","type":"","width":"","height":""}],"twitter_card":"summary_large_image","twitter_misc":{"Gesch\u00e4tzte Lesezeit":"1\u00a0Minute"},"schema":{"@context":"https:\/\/schema.org","@graph":[{"@type":"WebPage","@id":"https:\/\/essc-online.de\/v1\/schwimmsport\/","url":"https:\/\/essc-online.de\/v1\/schwimmsport\/","name":"Schwimmsport - Erster Sodener Schwimm-Club 1927 e.V.","isPartOf":{"@id":"https:\/\/essc-online.de\/v1\/#website"},"primaryImageOfPage":{"@id":"https:\/\/essc-online.de\/v1\/schwimmsport\/#primaryimage"},"image":{"@id":"https:\/\/essc-online.de\/v1\/schwimmsport\/#primaryimage"},"thumbnailUrl":"https:\/\/image.jimcdn.com\/app\/cms\/image\/transf\/dimension=397x10000:format=jpg\/path\/sb40a1f9b51e0ff7c\/image\/i5cd7913c9b0972f9\/version\/1455833790\/image.jpg","datePublished":"2025-11-30T21:42:12+00:00","dateModified":"2026-02-10T21:22:14+00:00","breadcrumb":{"@id":"https:\/\/essc-online.de\/v1\/schwimmsport\/#breadcrumb"},"inLanguage":"de","potentialAction":[{"@type":"ReadAction","target":["https:\/\/essc-online.de\/v1\/schwimmsport\/"]}]},{"@type":"ImageObject","inLanguage":"de","@id":"https:\/\/essc-online.de\/v1\/schwimmsport\/#primaryimage","url":"https:\/\/image.jimcdn.com\/app\/cms\/image\/transf\/dimension=397x10000:format=jpg\/path\/sb40a1f9b51e0ff7c\/image\/i5cd7913c9b0972f9\/version\/1455833790\/image.jpg","contentUrl":"https:\/\/image.jimcdn.com\/app\/cms\/image\/transf\/dimension=397x10000:format=jpg\/path\/sb40a1f9b51e0ff7c\/image\/i5cd7913c9b0972f9\/version\/1455833790\/image.jpg"},{"@type":"BreadcrumbList","@id":"https:\/\/essc-online.de\/v1\/schwimmsport\/#breadcrumb","itemListElement":[{"@type":"ListItem","position":1,"name":"Startseite","item":"https:\/\/essc-online.de\/v1\/"},{"@type":"ListItem","position":2,"name":"Schwimmsport"}]},{"@type":"WebSite","@id":"https:\/\/essc-online.de\/v1\/#website","url":"https:\/\/essc-online.de\/v1\/","name":"Erster Sodener Schwimm-Club 1927 e.V.","description":"","publisher":{"@id":"https:\/\/essc-online.de\/v1\/#organization"},"potentialAction":[{"@type":"SearchAction","target":{"@type":"EntryPoint","urlTemplate":"https:\/\/essc-online.de\/v1\/?s={search_term_string}"},"query-input":{"@type":"PropertyValueSpecification","valueRequired":true,"valueName":"search_term_string"}}],"inLanguage":"de"},{"@type":"Organization","@id":"https:\/\/essc-online.de\/v1\/#organization","name":"Erster Sodener Schwimm-Club 1927 e.V.","url":"https:\/\/essc-online.de\/v1\/","logo":{"@type":"ImageObject","inLanguage":"de","@id":"https:\/\/essc-online.de\/v1\/#\/schema\/logo\/image\/","url":"https:\/\/i0.wp.com\/essc-online.de\/v1\/wp-content\/uploads\/2025\/12\/Logo_ESSC.png?fit=640%2C193&ssl=1","contentUrl":"https:\/\/i0.wp.com\/essc-online.de\/v1\/wp-content\/uploads\/2025\/12\/Logo_ESSC.png?fit=640%2C193&ssl=1","width":640,"height":193,"caption":"Erster Sodener Schwimm-Club 1927 e.V."},"image":{"@id":"https:\/\/essc-online.de\/v1\/#\/schema\/logo\/image\/"}}]}},"jetpack_sharing_enabled":true,"_links":{"self":[{"href":"https:\/\/essc-online.de\/v1\/wp-json\/wp\/v2\/pages\/60","targetHints":{"allow":["GET"]}}],"collection":[{"href":"https:\/\/essc-online.de\/v1\/wp-json\/wp\/v2\/pages"}],"about":[{"href":"https:\/\/essc-online.de\/v1\/wp-json\/wp\/v2\/types\/page"}],"author":[{"embeddable":true,"href":"https:\/\/essc-online.de\/v1\/wp-json\/wp\/v2\/users\/1"}],"replies":[{"embeddable":true,"href":"https:\/\/essc-online.de\/v1\/wp-json\/wp\/v2\/comments?post=60"}],"version-history":[{"count":4,"href":"https:\/\/essc-online.de\/v1\/wp-json\/wp\/v2\/pages\/60\/revisions"}],"predecessor-version":[{"id":1705,"href":"https:\/\/essc-online.de\/v1\/wp-json\/wp\/v2\/pages\/60\/revisions\/1705"}],"wp:attachment":[{"href":"https:\/\/essc-online.de\/v1\/wp-json\/wp\/v2\/media?parent=60"}],"curies":[{"name":"wp","href":"https:\/\/api.w.org\/{rel}","templated":true}]}}