{"id":718,"date":"2025-12-30T18:41:59","date_gmt":"2025-12-30T17:41:59","guid":{"rendered":"https:\/\/essc-online.de\/v1\/?page_id=718"},"modified":"2026-04-17T22:41:22","modified_gmt":"2026-04-17T20:41:22","slug":"vorstand-und-geschaeftsstelle","status":"publish","type":"page","link":"https:\/\/essc-online.de\/v1\/vorstand-und-geschaeftsstelle\/","title":{"rendered":"Vorstand und Gesch\u00e4ftsstelle"},"content":{"rendered":"\n<h2 class=\"wp-block-heading\">Vorstand<\/h2>\n\n\n\n<div class=\"wp-block-media-text is-stacked-on-mobile\" style=\"grid-template-columns:24% auto\"><figure class=\"wp-block-media-text__media\"><img data-recalc-dims=\"1\" loading=\"lazy\" decoding=\"async\" width=\"232\" height=\"309\" src=\"https:\/\/i0.wp.com\/essc-online.de\/v1\/wp-content\/uploads\/2025\/12\/dirk.jpg?resize=232%2C309&#038;ssl=1\" alt=\"\" class=\"wp-image-720 size-full\" srcset=\"https:\/\/i0.wp.com\/essc-online.de\/v1\/wp-content\/uploads\/2025\/12\/dirk.jpg?w=232&amp;ssl=1 232w, https:\/\/i0.wp.com\/essc-online.de\/v1\/wp-content\/uploads\/2025\/12\/dirk.jpg?resize=225%2C300&amp;ssl=1 225w, https:\/\/i0.wp.com\/essc-online.de\/v1\/wp-content\/uploads\/2025\/12\/dirk.jpg?resize=100%2C133&amp;ssl=1 100w, https:\/\/i0.wp.com\/essc-online.de\/v1\/wp-content\/uploads\/2025\/12\/dirk.jpg?resize=150%2C200&amp;ssl=1 150w, https:\/\/i0.wp.com\/essc-online.de\/v1\/wp-content\/uploads\/2025\/12\/dirk.jpg?resize=200%2C266&amp;ssl=1 200w\" sizes=\"auto, (max-width: 232px) 100vw, 232px\" \/><\/figure><div class=\"wp-block-media-text__content\">\n<p><strong>Dirk M\u00fcller<\/strong><\/p>\n\n\n\n<p><strong>Vorstandsvorsitzender<\/strong><\/p>\n\n\n\n<p>06196-24406<\/p>\n\n\n\n<p><a href=\"mailto:vorsitzender@essc-online.de\">vorsitzender@essc-online.de<\/a><\/p>\n<\/div><\/div>\n\n\n\n<p> <\/p>\n\n\n\n<div class=\"wp-block-media-text is-stacked-on-mobile\" style=\"grid-template-columns:24% auto\"><figure class=\"wp-block-media-text__media\"><img data-recalc-dims=\"1\" loading=\"lazy\" decoding=\"async\" width=\"383\" height=\"458\" src=\"https:\/\/i0.wp.com\/essc-online.de\/v1\/wp-content\/uploads\/2025\/12\/gerald-bild-1.jpg?resize=383%2C458&#038;ssl=1\" alt=\"\" class=\"wp-image-721 size-full\" srcset=\"https:\/\/i0.wp.com\/essc-online.de\/v1\/wp-content\/uploads\/2025\/12\/gerald-bild-1.jpg?w=383&amp;ssl=1 383w, https:\/\/i0.wp.com\/essc-online.de\/v1\/wp-content\/uploads\/2025\/12\/gerald-bild-1.jpg?resize=251%2C300&amp;ssl=1 251w, https:\/\/i0.wp.com\/essc-online.de\/v1\/wp-content\/uploads\/2025\/12\/gerald-bild-1.jpg?resize=100%2C120&amp;ssl=1 100w, https:\/\/i0.wp.com\/essc-online.de\/v1\/wp-content\/uploads\/2025\/12\/gerald-bild-1.jpg?resize=150%2C179&amp;ssl=1 150w, https:\/\/i0.wp.com\/essc-online.de\/v1\/wp-content\/uploads\/2025\/12\/gerald-bild-1.jpg?resize=200%2C239&amp;ssl=1 200w, https:\/\/i0.wp.com\/essc-online.de\/v1\/wp-content\/uploads\/2025\/12\/gerald-bild-1.jpg?resize=300%2C359&amp;ssl=1 300w\" sizes=\"auto, (max-width: 383px) 100vw, 383px\" \/><\/figure><div class=\"wp-block-media-text__content\">\n<p><strong>Gerald Koch<\/strong><\/p>\n\n\n\n<p><strong>Finanzen<\/strong><\/p>\n\n\n\n<p><a href=\"mailto:finanzen@essc-online.de\">finanzen@essc-online.de<\/a><\/p>\n<\/div><\/div>\n\n\n\n<p> <\/p>\n\n\n\n<div class=\"wp-block-media-text is-stacked-on-mobile\" style=\"grid-template-columns:24% auto\"><figure class=\"wp-block-media-text__media\"><img data-recalc-dims=\"1\" loading=\"lazy\" decoding=\"async\" width=\"230\" height=\"311\" src=\"https:\/\/i0.wp.com\/essc-online.de\/v1\/wp-content\/uploads\/2025\/12\/renate-1.jpg?resize=230%2C311&#038;ssl=1\" alt=\"\" class=\"wp-image-725 size-full\" srcset=\"https:\/\/i0.wp.com\/essc-online.de\/v1\/wp-content\/uploads\/2025\/12\/renate-1.jpg?w=230&amp;ssl=1 230w, https:\/\/i0.wp.com\/essc-online.de\/v1\/wp-content\/uploads\/2025\/12\/renate-1.jpg?resize=222%2C300&amp;ssl=1 222w, https:\/\/i0.wp.com\/essc-online.de\/v1\/wp-content\/uploads\/2025\/12\/renate-1.jpg?resize=100%2C135&amp;ssl=1 100w, https:\/\/i0.wp.com\/essc-online.de\/v1\/wp-content\/uploads\/2025\/12\/renate-1.jpg?resize=150%2C203&amp;ssl=1 150w, https:\/\/i0.wp.com\/essc-online.de\/v1\/wp-content\/uploads\/2025\/12\/renate-1.jpg?resize=200%2C270&amp;ssl=1 200w\" sizes=\"auto, (max-width: 230px) 100vw, 230px\" \/><\/figure><div class=\"wp-block-media-text__content\">\n<p><strong>Renate Kubicek<\/strong><\/p>\n\n\n\n<p><strong>Schriftf\u00fchrerin<\/strong><\/p>\n\n\n\n<p>06196-25646<\/p>\n\n\n\n<p><a href=\"mailto:verwaltung@essc-online.de\">verwaltung@essc-online.de<\/a><\/p>\n<\/div><\/div>\n\n\n\n<p> <\/p>\n\n\n\n<div class=\"wp-block-media-text is-stacked-on-mobile\" style=\"grid-template-columns:24% auto\"><figure class=\"wp-block-media-text__media\"><img data-recalc-dims=\"1\" loading=\"lazy\" decoding=\"async\" width=\"232\" height=\"309\" src=\"https:\/\/i0.wp.com\/essc-online.de\/v1\/wp-content\/uploads\/2025\/12\/frank-1.jpg?resize=232%2C309&#038;ssl=1\" alt=\"\" class=\"wp-image-726 size-full\" srcset=\"https:\/\/i0.wp.com\/essc-online.de\/v1\/wp-content\/uploads\/2025\/12\/frank-1.jpg?w=232&amp;ssl=1 232w, https:\/\/i0.wp.com\/essc-online.de\/v1\/wp-content\/uploads\/2025\/12\/frank-1.jpg?resize=225%2C300&amp;ssl=1 225w, https:\/\/i0.wp.com\/essc-online.de\/v1\/wp-content\/uploads\/2025\/12\/frank-1.jpg?resize=100%2C133&amp;ssl=1 100w, https:\/\/i0.wp.com\/essc-online.de\/v1\/wp-content\/uploads\/2025\/12\/frank-1.jpg?resize=150%2C200&amp;ssl=1 150w, https:\/\/i0.wp.com\/essc-online.de\/v1\/wp-content\/uploads\/2025\/12\/frank-1.jpg?resize=200%2C266&amp;ssl=1 200w\" sizes=\"auto, (max-width: 232px) 100vw, 232px\" \/><\/figure><div class=\"wp-block-media-text__content\">\n<p><strong>Frank Bender<\/strong><\/p>\n\n\n\n<p><strong>Schwimmsport<\/strong><\/p>\n\n\n\n<p>06174-255858<\/p>\n\n\n\n<p><a href=\"mailto:schwimmsport@essc-online.de\">schwimmsport@essc-online.de<\/a><\/p>\n<\/div><\/div>\n\n\n\n<p> <\/p>\n\n\n\n<div class=\"wp-block-media-text is-stacked-on-mobile\" style=\"grid-template-columns:24% auto\"><figure class=\"wp-block-media-text__media\"><img data-recalc-dims=\"1\" loading=\"lazy\" decoding=\"async\" width=\"234\" height=\"312\" src=\"https:\/\/i0.wp.com\/essc-online.de\/v1\/wp-content\/uploads\/2025\/12\/annette-1.jpg?resize=234%2C312&#038;ssl=1\" alt=\"\" class=\"wp-image-728 size-full\" srcset=\"https:\/\/i0.wp.com\/essc-online.de\/v1\/wp-content\/uploads\/2025\/12\/annette-1.jpg?w=234&amp;ssl=1 234w, https:\/\/i0.wp.com\/essc-online.de\/v1\/wp-content\/uploads\/2025\/12\/annette-1.jpg?resize=225%2C300&amp;ssl=1 225w, https:\/\/i0.wp.com\/essc-online.de\/v1\/wp-content\/uploads\/2025\/12\/annette-1.jpg?resize=100%2C133&amp;ssl=1 100w, https:\/\/i0.wp.com\/essc-online.de\/v1\/wp-content\/uploads\/2025\/12\/annette-1.jpg?resize=150%2C200&amp;ssl=1 150w, https:\/\/i0.wp.com\/essc-online.de\/v1\/wp-content\/uploads\/2025\/12\/annette-1.jpg?resize=200%2C267&amp;ssl=1 200w\" sizes=\"auto, (max-width: 234px) 100vw, 234px\" \/><\/figure><div class=\"wp-block-media-text__content\">\n<p><strong>Annette G\u00e4\u00dfler<\/strong><\/p>\n\n\n\n<p><strong>Synchronschwimmen<\/strong><\/p>\n\n\n\n<p>0172-5312655<\/p>\n\n\n\n<p><a href=\"mailto:synchroanfaenger@essc-online.de\">synchro@essc-online.de<\/a><\/p>\n<\/div><\/div>\n\n\n\n<hr class=\"wp-block-separator has-alpha-channel-opacity is-style-wide\"\/>\n\n\n\n<h2 class=\"wp-block-heading\">Jugendsprecher<\/h2>\n\n\n\n<div class=\"wp-block-media-text is-stacked-on-mobile\" style=\"grid-template-columns:24% auto\"><figure class=\"wp-block-media-text__media\"><img data-recalc-dims=\"1\" loading=\"lazy\" decoding=\"async\" width=\"252\" height=\"356\" src=\"https:\/\/i0.wp.com\/essc-online.de\/v1\/wp-content\/uploads\/2025\/12\/leonard-1.jpg?resize=252%2C356&#038;ssl=1\" alt=\"\" class=\"wp-image-731 size-full\" srcset=\"https:\/\/i0.wp.com\/essc-online.de\/v1\/wp-content\/uploads\/2025\/12\/leonard-1.jpg?w=252&amp;ssl=1 252w, https:\/\/i0.wp.com\/essc-online.de\/v1\/wp-content\/uploads\/2025\/12\/leonard-1.jpg?resize=212%2C300&amp;ssl=1 212w, https:\/\/i0.wp.com\/essc-online.de\/v1\/wp-content\/uploads\/2025\/12\/leonard-1.jpg?resize=100%2C141&amp;ssl=1 100w, https:\/\/i0.wp.com\/essc-online.de\/v1\/wp-content\/uploads\/2025\/12\/leonard-1.jpg?resize=150%2C212&amp;ssl=1 150w, https:\/\/i0.wp.com\/essc-online.de\/v1\/wp-content\/uploads\/2025\/12\/leonard-1.jpg?resize=200%2C283&amp;ssl=1 200w\" sizes=\"auto, (max-width: 252px) 100vw, 252px\" \/><\/figure><div class=\"wp-block-media-text__content\">\n<p><strong>Leonard Kunz<\/strong><\/p>\n\n\n\n<p><a href=\"mailto:jugend@essc-online.de\">jugend@essc-online.de<\/a><\/p>\n<\/div><\/div>\n\n\n\n<hr class=\"wp-block-separator has-alpha-channel-opacity is-style-wide\"\/>\n\n\n\n<h2 class=\"wp-block-heading\">Gesch\u00e4ftsstelle<\/h2>\n\n\n\n<div class=\"wp-block-media-text is-stacked-on-mobile\" style=\"grid-template-columns:24% auto\"><figure class=\"wp-block-media-text__media\"><img data-recalc-dims=\"1\" loading=\"lazy\" decoding=\"async\" width=\"226\" height=\"273\" src=\"https:\/\/i0.wp.com\/essc-online.de\/v1\/wp-content\/uploads\/2025\/12\/ulli-1.jpg?resize=226%2C273&#038;ssl=1\" alt=\"\" class=\"wp-image-737 size-full\" srcset=\"https:\/\/i0.wp.com\/essc-online.de\/v1\/wp-content\/uploads\/2025\/12\/ulli-1.jpg?w=226&amp;ssl=1 226w, https:\/\/i0.wp.com\/essc-online.de\/v1\/wp-content\/uploads\/2025\/12\/ulli-1.jpg?resize=100%2C121&amp;ssl=1 100w, https:\/\/i0.wp.com\/essc-online.de\/v1\/wp-content\/uploads\/2025\/12\/ulli-1.jpg?resize=150%2C181&amp;ssl=1 150w, https:\/\/i0.wp.com\/essc-online.de\/v1\/wp-content\/uploads\/2025\/12\/ulli-1.jpg?resize=200%2C242&amp;ssl=1 200w\" sizes=\"auto, (max-width: 226px) 100vw, 226px\" \/><\/figure><div class=\"wp-block-media-text__content\">\n<p><strong><br>Mitgliederverwaltung<\/strong><\/p>\n\n\n\n<p>Ulli M\u00fcller<\/p>\n\n\n\n<p>06196-24406<\/p>\n\n\n\n<p><a href=\"mailto:mv@essc-online.de\">mv@essc-online.de<\/a><\/p>\n<\/div><\/div>\n\n\n\n<p> <\/p>\n\n\n\n<div class=\"wp-block-media-text is-stacked-on-mobile\" style=\"grid-template-columns:24% auto\"><figure class=\"wp-block-media-text__media\"><img data-recalc-dims=\"1\" loading=\"lazy\" decoding=\"async\" width=\"228\" height=\"287\" src=\"https:\/\/i0.wp.com\/essc-online.de\/v1\/wp-content\/uploads\/2025\/12\/uli-1.jpg?resize=228%2C287&#038;ssl=1\" alt=\"\" class=\"wp-image-739 size-full\" srcset=\"https:\/\/i0.wp.com\/essc-online.de\/v1\/wp-content\/uploads\/2025\/12\/uli-1.jpg?w=228&amp;ssl=1 228w, https:\/\/i0.wp.com\/essc-online.de\/v1\/wp-content\/uploads\/2025\/12\/uli-1.jpg?resize=100%2C126&amp;ssl=1 100w, https:\/\/i0.wp.com\/essc-online.de\/v1\/wp-content\/uploads\/2025\/12\/uli-1.jpg?resize=150%2C189&amp;ssl=1 150w, https:\/\/i0.wp.com\/essc-online.de\/v1\/wp-content\/uploads\/2025\/12\/uli-1.jpg?resize=200%2C252&amp;ssl=1 200w\" sizes=\"auto, (max-width: 228px) 100vw, 228px\" \/><\/figure><div class=\"wp-block-media-text__content\">\n<p><strong>Presse, Homepage, Social Media, Karate<\/strong><\/p>\n\n\n\n<p>Ulrike (Uli) Z\u00f6ller<\/p>\n\n\n\n<p><a href=\"mailto:pr@essc-online.de\">info@essc-online.de<\/a><\/p>\n\n\n\n<p><a href=\"mailto:karate@essc-online.de\">karate@essc-online.de<\/a><\/p>\n<\/div><\/div>\n\n\n\n<hr class=\"wp-block-separator has-alpha-channel-opacity is-style-wide\"\/>\n\n\n\n<h2 class=\"wp-block-heading\"><strong>Alle Vorsitzende seit 24. Mai 1927<\/strong><\/h2>\n\n\n\n<div class=\"wp-block-buttons is-layout-flex wp-block-buttons-is-layout-flex\">\n<div class=\"wp-block-button\"><a class=\"wp-block-button__link wp-element-button\" href=\"https:\/\/essc-online.de\/v1\/wp-content\/uploads\/2025\/12\/ESSC-Vorsitzende.pdf\">DOWNLOAD<\/a><\/div>\n<\/div>\n\n\n\n<p><\/p>\n","protected":false},"excerpt":{"rendered":"<p>Vorstand Dirk M\u00fcller Vorstandsvorsitzender 06196-24406 vorsitzender@essc-online.de Gerald Koch Finanzen finanzen@essc-online.de Renate Kubicek Schriftf\u00fchrerin 06196-25646 verwaltung@essc-online.de Frank Bender Schwimmsport 06174-255858 schwimmsport@essc-online.de Annette G\u00e4\u00dfler Synchronschwimmen 0172-5312655 synchro@essc-online.de Jugendsprecher Leonard Kunz jugend@essc-online.de Gesch\u00e4ftsstelle Mitgliederverwaltung Ulli M\u00fcller 06196-24406 mv@essc-online.de Presse, Homepage, Social Media, Karate &hellip;<\/p>\n<p class=\"read-more\"> <a class=\"more-link\" href=\"https:\/\/essc-online.de\/v1\/vorstand-und-geschaeftsstelle\/\"> <span class=\"screen-reader-text\">Vorstand und Gesch\u00e4ftsstelle<\/span> Weiterlesen &raquo;<\/a><\/p>\n","protected":false},"author":6,"featured_media":0,"parent":0,"menu_order":0,"comment_status":"closed","ping_status":"closed","template":"","meta":{"footnotes":""},"class_list":["post-718","page","type-page","status-publish","hentry"],"yoast_head":"<!-- This site is optimized with the Yoast SEO plugin v27.4 - https:\/\/yoast.com\/product\/yoast-seo-wordpress\/ -->\n<title>Vorstand und Gesch\u00e4ftsstelle - Erster Sodener Schwimm-Club 1927 e.V.<\/title>\n<meta name=\"robots\" content=\"index, follow, max-snippet:-1, max-image-preview:large, max-video-preview:-1\" \/>\n<link rel=\"canonical\" href=\"https:\/\/essc-online.de\/v1\/vorstand-und-geschaeftsstelle\/\" \/>\n<meta property=\"og:locale\" content=\"de_DE\" \/>\n<meta property=\"og:type\" content=\"article\" \/>\n<meta property=\"og:title\" content=\"Vorstand und Gesch\u00e4ftsstelle - Erster Sodener Schwimm-Club 1927 e.V.\" \/>\n<meta property=\"og:description\" content=\"Vorstand Dirk M\u00fcller Vorstandsvorsitzender 06196-24406 vorsitzender@essc-online.de Gerald Koch Finanzen finanzen@essc-online.de Renate Kubicek Schriftf\u00fchrerin 06196-25646 verwaltung@essc-online.de Frank Bender Schwimmsport 06174-255858 schwimmsport@essc-online.de Annette G\u00e4\u00dfler Synchronschwimmen 0172-5312655 synchro@essc-online.de Jugendsprecher Leonard Kunz jugend@essc-online.de Gesch\u00e4ftsstelle Mitgliederverwaltung Ulli M\u00fcller 06196-24406 mv@essc-online.de Presse, Homepage, Social Media, Karate &hellip; Vorstand und Gesch\u00e4ftsstelle Weiterlesen &raquo;\" \/>\n<meta property=\"og:url\" content=\"https:\/\/essc-online.de\/v1\/vorstand-und-geschaeftsstelle\/\" \/>\n<meta property=\"og:site_name\" content=\"Erster Sodener Schwimm-Club 1927 e.V.\" \/>\n<meta property=\"article:modified_time\" content=\"2026-04-17T20:41:22+00:00\" \/>\n<meta property=\"og:image\" content=\"https:\/\/essc-online.de\/v1\/wp-content\/uploads\/2025\/12\/dirk.jpg\" \/>\n<meta name=\"twitter:card\" content=\"summary_large_image\" \/>\n<meta name=\"twitter:label1\" content=\"Gesch\u00e4tzte Lesezeit\" \/>\n\t<meta name=\"twitter:data1\" content=\"2\u00a0Minuten\" \/>\n<script type=\"application\/ld+json\" class=\"yoast-schema-graph\">{\"@context\":\"https:\\\/\\\/schema.org\",\"@graph\":[{\"@type\":\"WebPage\",\"@id\":\"https:\\\/\\\/essc-online.de\\\/v1\\\/vorstand-und-geschaeftsstelle\\\/\",\"url\":\"https:\\\/\\\/essc-online.de\\\/v1\\\/vorstand-und-geschaeftsstelle\\\/\",\"name\":\"Vorstand und Gesch\u00e4ftsstelle - Erster Sodener Schwimm-Club 1927 e.V.\",\"isPartOf\":{\"@id\":\"https:\\\/\\\/essc-online.de\\\/v1\\\/#website\"},\"primaryImageOfPage\":{\"@id\":\"https:\\\/\\\/essc-online.de\\\/v1\\\/vorstand-und-geschaeftsstelle\\\/#primaryimage\"},\"image\":{\"@id\":\"https:\\\/\\\/essc-online.de\\\/v1\\\/vorstand-und-geschaeftsstelle\\\/#primaryimage\"},\"thumbnailUrl\":\"https:\\\/\\\/essc-online.de\\\/v1\\\/wp-content\\\/uploads\\\/2025\\\/12\\\/dirk.jpg\",\"datePublished\":\"2025-12-30T17:41:59+00:00\",\"dateModified\":\"2026-04-17T20:41:22+00:00\",\"breadcrumb\":{\"@id\":\"https:\\\/\\\/essc-online.de\\\/v1\\\/vorstand-und-geschaeftsstelle\\\/#breadcrumb\"},\"inLanguage\":\"de\",\"potentialAction\":[{\"@type\":\"ReadAction\",\"target\":[\"https:\\\/\\\/essc-online.de\\\/v1\\\/vorstand-und-geschaeftsstelle\\\/\"]}]},{\"@type\":\"ImageObject\",\"inLanguage\":\"de\",\"@id\":\"https:\\\/\\\/essc-online.de\\\/v1\\\/vorstand-und-geschaeftsstelle\\\/#primaryimage\",\"url\":\"https:\\\/\\\/i0.wp.com\\\/essc-online.de\\\/v1\\\/wp-content\\\/uploads\\\/2025\\\/12\\\/dirk.jpg?fit=232%2C309&ssl=1\",\"contentUrl\":\"https:\\\/\\\/i0.wp.com\\\/essc-online.de\\\/v1\\\/wp-content\\\/uploads\\\/2025\\\/12\\\/dirk.jpg?fit=232%2C309&ssl=1\",\"width\":232,\"height\":309,\"caption\":\"Dirk M\u00fcller\"},{\"@type\":\"BreadcrumbList\",\"@id\":\"https:\\\/\\\/essc-online.de\\\/v1\\\/vorstand-und-geschaeftsstelle\\\/#breadcrumb\",\"itemListElement\":[{\"@type\":\"ListItem\",\"position\":1,\"name\":\"Startseite\",\"item\":\"https:\\\/\\\/essc-online.de\\\/v1\\\/\"},{\"@type\":\"ListItem\",\"position\":2,\"name\":\"Vorstand und Gesch\u00e4ftsstelle\"}]},{\"@type\":\"WebSite\",\"@id\":\"https:\\\/\\\/essc-online.de\\\/v1\\\/#website\",\"url\":\"https:\\\/\\\/essc-online.de\\\/v1\\\/\",\"name\":\"Erster Sodener Schwimm-Club 1927 e.V.\",\"description\":\"\",\"publisher\":{\"@id\":\"https:\\\/\\\/essc-online.de\\\/v1\\\/#organization\"},\"potentialAction\":[{\"@type\":\"SearchAction\",\"target\":{\"@type\":\"EntryPoint\",\"urlTemplate\":\"https:\\\/\\\/essc-online.de\\\/v1\\\/?s={search_term_string}\"},\"query-input\":{\"@type\":\"PropertyValueSpecification\",\"valueRequired\":true,\"valueName\":\"search_term_string\"}}],\"inLanguage\":\"de\"},{\"@type\":\"Organization\",\"@id\":\"https:\\\/\\\/essc-online.de\\\/v1\\\/#organization\",\"name\":\"Erster Sodener Schwimm-Club 1927 e.V.\",\"url\":\"https:\\\/\\\/essc-online.de\\\/v1\\\/\",\"logo\":{\"@type\":\"ImageObject\",\"inLanguage\":\"de\",\"@id\":\"https:\\\/\\\/essc-online.de\\\/v1\\\/#\\\/schema\\\/logo\\\/image\\\/\",\"url\":\"https:\\\/\\\/i0.wp.com\\\/essc-online.de\\\/v1\\\/wp-content\\\/uploads\\\/2025\\\/12\\\/Logo_ESSC.png?fit=640%2C193&ssl=1\",\"contentUrl\":\"https:\\\/\\\/i0.wp.com\\\/essc-online.de\\\/v1\\\/wp-content\\\/uploads\\\/2025\\\/12\\\/Logo_ESSC.png?fit=640%2C193&ssl=1\",\"width\":640,\"height\":193,\"caption\":\"Erster Sodener Schwimm-Club 1927 e.V.\"},\"image\":{\"@id\":\"https:\\\/\\\/essc-online.de\\\/v1\\\/#\\\/schema\\\/logo\\\/image\\\/\"}}]}<\/script>\n<!-- \/ Yoast SEO plugin. -->","yoast_head_json":{"title":"Vorstand und Gesch\u00e4ftsstelle - Erster Sodener Schwimm-Club 1927 e.V.","robots":{"index":"index","follow":"follow","max-snippet":"max-snippet:-1","max-image-preview":"max-image-preview:large","max-video-preview":"max-video-preview:-1"},"canonical":"https:\/\/essc-online.de\/v1\/vorstand-und-geschaeftsstelle\/","og_locale":"de_DE","og_type":"article","og_title":"Vorstand und Gesch\u00e4ftsstelle - Erster Sodener Schwimm-Club 1927 e.V.","og_description":"Vorstand Dirk M\u00fcller Vorstandsvorsitzender 06196-24406 vorsitzender@essc-online.de Gerald Koch Finanzen finanzen@essc-online.de Renate Kubicek Schriftf\u00fchrerin 06196-25646 verwaltung@essc-online.de Frank Bender Schwimmsport 06174-255858 schwimmsport@essc-online.de Annette G\u00e4\u00dfler Synchronschwimmen 0172-5312655 synchro@essc-online.de Jugendsprecher Leonard Kunz jugend@essc-online.de Gesch\u00e4ftsstelle Mitgliederverwaltung Ulli M\u00fcller 06196-24406 mv@essc-online.de Presse, Homepage, Social Media, Karate &hellip; Vorstand und Gesch\u00e4ftsstelle Weiterlesen &raquo;","og_url":"https:\/\/essc-online.de\/v1\/vorstand-und-geschaeftsstelle\/","og_site_name":"Erster Sodener Schwimm-Club 1927 e.V.","article_modified_time":"2026-04-17T20:41:22+00:00","og_image":[{"url":"https:\/\/essc-online.de\/v1\/wp-content\/uploads\/2025\/12\/dirk.jpg","type":"","width":"","height":""}],"twitter_card":"summary_large_image","twitter_misc":{"Gesch\u00e4tzte Lesezeit":"2\u00a0Minuten"},"schema":{"@context":"https:\/\/schema.org","@graph":[{"@type":"WebPage","@id":"https:\/\/essc-online.de\/v1\/vorstand-und-geschaeftsstelle\/","url":"https:\/\/essc-online.de\/v1\/vorstand-und-geschaeftsstelle\/","name":"Vorstand und Gesch\u00e4ftsstelle - Erster Sodener Schwimm-Club 1927 e.V.","isPartOf":{"@id":"https:\/\/essc-online.de\/v1\/#website"},"primaryImageOfPage":{"@id":"https:\/\/essc-online.de\/v1\/vorstand-und-geschaeftsstelle\/#primaryimage"},"image":{"@id":"https:\/\/essc-online.de\/v1\/vorstand-und-geschaeftsstelle\/#primaryimage"},"thumbnailUrl":"https:\/\/essc-online.de\/v1\/wp-content\/uploads\/2025\/12\/dirk.jpg","datePublished":"2025-12-30T17:41:59+00:00","dateModified":"2026-04-17T20:41:22+00:00","breadcrumb":{"@id":"https:\/\/essc-online.de\/v1\/vorstand-und-geschaeftsstelle\/#breadcrumb"},"inLanguage":"de","potentialAction":[{"@type":"ReadAction","target":["https:\/\/essc-online.de\/v1\/vorstand-und-geschaeftsstelle\/"]}]},{"@type":"ImageObject","inLanguage":"de","@id":"https:\/\/essc-online.de\/v1\/vorstand-und-geschaeftsstelle\/#primaryimage","url":"https:\/\/i0.wp.com\/essc-online.de\/v1\/wp-content\/uploads\/2025\/12\/dirk.jpg?fit=232%2C309&ssl=1","contentUrl":"https:\/\/i0.wp.com\/essc-online.de\/v1\/wp-content\/uploads\/2025\/12\/dirk.jpg?fit=232%2C309&ssl=1","width":232,"height":309,"caption":"Dirk M\u00fcller"},{"@type":"BreadcrumbList","@id":"https:\/\/essc-online.de\/v1\/vorstand-und-geschaeftsstelle\/#breadcrumb","itemListElement":[{"@type":"ListItem","position":1,"name":"Startseite","item":"https:\/\/essc-online.de\/v1\/"},{"@type":"ListItem","position":2,"name":"Vorstand und Gesch\u00e4ftsstelle"}]},{"@type":"WebSite","@id":"https:\/\/essc-online.de\/v1\/#website","url":"https:\/\/essc-online.de\/v1\/","name":"Erster Sodener Schwimm-Club 1927 e.V.","description":"","publisher":{"@id":"https:\/\/essc-online.de\/v1\/#organization"},"potentialAction":[{"@type":"SearchAction","target":{"@type":"EntryPoint","urlTemplate":"https:\/\/essc-online.de\/v1\/?s={search_term_string}"},"query-input":{"@type":"PropertyValueSpecification","valueRequired":true,"valueName":"search_term_string"}}],"inLanguage":"de"},{"@type":"Organization","@id":"https:\/\/essc-online.de\/v1\/#organization","name":"Erster Sodener Schwimm-Club 1927 e.V.","url":"https:\/\/essc-online.de\/v1\/","logo":{"@type":"ImageObject","inLanguage":"de","@id":"https:\/\/essc-online.de\/v1\/#\/schema\/logo\/image\/","url":"https:\/\/i0.wp.com\/essc-online.de\/v1\/wp-content\/uploads\/2025\/12\/Logo_ESSC.png?fit=640%2C193&ssl=1","contentUrl":"https:\/\/i0.wp.com\/essc-online.de\/v1\/wp-content\/uploads\/2025\/12\/Logo_ESSC.png?fit=640%2C193&ssl=1","width":640,"height":193,"caption":"Erster Sodener Schwimm-Club 1927 e.V."},"image":{"@id":"https:\/\/essc-online.de\/v1\/#\/schema\/logo\/image\/"}}]}},"jetpack_sharing_enabled":true,"_links":{"self":[{"href":"https:\/\/essc-online.de\/v1\/wp-json\/wp\/v2\/pages\/718","targetHints":{"allow":["GET"]}}],"collection":[{"href":"https:\/\/essc-online.de\/v1\/wp-json\/wp\/v2\/pages"}],"about":[{"href":"https:\/\/essc-online.de\/v1\/wp-json\/wp\/v2\/types\/page"}],"author":[{"embeddable":true,"href":"https:\/\/essc-online.de\/v1\/wp-json\/wp\/v2\/users\/6"}],"replies":[{"embeddable":true,"href":"https:\/\/essc-online.de\/v1\/wp-json\/wp\/v2\/comments?post=718"}],"version-history":[{"count":6,"href":"https:\/\/essc-online.de\/v1\/wp-json\/wp\/v2\/pages\/718\/revisions"}],"predecessor-version":[{"id":2359,"href":"https:\/\/essc-online.de\/v1\/wp-json\/wp\/v2\/pages\/718\/revisions\/2359"}],"wp:attachment":[{"href":"https:\/\/essc-online.de\/v1\/wp-json\/wp\/v2\/media?parent=718"}],"curies":[{"name":"wp","href":"https:\/\/api.w.org\/{rel}","templated":true}]}}